{"id":14087,"date":"2021-11-03T10:25:45","date_gmt":"2021-11-03T10:25:45","guid":{"rendered":"https:\/\/topcultures.com\/about-us\/"},"modified":"2025-01-23T17:27:56","modified_gmt":"2025-01-23T17:27:56","slug":"about-us","status":"publish","type":"page","link":"https:\/\/www.topcultures.com\/de\/about-us\/","title":{"rendered":"\u00dcber TopCultures"},"content":{"rendered":"<p>Die Geschichte von Topcultures begann im Jahr 1976, als der Gr\u00fcnder Erik, damals noch ein Teenager, einen Artikel \u00fcber Harryet Marsman las. Sie war eine der ersten Personen, die f\u00fcr Soja und seine gesundheitlichen Vorteile warb. Da Erik schon damals ein starkes Interesse an gesunden und nachhaltigen Lebensmitteln hatte, fuhr sein Gro\u00dfvater mit ihm in die Niederlande, um Harryet Marsman zu treffen. Sie schenkte ihm ihr Buch &#8222;Leven met Soya&#8220; (&#8222;Leben mit Soja&#8220;). In diesem Buch erkl\u00e4rte sie auch, wie man Tempeh herstellt.<\/p>\n<p>Erik versuchte daraufhin, sein eigenes Tempeh herzustellen. Der erste Versuch war nicht erfolgreich. Ein paar Jahre sp\u00e4ter versuchte er es erneut, und dieses Mal war es ein gro\u00dfer Erfolg. In der Zwischenzeit hatte er auch sein Studium des Agraringenieurswesens abgeschlossen, was ebenfalls hilfreich gewesen sein k\u00f6nnte.<\/p>\n<p>In den folgenden Jahren stellte Erik weiterhin Tempeh f\u00fcr sich und seine Familie her. Im Jahr 2002 beschloss er, dass es an der Zeit war, sein Wissen und seinen Tempeh Starter mit der Welt zu teilen und gr\u00fcndete Topcultures.<\/p>\n<p>Topcultures hat es sich zur Aufgabe gemacht, seine Kunden mit den besten Startern zu versorgen, damit die ganze Welt in den Genuss des raffinierten Geschmacks und der gesundheitlichen Vorteile von fermentierten Sojabohnen kommen kann.<\/p>\n<h2>Kontaktangaben<\/h2>\n<p>TopCultures bv<br \/>\nVennenlaan 3<br \/>\n2980 Zoersel<br \/>\nBelgien<br \/>\nE-Mail: info@topcultures.com<\/p>\n","protected":false},"excerpt":{"rendered":"<p>Die Geschichte von Topcultures begann im Jahr 1976, als der Gr\u00fcnder Erik, damals noch ein Teenager, einen Artikel \u00fcber Harryet Marsman las. Sie war eine der ersten Personen, die f\u00fcr Soja und seine gesundheitlichen Vorteile warb. Da Erik schon damals ein starkes Interesse an gesunden und nachhaltigen Lebensmitteln hatte, fuhr sein Gro\u00dfvater mit ihm in [&hellip;]<\/p>\n","protected":false},"author":1,"featured_media":0,"parent":0,"menu_order":10,"comment_status":"closed","ping_status":"closed","template":"","meta":{"footnotes":""},"class_list":["post-14087","page","type-page","status-publish","hentry"],"yoast_head":"<!-- This site is optimized with the Yoast SEO plugin v27.6 - https:\/\/yoast.com\/product\/yoast-seo-wordpress\/ -->\n<title>\u00dcber Topcultures<\/title>\n<meta name=\"description\" content=\"\u00dcber Topcultures, Hersteller von Tempeh Starters und anderen Starters.\" \/>\n<meta name=\"robots\" content=\"index, follow, max-snippet:-1, max-image-preview:large, max-video-preview:-1\" \/>\n<link rel=\"canonical\" href=\"https:\/\/www.topcultures.com\/de\/about-us\/\" \/>\n<meta property=\"og:locale\" content=\"de_DE\" \/>\n<meta property=\"og:type\" content=\"article\" \/>\n<meta property=\"og:title\" content=\"\u00dcber Topcultures\" \/>\n<meta property=\"og:description\" content=\"\u00dcber Topcultures, Hersteller von Tempeh Starters und anderen Starters.\" \/>\n<meta property=\"og:url\" content=\"https:\/\/www.topcultures.com\/de\/about-us\/\" \/>\n<meta property=\"og:site_name\" content=\"TopCultures\" \/>\n<meta property=\"article:publisher\" content=\"https:\/\/www.facebook.com\/TopCultures-220325045442717\" \/>\n<meta property=\"article:modified_time\" content=\"2025-01-23T17:27:56+00:00\" \/>\n<meta name=\"twitter:card\" content=\"summary_large_image\" \/>\n<script type=\"application\/ld+json\" class=\"yoast-schema-graph\">{\"@context\":\"https:\\\/\\\/schema.org\",\"@graph\":[{\"@type\":\"WebPage\",\"@id\":\"https:\\\/\\\/www.topcultures.com\\\/de\\\/about-us\\\/\",\"url\":\"https:\\\/\\\/www.topcultures.com\\\/de\\\/about-us\\\/\",\"name\":\"\u00dcber Topcultures\",\"isPartOf\":{\"@id\":\"https:\\\/\\\/www.topcultures.com\\\/de\\\/#website\"},\"datePublished\":\"2021-11-03T10:25:45+00:00\",\"dateModified\":\"2025-01-23T17:27:56+00:00\",\"description\":\"\u00dcber Topcultures, Hersteller von Tempeh Starters und anderen Starters.\",\"breadcrumb\":{\"@id\":\"https:\\\/\\\/www.topcultures.com\\\/de\\\/about-us\\\/#breadcrumb\"},\"inLanguage\":\"de\",\"potentialAction\":[{\"@type\":\"ReadAction\",\"target\":[\"https:\\\/\\\/www.topcultures.com\\\/de\\\/about-us\\\/\"]}]},{\"@type\":\"BreadcrumbList\",\"@id\":\"https:\\\/\\\/www.topcultures.com\\\/de\\\/about-us\\\/#breadcrumb\",\"itemListElement\":[{\"@type\":\"ListItem\",\"position\":1,\"name\":\"Home\",\"item\":\"https:\\\/\\\/www.topcultures.com\\\/de\\\/\"},{\"@type\":\"ListItem\",\"position\":2,\"name\":\"\u00dcber TopCultures\"}]},{\"@type\":\"WebSite\",\"@id\":\"https:\\\/\\\/www.topcultures.com\\\/de\\\/#website\",\"url\":\"https:\\\/\\\/www.topcultures.com\\\/de\\\/\",\"name\":\"TopCultures\",\"description\":\"Producer of cultures\",\"publisher\":{\"@id\":\"https:\\\/\\\/www.topcultures.com\\\/de\\\/#organization\"},\"potentialAction\":[{\"@type\":\"SearchAction\",\"target\":{\"@type\":\"EntryPoint\",\"urlTemplate\":\"https:\\\/\\\/www.topcultures.com\\\/de\\\/?s={search_term_string}\"},\"query-input\":{\"@type\":\"PropertyValueSpecification\",\"valueRequired\":true,\"valueName\":\"search_term_string\"}}],\"inLanguage\":\"de\"},{\"@type\":\"Organization\",\"@id\":\"https:\\\/\\\/www.topcultures.com\\\/de\\\/#organization\",\"name\":\"TopCultures\",\"url\":\"https:\\\/\\\/www.topcultures.com\\\/de\\\/\",\"logo\":{\"@type\":\"ImageObject\",\"inLanguage\":\"de\",\"@id\":\"https:\\\/\\\/www.topcultures.com\\\/de\\\/#\\\/schema\\\/logo\\\/image\\\/\",\"url\":\"https:\\\/\\\/www.topcultures.com\\\/wp-content\\\/uploads\\\/2018\\\/10\\\/logo-2.jpg\",\"contentUrl\":\"https:\\\/\\\/www.topcultures.com\\\/wp-content\\\/uploads\\\/2018\\\/10\\\/logo-2.jpg\",\"width\":510,\"height\":98,\"caption\":\"TopCultures\"},\"image\":{\"@id\":\"https:\\\/\\\/www.topcultures.com\\\/de\\\/#\\\/schema\\\/logo\\\/image\\\/\"},\"sameAs\":[\"https:\\\/\\\/www.facebook.com\\\/TopCultures-220325045442717\"]}]}<\/script>\n<!-- \/ Yoast SEO plugin. -->","yoast_head_json":{"title":"\u00dcber Topcultures","description":"\u00dcber Topcultures, Hersteller von Tempeh Starters und anderen Starters.","robots":{"index":"index","follow":"follow","max-snippet":"max-snippet:-1","max-image-preview":"max-image-preview:large","max-video-preview":"max-video-preview:-1"},"canonical":"https:\/\/www.topcultures.com\/de\/about-us\/","og_locale":"de_DE","og_type":"article","og_title":"\u00dcber Topcultures","og_description":"\u00dcber Topcultures, Hersteller von Tempeh Starters und anderen Starters.","og_url":"https:\/\/www.topcultures.com\/de\/about-us\/","og_site_name":"TopCultures","article_publisher":"https:\/\/www.facebook.com\/TopCultures-220325045442717","article_modified_time":"2025-01-23T17:27:56+00:00","twitter_card":"summary_large_image","schema":{"@context":"https:\/\/schema.org","@graph":[{"@type":"WebPage","@id":"https:\/\/www.topcultures.com\/de\/about-us\/","url":"https:\/\/www.topcultures.com\/de\/about-us\/","name":"\u00dcber Topcultures","isPartOf":{"@id":"https:\/\/www.topcultures.com\/de\/#website"},"datePublished":"2021-11-03T10:25:45+00:00","dateModified":"2025-01-23T17:27:56+00:00","description":"\u00dcber Topcultures, Hersteller von Tempeh Starters und anderen Starters.","breadcrumb":{"@id":"https:\/\/www.topcultures.com\/de\/about-us\/#breadcrumb"},"inLanguage":"de","potentialAction":[{"@type":"ReadAction","target":["https:\/\/www.topcultures.com\/de\/about-us\/"]}]},{"@type":"BreadcrumbList","@id":"https:\/\/www.topcultures.com\/de\/about-us\/#breadcrumb","itemListElement":[{"@type":"ListItem","position":1,"name":"Home","item":"https:\/\/www.topcultures.com\/de\/"},{"@type":"ListItem","position":2,"name":"\u00dcber TopCultures"}]},{"@type":"WebSite","@id":"https:\/\/www.topcultures.com\/de\/#website","url":"https:\/\/www.topcultures.com\/de\/","name":"TopCultures","description":"Producer of cultures","publisher":{"@id":"https:\/\/www.topcultures.com\/de\/#organization"},"potentialAction":[{"@type":"SearchAction","target":{"@type":"EntryPoint","urlTemplate":"https:\/\/www.topcultures.com\/de\/?s={search_term_string}"},"query-input":{"@type":"PropertyValueSpecification","valueRequired":true,"valueName":"search_term_string"}}],"inLanguage":"de"},{"@type":"Organization","@id":"https:\/\/www.topcultures.com\/de\/#organization","name":"TopCultures","url":"https:\/\/www.topcultures.com\/de\/","logo":{"@type":"ImageObject","inLanguage":"de","@id":"https:\/\/www.topcultures.com\/de\/#\/schema\/logo\/image\/","url":"https:\/\/www.topcultures.com\/wp-content\/uploads\/2018\/10\/logo-2.jpg","contentUrl":"https:\/\/www.topcultures.com\/wp-content\/uploads\/2018\/10\/logo-2.jpg","width":510,"height":98,"caption":"TopCultures"},"image":{"@id":"https:\/\/www.topcultures.com\/de\/#\/schema\/logo\/image\/"},"sameAs":["https:\/\/www.facebook.com\/TopCultures-220325045442717"]}]}},"_links":{"self":[{"href":"https:\/\/www.topcultures.com\/de\/wp-json\/wp\/v2\/pages\/14087","targetHints":{"allow":["GET"]}}],"collection":[{"href":"https:\/\/www.topcultures.com\/de\/wp-json\/wp\/v2\/pages"}],"about":[{"href":"https:\/\/www.topcultures.com\/de\/wp-json\/wp\/v2\/types\/page"}],"author":[{"embeddable":true,"href":"https:\/\/www.topcultures.com\/de\/wp-json\/wp\/v2\/users\/1"}],"replies":[{"embeddable":true,"href":"https:\/\/www.topcultures.com\/de\/wp-json\/wp\/v2\/comments?post=14087"}],"version-history":[{"count":1,"href":"https:\/\/www.topcultures.com\/de\/wp-json\/wp\/v2\/pages\/14087\/revisions"}],"predecessor-version":[{"id":26666,"href":"https:\/\/www.topcultures.com\/de\/wp-json\/wp\/v2\/pages\/14087\/revisions\/26666"}],"wp:attachment":[{"href":"https:\/\/www.topcultures.com\/de\/wp-json\/wp\/v2\/media?parent=14087"}],"curies":[{"name":"wp","href":"https:\/\/api.w.org\/{rel}","templated":true}]}}