{"id":14301,"date":"2021-11-14T09:51:56","date_gmt":"2021-11-14T09:51:56","guid":{"rendered":"https:\/\/topcultures.com\/allgemeine-geschaeftsbedingungen-datenschutz-kontakt\/"},"modified":"2025-11-24T21:16:59","modified_gmt":"2025-11-24T21:16:59","slug":"allgemeine-geschaeftsbedingungen-datenschutz-kontakt","status":"publish","type":"page","link":"https:\/\/www.topcultures.com\/de\/allgemeine-geschaeftsbedingungen-datenschutz-kontakt\/","title":{"rendered":"Allgemeine Gesch\u00e4ftsbedingungen &#8211; Datenschutz &#8211; Kontakt"},"content":{"rendered":"<p>Diese Allgemeinen Verkaufsbedingungen (AVB) regeln den Verkauf von Produkten, die auf dieser Website an Kunden verkauft werden. Jede Bestellung durch den Kunden impliziert seine Zustimmung ohne jeden Vorbehalt zu den AVB. Die AVB gelten nur f\u00fcr die Beziehungen zwischen TopCultures und dem Kunden, unter Ausschluss aller vom Kunden stammenden Dokumente. Eine Abweichung von den AVB kann nur durch eine schriftliche Vereinbarung erfolgen, die von TopCultures ordnungsgem\u00e4\u00df ausgefertigt wurde.<\/p>\n<h3>Kontaktangaben<\/h3>\n<p>TopCultures bv<br \/>\nVennenlaan 3<br \/>\nB-2980 Zoersel<br \/>\nTel: +32 479644899<br \/>\nE-Mail: info@topcultures.com<\/p>\n<h3>Gew\u00e4hrleistungen und Zusicherungen des Kunden<\/h3>\n<p>Der Kunde garantiert und sichert TopCultures zu, dass er vollj\u00e4hrig ist und die volle Gesch\u00e4ftsf\u00e4higkeit besitzt, um sich in Bezug auf diese AGB zu verpflichten. Der Kunde garantiert und sichert TopCultures zu, dass der Erwerb der Produkte in keinem Zusammenhang mit einer beruflichen T\u00e4tigkeit steht und ausschlie\u00dflich f\u00fcr den privaten Gebrauch bestimmt ist.<\/p>\n<h3>Bestellungen<\/h3>\n<p>Die Bestellungen k\u00f6nnen nur \u00fcber diese Website erfolgen, indem man das angegebene Verfahren befolgt. Die Bestellung ist verbindlich, sobald der Kunde seine Bestellung durch Anklicken des Buttons &#8222;Bestellung best\u00e4tigen&#8220; best\u00e4tigt. Sobald die Bestellung best\u00e4tigt wurde, erh\u00e4lt der Kunde eine E-Mail-Best\u00e4tigung, die die Annahme der Bestellung durch TopCultures bedeutet. TopCultures beh\u00e4lt sich jedoch das Recht vor, eine Bestellung zu stornieren oder nicht zu best\u00e4tigen, wenn der Kunde nicht zahlt, insolvent ist oder in Zahlungsverzug ger\u00e4t.<\/p>\n<h3>Preis<\/h3>\n<p>Die Preise der auf dieser Website ver\u00f6ffentlichten Produkte sind in Euro zu verstehen, einschlie\u00dflich aller Kosten und Steuern, mit Ausnahme der Zoll- und Einfuhrkosten f\u00fcr Lieferungen au\u00dferhalb der Europ\u00e4ischen Union. Alle Preise sind inklusive Mehrwertsteuer.<\/p>\n<h3>Versandbedingungen<\/h3>\n<p>Wir berechnen eine Versandkostenpauschale von 5,00\u20ac bis 6,00\u20ac f\u00fcr alle L\u00e4nder, unabh\u00e4ngig davon, wie viele Starter Sie bestellen.<br \/>\nWir versenden per Post innerhalb von 2 Werktagen nach Zahlungseingang. Die Bestellungen werden ohne Tracking-Code ausgeliefert. Das genaue Lieferdatum kann nicht im Voraus garantiert werden und h\u00e4ngt vom Zielland ab, dauert aber in der Regel drei bis zehn Arbeitstage. Es ist m\u00f6glich, dass der Zoll Ihr Paket kontrolliert, in diesem Fall kann die Lieferung l\u00e4nger dauern. Wenn Ihre Bestellung nicht innerhalb eines Monats nach Zahlungseingang eintrifft und die von Ihnen angegebene Adresse korrekt und vollst\u00e4ndig ist, senden wir Ihnen Ihre Bestellung erneut zu oder bieten Ihnen eine vollst\u00e4ndige R\u00fcckerstattung an.<br \/>\nTopcultures ist nicht verantwortlich f\u00fcr Zoll und Steuern, die auf Ihre Bestellung erhoben werden. Alle Geb\u00fchren, die w\u00e4hrend oder nach dem Versand erhoben werden, liegen in der Verantwortung des Kunden (Z\u00f6lle, Steuern, etc.).<\/p>\n<h3>Widerruf<\/h3>\n<p>Gem\u00e4\u00df dem belgischen Gesetz \u00fcber Handelspraktiken und Verbraucherinformation und -schutz hat der Kunde das Recht, TopCultures mitzuteilen, dass er innerhalb von sieben Werktagen ab dem Tag nach der Lieferung auf den Erwerb verzichtet, und zwar ohne jegliche Strafe und ohne Angabe von Gr\u00fcnden. In diesem Fall muss der Kunde auf seine Kosten die unge\u00f6ffneten und unbesch\u00e4digten Produkte an TopCultures zur\u00fccksenden. Innerhalb von drei\u00dfig 30 Tagen nach Erhalt erstattet TopCultures den vollen Preis des Produkts, einschlie\u00dflich der Verpackungs- und Lieferkosten. Nach dieser Frist von sieben 7 Werktagen wird die Lieferung des Produkts als zufriedenstellend angesehen und, au\u00dfer bei verborgenen M\u00e4ngeln des Produkts, kann keine Reklamation an TopCultures gerichtet werden.<\/p>\n<h3>Verantwortung<\/h3>\n<p>TopCultures lehnt jede Haftung in F\u00e4llen h\u00f6herer Gewalt ab, einschlie\u00dflich eines Bruchs der Lagerbest\u00e4nde, staatlicher Ma\u00dfnahmen, Streiks oder wenn die vom Kunden gelieferten Informationen unrichtig oder unvollst\u00e4ndig sind. Die Produkte entsprechen den belgischen und europ\u00e4ischen Vorschriften. TopCultures kann nicht f\u00fcr die Nichtkonformit\u00e4t der Produkte mit den gesetzlichen Vorschriften oder der Gesetzgebung anderer L\u00e4nder haftbar gemacht werden. Kunden, die unsere Starter erhalten, sind f\u00fcr deren sichere Lagerung, Handhabung und Verwendung verantwortlich. TopCultures kann keine Anspr\u00fcche ber\u00fccksichtigen und keine Verantwortung f\u00fcr Sch\u00e4den oder Verletzungen \u00fcbernehmen, die durch die Verwendung seiner Starter entstehen.<\/p>\n<h3>Lebensmittelsicherheit von rohem Tempeh<\/h3>\n<p>Rohes Tempeh oder Oncom muss mindestens 60 Sekunden lang auf eine Innentemperatur von mindestens 80\u00b0C (176\u00b0F) gekocht werden. Nach dem Umgang mit rohem Tempeh oder Oncom sollten Sie Ihre H\u00e4nde und alle Oberfl\u00e4chen, Schneidebretter, Messer und Utensilien mit Seife und hei\u00dfem Wasser waschen.<\/p>\n<h3>Informationen auf dieser Website verf\u00fcgbar<\/h3>\n<p>Trotz aller Bem\u00fchungen von TopCultures kann es bei der Aktualisierung der auf der Website dargestellten Informationen zu Ungenauigkeiten, Fehlern oder Auslassungen kommen. TopCultures kann f\u00fcr diese ungenauen oder unrichtigen Informationen oder Auslassungen nicht haftbar gemacht werden, auch nicht f\u00fcr den Fall, dass der Preis auf der Website eindeutig falsch ist.<\/p>\n<h3>Geistiges Eigentum<\/h3>\n<p>Die Marken, Namen, Logos, Verpackungen und die Zusammensetzung der Produkte, ob eingetragen oder nicht, sind geistiges Eigentum von TopCultures, und der Kunde ist nur berechtigt, sie f\u00fcr private Zwecke zu nutzen. Jegliche teilweise oder vollst\u00e4ndige Reproduktion der Website und jedes Textes oder Bildes, das auf der Website erscheint, ist strengstens untersagt.<\/p>\n<h3>Konflikte<\/h3>\n<p>Alle Rechtsstreitigkeiten, die nicht g\u00fctlich beigelegt werden k\u00f6nnen, werden vom Handelsgericht Turnhout in niederl\u00e4ndischer Sprache endg\u00fcltig entschieden. Das belgische Recht ist das einzige anwendbare Recht.<\/p>\n<h3>Datenschutz &#8211; GDPR<\/h3>\n<p>TopCultures verpflichtet sich, die vom Kunden zur Verf\u00fcgung gestellten Daten gem\u00e4\u00df der geltenden Gesetzgebung zu behandeln, insbesondere gem\u00e4\u00df dem belgischen Gesetz vom 8. Dezember 1992 \u00fcber den Schutz der Privatsph\u00e4re und den europ\u00e4ischen GDPR-Vorschriften. Die Daten des Kunden k\u00f6nnen von TopCultures verwendet werden, um ihm kommerzielle Angebote oder Informationen \u00fcber seine Produkte zuzusenden, werden aber nicht an Dritte weitergegeben. In \u00dcbereinstimmung mit der Gesetzgebung hat der Kunde das Recht, auf seine pers\u00f6nlichen Daten zuzugreifen, sie zu berichtigen oder ihre L\u00f6schung zu verlangen. Dieses Recht kann durch Kontaktaufnahme mit TopCultures ausge\u00fcbt werden.<\/p>\n<h3>Cookies<\/h3>\n<p>Diese Website verwendet nur wichtige Cookies. Sie erm\u00f6glichen es uns, Benutzersitzungen aufrechtzuerhalten und Sicherheitsbedrohungen zu verhindern. Sie sammeln und speichern keine pers\u00f6nlichen Informationen. Diese Cookies erm\u00f6glichen es Ihnen zum Beispiel, sich in Ihr Konto einzuloggen, Produkte in Ihren Warenkorb zu legen und sicher zur Kasse zu gehen.<\/p>\n","protected":false},"excerpt":{"rendered":"<p>Diese Allgemeinen Verkaufsbedingungen (AVB) regeln den Verkauf von Produkten, die auf dieser Website an Kunden verkauft werden. Jede Bestellung durch den Kunden impliziert seine Zustimmung ohne jeden Vorbehalt zu den AVB. Die AVB gelten nur f\u00fcr die Beziehungen zwischen TopCultures und dem Kunden, unter Ausschluss aller vom Kunden stammenden Dokumente. Eine Abweichung von den AVB [&hellip;]<\/p>\n","protected":false},"author":1,"featured_media":0,"parent":0,"menu_order":0,"comment_status":"closed","ping_status":"closed","template":"","meta":{"footnotes":""},"class_list":["post-14301","page","type-page","status-publish","hentry"],"yoast_head":"<!-- This site is optimized with the Yoast SEO plugin v27.6 - https:\/\/yoast.com\/product\/yoast-seo-wordpress\/ -->\n<title>Allgemeine Gesch\u00e4ftsbedingungen - Datenschutz - Kontakt - TopCultures<\/title>\n<meta name=\"robots\" content=\"noindex, follow\" \/>\n<meta property=\"og:locale\" content=\"de_DE\" \/>\n<meta property=\"og:type\" content=\"article\" \/>\n<meta property=\"og:title\" content=\"Allgemeine Gesch\u00e4ftsbedingungen - Datenschutz - Kontakt - TopCultures\" \/>\n<meta property=\"og:description\" content=\"Diese Allgemeinen Verkaufsbedingungen (AVB) regeln den Verkauf von Produkten, die auf dieser Website an Kunden verkauft werden. Jede Bestellung durch den Kunden impliziert seine Zustimmung ohne jeden Vorbehalt zu den AVB. Die AVB gelten nur f\u00fcr die Beziehungen zwischen TopCultures und dem Kunden, unter Ausschluss aller vom Kunden stammenden Dokumente. Eine Abweichung von den AVB [&hellip;]\" \/>\n<meta property=\"og:url\" content=\"https:\/\/www.topcultures.com\/de\/allgemeine-geschaeftsbedingungen-datenschutz-kontakt\/\" \/>\n<meta property=\"og:site_name\" content=\"TopCultures\" \/>\n<meta property=\"article:publisher\" content=\"https:\/\/www.facebook.com\/TopCultures-220325045442717\" \/>\n<meta property=\"article:modified_time\" content=\"2025-11-24T21:16:59+00:00\" \/>\n<meta name=\"twitter:card\" content=\"summary_large_image\" \/>\n<script type=\"application\/ld+json\" class=\"yoast-schema-graph\">{\"@context\":\"https:\\\/\\\/schema.org\",\"@graph\":[{\"@type\":\"WebPage\",\"@id\":\"https:\\\/\\\/www.topcultures.com\\\/de\\\/allgemeine-geschaeftsbedingungen-datenschutz-kontakt\\\/\",\"url\":\"https:\\\/\\\/www.topcultures.com\\\/de\\\/allgemeine-geschaeftsbedingungen-datenschutz-kontakt\\\/\",\"name\":\"Allgemeine Gesch\u00e4ftsbedingungen - Datenschutz - Kontakt - TopCultures\",\"isPartOf\":{\"@id\":\"https:\\\/\\\/www.topcultures.com\\\/de\\\/#website\"},\"datePublished\":\"2021-11-14T09:51:56+00:00\",\"dateModified\":\"2025-11-24T21:16:59+00:00\",\"breadcrumb\":{\"@id\":\"https:\\\/\\\/www.topcultures.com\\\/de\\\/allgemeine-geschaeftsbedingungen-datenschutz-kontakt\\\/#breadcrumb\"},\"inLanguage\":\"de\",\"potentialAction\":[{\"@type\":\"ReadAction\",\"target\":[\"https:\\\/\\\/www.topcultures.com\\\/de\\\/allgemeine-geschaeftsbedingungen-datenschutz-kontakt\\\/\"]}]},{\"@type\":\"BreadcrumbList\",\"@id\":\"https:\\\/\\\/www.topcultures.com\\\/de\\\/allgemeine-geschaeftsbedingungen-datenschutz-kontakt\\\/#breadcrumb\",\"itemListElement\":[{\"@type\":\"ListItem\",\"position\":1,\"name\":\"Home\",\"item\":\"https:\\\/\\\/www.topcultures.com\\\/de\\\/\"},{\"@type\":\"ListItem\",\"position\":2,\"name\":\"Allgemeine Gesch\u00e4ftsbedingungen &#8211; Datenschutz &#8211; Kontakt\"}]},{\"@type\":\"WebSite\",\"@id\":\"https:\\\/\\\/www.topcultures.com\\\/de\\\/#website\",\"url\":\"https:\\\/\\\/www.topcultures.com\\\/de\\\/\",\"name\":\"TopCultures\",\"description\":\"Producer of cultures\",\"publisher\":{\"@id\":\"https:\\\/\\\/www.topcultures.com\\\/de\\\/#organization\"},\"potentialAction\":[{\"@type\":\"SearchAction\",\"target\":{\"@type\":\"EntryPoint\",\"urlTemplate\":\"https:\\\/\\\/www.topcultures.com\\\/de\\\/?s={search_term_string}\"},\"query-input\":{\"@type\":\"PropertyValueSpecification\",\"valueRequired\":true,\"valueName\":\"search_term_string\"}}],\"inLanguage\":\"de\"},{\"@type\":\"Organization\",\"@id\":\"https:\\\/\\\/www.topcultures.com\\\/de\\\/#organization\",\"name\":\"TopCultures\",\"url\":\"https:\\\/\\\/www.topcultures.com\\\/de\\\/\",\"logo\":{\"@type\":\"ImageObject\",\"inLanguage\":\"de\",\"@id\":\"https:\\\/\\\/www.topcultures.com\\\/de\\\/#\\\/schema\\\/logo\\\/image\\\/\",\"url\":\"https:\\\/\\\/www.topcultures.com\\\/wp-content\\\/uploads\\\/2018\\\/10\\\/logo-2.jpg\",\"contentUrl\":\"https:\\\/\\\/www.topcultures.com\\\/wp-content\\\/uploads\\\/2018\\\/10\\\/logo-2.jpg\",\"width\":510,\"height\":98,\"caption\":\"TopCultures\"},\"image\":{\"@id\":\"https:\\\/\\\/www.topcultures.com\\\/de\\\/#\\\/schema\\\/logo\\\/image\\\/\"},\"sameAs\":[\"https:\\\/\\\/www.facebook.com\\\/TopCultures-220325045442717\"]}]}<\/script>\n<!-- \/ Yoast SEO plugin. -->","yoast_head_json":{"title":"Allgemeine Gesch\u00e4ftsbedingungen - Datenschutz - Kontakt - TopCultures","robots":{"index":"noindex","follow":"follow"},"og_locale":"de_DE","og_type":"article","og_title":"Allgemeine Gesch\u00e4ftsbedingungen - Datenschutz - Kontakt - TopCultures","og_description":"Diese Allgemeinen Verkaufsbedingungen (AVB) regeln den Verkauf von Produkten, die auf dieser Website an Kunden verkauft werden. Jede Bestellung durch den Kunden impliziert seine Zustimmung ohne jeden Vorbehalt zu den AVB. Die AVB gelten nur f\u00fcr die Beziehungen zwischen TopCultures und dem Kunden, unter Ausschluss aller vom Kunden stammenden Dokumente. Eine Abweichung von den AVB [&hellip;]","og_url":"https:\/\/www.topcultures.com\/de\/allgemeine-geschaeftsbedingungen-datenschutz-kontakt\/","og_site_name":"TopCultures","article_publisher":"https:\/\/www.facebook.com\/TopCultures-220325045442717","article_modified_time":"2025-11-24T21:16:59+00:00","twitter_card":"summary_large_image","schema":{"@context":"https:\/\/schema.org","@graph":[{"@type":"WebPage","@id":"https:\/\/www.topcultures.com\/de\/allgemeine-geschaeftsbedingungen-datenschutz-kontakt\/","url":"https:\/\/www.topcultures.com\/de\/allgemeine-geschaeftsbedingungen-datenschutz-kontakt\/","name":"Allgemeine Gesch\u00e4ftsbedingungen - Datenschutz - Kontakt - TopCultures","isPartOf":{"@id":"https:\/\/www.topcultures.com\/de\/#website"},"datePublished":"2021-11-14T09:51:56+00:00","dateModified":"2025-11-24T21:16:59+00:00","breadcrumb":{"@id":"https:\/\/www.topcultures.com\/de\/allgemeine-geschaeftsbedingungen-datenschutz-kontakt\/#breadcrumb"},"inLanguage":"de","potentialAction":[{"@type":"ReadAction","target":["https:\/\/www.topcultures.com\/de\/allgemeine-geschaeftsbedingungen-datenschutz-kontakt\/"]}]},{"@type":"BreadcrumbList","@id":"https:\/\/www.topcultures.com\/de\/allgemeine-geschaeftsbedingungen-datenschutz-kontakt\/#breadcrumb","itemListElement":[{"@type":"ListItem","position":1,"name":"Home","item":"https:\/\/www.topcultures.com\/de\/"},{"@type":"ListItem","position":2,"name":"Allgemeine Gesch\u00e4ftsbedingungen &#8211; Datenschutz &#8211; Kontakt"}]},{"@type":"WebSite","@id":"https:\/\/www.topcultures.com\/de\/#website","url":"https:\/\/www.topcultures.com\/de\/","name":"TopCultures","description":"Producer of cultures","publisher":{"@id":"https:\/\/www.topcultures.com\/de\/#organization"},"potentialAction":[{"@type":"SearchAction","target":{"@type":"EntryPoint","urlTemplate":"https:\/\/www.topcultures.com\/de\/?s={search_term_string}"},"query-input":{"@type":"PropertyValueSpecification","valueRequired":true,"valueName":"search_term_string"}}],"inLanguage":"de"},{"@type":"Organization","@id":"https:\/\/www.topcultures.com\/de\/#organization","name":"TopCultures","url":"https:\/\/www.topcultures.com\/de\/","logo":{"@type":"ImageObject","inLanguage":"de","@id":"https:\/\/www.topcultures.com\/de\/#\/schema\/logo\/image\/","url":"https:\/\/www.topcultures.com\/wp-content\/uploads\/2018\/10\/logo-2.jpg","contentUrl":"https:\/\/www.topcultures.com\/wp-content\/uploads\/2018\/10\/logo-2.jpg","width":510,"height":98,"caption":"TopCultures"},"image":{"@id":"https:\/\/www.topcultures.com\/de\/#\/schema\/logo\/image\/"},"sameAs":["https:\/\/www.facebook.com\/TopCultures-220325045442717"]}]}},"_links":{"self":[{"href":"https:\/\/www.topcultures.com\/de\/wp-json\/wp\/v2\/pages\/14301","targetHints":{"allow":["GET"]}}],"collection":[{"href":"https:\/\/www.topcultures.com\/de\/wp-json\/wp\/v2\/pages"}],"about":[{"href":"https:\/\/www.topcultures.com\/de\/wp-json\/wp\/v2\/types\/page"}],"author":[{"embeddable":true,"href":"https:\/\/www.topcultures.com\/de\/wp-json\/wp\/v2\/users\/1"}],"replies":[{"embeddable":true,"href":"https:\/\/www.topcultures.com\/de\/wp-json\/wp\/v2\/comments?post=14301"}],"version-history":[{"count":1,"href":"https:\/\/www.topcultures.com\/de\/wp-json\/wp\/v2\/pages\/14301\/revisions"}],"predecessor-version":[{"id":28333,"href":"https:\/\/www.topcultures.com\/de\/wp-json\/wp\/v2\/pages\/14301\/revisions\/28333"}],"wp:attachment":[{"href":"https:\/\/www.topcultures.com\/de\/wp-json\/wp\/v2\/media?parent=14301"}],"curies":[{"name":"wp","href":"https:\/\/api.w.org\/{rel}","templated":true}]}}