{"id":28974,"date":"2026-03-07T14:11:09","date_gmt":"2026-03-07T14:11:09","guid":{"rendered":"https:\/\/www.topcultures.com\/rueckgaberecht\/"},"modified":"2026-03-07T14:11:09","modified_gmt":"2026-03-07T14:11:09","slug":"rueckgaberecht","status":"publish","type":"page","link":"https:\/\/www.topcultures.com\/de\/rueckgaberecht\/","title":{"rendered":"R\u00fcckgaberecht"},"content":{"rendered":"<p>Wir m\u00f6chten, dass Sie mit Ihrer Bestellung bei uns rundum zufrieden sind! Alle Produkte werden mit gr\u00f6\u00dfter Sorgfalt hergestellt und verpackt. Sollte dennoch einmal etwas nicht in Ordnung sein, helfen wir Ihnen gerne weiter. <\/p>\n<h2>Keine R\u00fcckgabe (aus Sicherheitsgr\u00fcnden)<\/h2>\n<p>Da es sich bei unseren Produkten um Lebensmittel handelt, k\u00f6nnen wir leider keine R\u00fcckgaben akzeptieren. Damit m\u00f6chten wir sicherstellen, dass alle unsere Kunden nur die frischesten und sichersten Produkte erhalten. <\/p>\n<h2>Wenn Sie nicht zufrieden sind<\/h2>\n<p>Ihre Zufriedenheit ist uns wichtig. Wenn Ihre Bestellung nicht Ihren Erwartungen entspricht \u2013 sei es, weil sie besch\u00e4digt oder verdorben angekommen ist oder Sie einfach nicht mit der Qualit\u00e4t zufrieden sind \u2013 wenden Sie sich bitte innerhalb von 7 Tagen nach Erhalt an uns. Wir werden unser Bestes tun, um das Problem zu beheben, und Ihnen bei Bedarf eine R\u00fcckerstattung oder einen Ersatz anbieten. <\/p>\n<h2>So erreichen Sie uns<\/h2>\n<ul>\n<li>Um uns zu helfen, die Angelegenheit schnell zu kl\u00e4ren, geben Sie bitte Folgendes an:<\/li>\n<li>Ihre Bestellnummer<\/li>\n<li>Eine kurze Beschreibung des Problems<\/li>\n<li>Einige Fotos (wenn m\u00f6glich)<\/li>\n<li>Senden Sie alles an [Ihre Support-E-Mail-Adresse] oder kontaktieren Sie uns \u00fcber [Ihr Kontaktformular \/ Ihre Telefonnummer].<\/li>\n<\/ul>\n<h2>Zeitpunkt der R\u00fcckerstattung<\/h2>\n<p>Sobald wir Ihre Nachricht gepr\u00fcft haben, werden wir alle genehmigten R\u00fcckerstattungen innerhalb von 5\u201310 Werktagen \u00fcber Ihre urspr\u00fcngliche Zahlungsmethode bearbeiten.<\/p>\n<h2>Wir sind f\u00fcr Sie da<\/h2>\n<p>Wir sch\u00e4tzen jeden Kunden und m\u00f6chten, dass Sie mit Ihrer Erfahrung zufrieden sind. Wenn Sie jemals ein Anliegen haben, egal ob gro\u00df oder klein, z\u00f6gern Sie bitte nicht, sich mit uns in Verbindung zu setzen \u2013 wir werden immer unser Bestes tun, um Ihnen zu helfen.<\/p>\n","protected":false},"excerpt":{"rendered":"<p>Wir m\u00f6chten, dass Sie mit Ihrer Bestellung bei uns rundum zufrieden sind! Alle Produkte werden mit gr\u00f6\u00dfter Sorgfalt hergestellt und verpackt. Sollte dennoch einmal etwas nicht in Ordnung sein, helfen wir Ihnen gerne weiter. Keine R\u00fcckgabe (aus Sicherheitsgr\u00fcnden) Da es sich bei unseren Produkten um Lebensmittel handelt, k\u00f6nnen wir leider keine R\u00fcckgaben akzeptieren. Damit m\u00f6chten [&hellip;]<\/p>\n","protected":false},"author":1,"featured_media":0,"parent":0,"menu_order":0,"comment_status":"closed","ping_status":"closed","template":"","meta":{"footnotes":""},"class_list":["post-28974","page","type-page","status-publish","hentry"],"yoast_head":"<!-- This site is optimized with the Yoast SEO plugin v27.5 - https:\/\/yoast.com\/product\/yoast-seo-wordpress\/ -->\n<title>R\u00fcckgaberecht - TopCultures<\/title>\n<meta name=\"robots\" content=\"index, follow, max-snippet:-1, max-image-preview:large, max-video-preview:-1\" \/>\n<link rel=\"canonical\" href=\"https:\/\/www.topcultures.com\/de\/rueckgaberecht\/\" \/>\n<meta property=\"og:locale\" content=\"de_DE\" \/>\n<meta property=\"og:type\" content=\"article\" \/>\n<meta property=\"og:title\" content=\"R\u00fcckgaberecht - TopCultures\" \/>\n<meta property=\"og:description\" content=\"Wir m\u00f6chten, dass Sie mit Ihrer Bestellung bei uns rundum zufrieden sind! Alle Produkte werden mit gr\u00f6\u00dfter Sorgfalt hergestellt und verpackt. Sollte dennoch einmal etwas nicht in Ordnung sein, helfen wir Ihnen gerne weiter. Keine R\u00fcckgabe (aus Sicherheitsgr\u00fcnden) Da es sich bei unseren Produkten um Lebensmittel handelt, k\u00f6nnen wir leider keine R\u00fcckgaben akzeptieren. Damit m\u00f6chten [&hellip;]\" \/>\n<meta property=\"og:url\" content=\"https:\/\/www.topcultures.com\/de\/rueckgaberecht\/\" \/>\n<meta property=\"og:site_name\" content=\"TopCultures\" \/>\n<meta property=\"article:publisher\" content=\"https:\/\/www.facebook.com\/TopCultures-220325045442717\" \/>\n<meta name=\"twitter:card\" content=\"summary_large_image\" \/>\n<script type=\"application\/ld+json\" class=\"yoast-schema-graph\">{\"@context\":\"https:\\\/\\\/schema.org\",\"@graph\":[{\"@type\":\"WebPage\",\"@id\":\"https:\\\/\\\/www.topcultures.com\\\/de\\\/rueckgaberecht\\\/\",\"url\":\"https:\\\/\\\/www.topcultures.com\\\/de\\\/rueckgaberecht\\\/\",\"name\":\"R\u00fcckgaberecht - TopCultures\",\"isPartOf\":{\"@id\":\"https:\\\/\\\/www.topcultures.com\\\/de\\\/#website\"},\"datePublished\":\"2026-03-07T14:11:09+00:00\",\"breadcrumb\":{\"@id\":\"https:\\\/\\\/www.topcultures.com\\\/de\\\/rueckgaberecht\\\/#breadcrumb\"},\"inLanguage\":\"de\",\"potentialAction\":[{\"@type\":\"ReadAction\",\"target\":[\"https:\\\/\\\/www.topcultures.com\\\/de\\\/rueckgaberecht\\\/\"]}]},{\"@type\":\"BreadcrumbList\",\"@id\":\"https:\\\/\\\/www.topcultures.com\\\/de\\\/rueckgaberecht\\\/#breadcrumb\",\"itemListElement\":[{\"@type\":\"ListItem\",\"position\":1,\"name\":\"Home\",\"item\":\"https:\\\/\\\/www.topcultures.com\\\/de\\\/\"},{\"@type\":\"ListItem\",\"position\":2,\"name\":\"R\u00fcckgaberecht\"}]},{\"@type\":\"WebSite\",\"@id\":\"https:\\\/\\\/www.topcultures.com\\\/de\\\/#website\",\"url\":\"https:\\\/\\\/www.topcultures.com\\\/de\\\/\",\"name\":\"TopCultures\",\"description\":\"Producer of cultures\",\"publisher\":{\"@id\":\"https:\\\/\\\/www.topcultures.com\\\/de\\\/#organization\"},\"potentialAction\":[{\"@type\":\"SearchAction\",\"target\":{\"@type\":\"EntryPoint\",\"urlTemplate\":\"https:\\\/\\\/www.topcultures.com\\\/de\\\/?s={search_term_string}\"},\"query-input\":{\"@type\":\"PropertyValueSpecification\",\"valueRequired\":true,\"valueName\":\"search_term_string\"}}],\"inLanguage\":\"de\"},{\"@type\":\"Organization\",\"@id\":\"https:\\\/\\\/www.topcultures.com\\\/de\\\/#organization\",\"name\":\"TopCultures\",\"url\":\"https:\\\/\\\/www.topcultures.com\\\/de\\\/\",\"logo\":{\"@type\":\"ImageObject\",\"inLanguage\":\"de\",\"@id\":\"https:\\\/\\\/www.topcultures.com\\\/de\\\/#\\\/schema\\\/logo\\\/image\\\/\",\"url\":\"https:\\\/\\\/www.topcultures.com\\\/wp-content\\\/uploads\\\/2018\\\/10\\\/logo-2.jpg\",\"contentUrl\":\"https:\\\/\\\/www.topcultures.com\\\/wp-content\\\/uploads\\\/2018\\\/10\\\/logo-2.jpg\",\"width\":510,\"height\":98,\"caption\":\"TopCultures\"},\"image\":{\"@id\":\"https:\\\/\\\/www.topcultures.com\\\/de\\\/#\\\/schema\\\/logo\\\/image\\\/\"},\"sameAs\":[\"https:\\\/\\\/www.facebook.com\\\/TopCultures-220325045442717\"]}]}<\/script>\n<!-- \/ Yoast SEO plugin. -->","yoast_head_json":{"title":"R\u00fcckgaberecht - TopCultures","robots":{"index":"index","follow":"follow","max-snippet":"max-snippet:-1","max-image-preview":"max-image-preview:large","max-video-preview":"max-video-preview:-1"},"canonical":"https:\/\/www.topcultures.com\/de\/rueckgaberecht\/","og_locale":"de_DE","og_type":"article","og_title":"R\u00fcckgaberecht - TopCultures","og_description":"Wir m\u00f6chten, dass Sie mit Ihrer Bestellung bei uns rundum zufrieden sind! Alle Produkte werden mit gr\u00f6\u00dfter Sorgfalt hergestellt und verpackt. Sollte dennoch einmal etwas nicht in Ordnung sein, helfen wir Ihnen gerne weiter. Keine R\u00fcckgabe (aus Sicherheitsgr\u00fcnden) Da es sich bei unseren Produkten um Lebensmittel handelt, k\u00f6nnen wir leider keine R\u00fcckgaben akzeptieren. Damit m\u00f6chten [&hellip;]","og_url":"https:\/\/www.topcultures.com\/de\/rueckgaberecht\/","og_site_name":"TopCultures","article_publisher":"https:\/\/www.facebook.com\/TopCultures-220325045442717","twitter_card":"summary_large_image","schema":{"@context":"https:\/\/schema.org","@graph":[{"@type":"WebPage","@id":"https:\/\/www.topcultures.com\/de\/rueckgaberecht\/","url":"https:\/\/www.topcultures.com\/de\/rueckgaberecht\/","name":"R\u00fcckgaberecht - TopCultures","isPartOf":{"@id":"https:\/\/www.topcultures.com\/de\/#website"},"datePublished":"2026-03-07T14:11:09+00:00","breadcrumb":{"@id":"https:\/\/www.topcultures.com\/de\/rueckgaberecht\/#breadcrumb"},"inLanguage":"de","potentialAction":[{"@type":"ReadAction","target":["https:\/\/www.topcultures.com\/de\/rueckgaberecht\/"]}]},{"@type":"BreadcrumbList","@id":"https:\/\/www.topcultures.com\/de\/rueckgaberecht\/#breadcrumb","itemListElement":[{"@type":"ListItem","position":1,"name":"Home","item":"https:\/\/www.topcultures.com\/de\/"},{"@type":"ListItem","position":2,"name":"R\u00fcckgaberecht"}]},{"@type":"WebSite","@id":"https:\/\/www.topcultures.com\/de\/#website","url":"https:\/\/www.topcultures.com\/de\/","name":"TopCultures","description":"Producer of cultures","publisher":{"@id":"https:\/\/www.topcultures.com\/de\/#organization"},"potentialAction":[{"@type":"SearchAction","target":{"@type":"EntryPoint","urlTemplate":"https:\/\/www.topcultures.com\/de\/?s={search_term_string}"},"query-input":{"@type":"PropertyValueSpecification","valueRequired":true,"valueName":"search_term_string"}}],"inLanguage":"de"},{"@type":"Organization","@id":"https:\/\/www.topcultures.com\/de\/#organization","name":"TopCultures","url":"https:\/\/www.topcultures.com\/de\/","logo":{"@type":"ImageObject","inLanguage":"de","@id":"https:\/\/www.topcultures.com\/de\/#\/schema\/logo\/image\/","url":"https:\/\/www.topcultures.com\/wp-content\/uploads\/2018\/10\/logo-2.jpg","contentUrl":"https:\/\/www.topcultures.com\/wp-content\/uploads\/2018\/10\/logo-2.jpg","width":510,"height":98,"caption":"TopCultures"},"image":{"@id":"https:\/\/www.topcultures.com\/de\/#\/schema\/logo\/image\/"},"sameAs":["https:\/\/www.facebook.com\/TopCultures-220325045442717"]}]}},"_links":{"self":[{"href":"https:\/\/www.topcultures.com\/de\/wp-json\/wp\/v2\/pages\/28974","targetHints":{"allow":["GET"]}}],"collection":[{"href":"https:\/\/www.topcultures.com\/de\/wp-json\/wp\/v2\/pages"}],"about":[{"href":"https:\/\/www.topcultures.com\/de\/wp-json\/wp\/v2\/types\/page"}],"author":[{"embeddable":true,"href":"https:\/\/www.topcultures.com\/de\/wp-json\/wp\/v2\/users\/1"}],"replies":[{"embeddable":true,"href":"https:\/\/www.topcultures.com\/de\/wp-json\/wp\/v2\/comments?post=28974"}],"version-history":[{"count":0,"href":"https:\/\/www.topcultures.com\/de\/wp-json\/wp\/v2\/pages\/28974\/revisions"}],"wp:attachment":[{"href":"https:\/\/www.topcultures.com\/de\/wp-json\/wp\/v2\/media?parent=28974"}],"curies":[{"name":"wp","href":"https:\/\/api.w.org\/{rel}","templated":true}]}}