{"id":14257,"date":"2020-09-16T13:29:46","date_gmt":"2020-09-16T13:29:46","guid":{"rendered":"https:\/\/topcultures.com\/product\/oncom-starter-75g\/"},"modified":"2026-01-31T04:57:00","modified_gmt":"2026-01-31T04:57:00","slug":"oncom-starter-75g","status":"publish","type":"product","link":"https:\/\/www.topcultures.com\/de\/produkt\/oncom-starter-75g\/","title":{"rendered":"Oncom starter 75g"},"content":{"rendered":"<p>Mit 75 g schwarzem oncom Starter k\u00f6nnen Sie ca. 25 kg endg\u00fcltiges oncom herstellen. Dieser oncom Starter ist 1 Jahr lang haltbar. Zutaten: Reis, Rhizopus-Oligosporus-Sporen. Geeignet f\u00fcr Vegetarier und Veganer. Dieser sojafreie Tempeh Starte kann auch f\u00fcr die Herstellung von sojafreiem Tempeh verwendet werden, aus Substraten wie Getreide, Linsen, Erbsen und anderen H\u00fclsenfr\u00fcchten. Nach etwa 24 Stunden G\u00e4rung kann es zu schwarzen Flecken kommen, daher der Name Black Oncom Starter.<\/p>\n","protected":false},"excerpt":{"rendered":"<p>Oncom Starter 75g<\/p>\n","protected":false},"featured_media":28319,"comment_status":"open","ping_status":"closed","template":"","meta":[],"product_brand":[],"product_cat":[263],"product_tag":[],"class_list":{"0":"post-14257","1":"product","2":"type-product","3":"status-publish","4":"has-post-thumbnail","6":"product_cat-oncom-starter-de","8":"first","9":"instock","10":"taxable","11":"shipping-taxable","12":"purchasable","13":"product-type-simple"},"yoast_head":"<!-- This site is optimized with the Yoast SEO plugin v27.6 - https:\/\/yoast.com\/product\/yoast-seo-wordpress\/ -->\n<title>Oncom Starter<\/title>\n<meta name=\"description\" content=\"Mit 75 g Oncom-Starter k\u00f6nnen Sie bis zu 25 kg fertigen Oncom herstellen. Er ist 1 Jahr lang haltbar. Zutaten: Reis, Rhizopus-Sporen. Dieser oncom Starter kann auch als Tempeh Starter verwendet werden. Geeignet f\u00fcr Vegetarier und Veganer.\" \/>\n<meta name=\"robots\" content=\"index, follow, max-snippet:-1, max-image-preview:large, max-video-preview:-1\" \/>\n<link rel=\"canonical\" href=\"https:\/\/www.topcultures.com\/de\/produkt\/oncom-starter-75g\/\" \/>\n<meta property=\"og:locale\" content=\"de_DE\" \/>\n<meta property=\"og:type\" content=\"article\" \/>\n<meta property=\"og:title\" content=\"Oncom Starter\" \/>\n<meta property=\"og:description\" content=\"Mit 75 g Oncom-Starter k\u00f6nnen Sie bis zu 25 kg fertigen Oncom herstellen. Er ist 1 Jahr lang haltbar. Zutaten: Reis, Rhizopus-Sporen. Dieser oncom Starter kann auch als Tempeh Starter verwendet werden. Geeignet f\u00fcr Vegetarier und Veganer.\" \/>\n<meta property=\"og:url\" content=\"https:\/\/www.topcultures.com\/de\/produkt\/oncom-starter-75g\/\" \/>\n<meta property=\"og:site_name\" content=\"TopCultures\" \/>\n<meta property=\"article:publisher\" content=\"https:\/\/www.facebook.com\/TopCultures-220325045442717\" \/>\n<meta property=\"article:modified_time\" content=\"2026-01-31T04:57:00+00:00\" \/>\n<meta property=\"og:image\" content=\"https:\/\/www.topcultures.com\/wp-content\/uploads\/oncom75.jpg\" \/>\n\t<meta property=\"og:image:width\" content=\"400\" \/>\n\t<meta property=\"og:image:height\" content=\"400\" \/>\n\t<meta property=\"og:image:type\" content=\"image\/jpeg\" \/>\n<meta name=\"twitter:card\" content=\"summary_large_image\" \/>\n<script type=\"application\/ld+json\" class=\"yoast-schema-graph\">{\"@context\":\"https:\\\/\\\/schema.org\",\"@graph\":[{\"@type\":\"WebPage\",\"@id\":\"https:\\\/\\\/www.topcultures.com\\\/de\\\/produkt\\\/oncom-starter-75g\\\/\",\"url\":\"https:\\\/\\\/www.topcultures.com\\\/de\\\/produkt\\\/oncom-starter-75g\\\/\",\"name\":\"Oncom Starter\",\"isPartOf\":{\"@id\":\"https:\\\/\\\/www.topcultures.com\\\/de\\\/#website\"},\"primaryImageOfPage\":{\"@id\":\"https:\\\/\\\/www.topcultures.com\\\/de\\\/produkt\\\/oncom-starter-75g\\\/#primaryimage\"},\"image\":{\"@id\":\"https:\\\/\\\/www.topcultures.com\\\/de\\\/produkt\\\/oncom-starter-75g\\\/#primaryimage\"},\"thumbnailUrl\":\"https:\\\/\\\/www.topcultures.com\\\/wp-content\\\/uploads\\\/oncom-starter-1.webp\",\"datePublished\":\"2020-09-16T13:29:46+00:00\",\"dateModified\":\"2026-01-31T04:57:00+00:00\",\"description\":\"Mit 75 g Oncom-Starter k\u00f6nnen Sie bis zu 25 kg fertigen Oncom herstellen. Er ist 1 Jahr lang haltbar. Zutaten: Reis, Rhizopus-Sporen. Dieser oncom Starter kann auch als Tempeh Starter verwendet werden. Geeignet f\u00fcr Vegetarier und Veganer.\",\"breadcrumb\":{\"@id\":\"https:\\\/\\\/www.topcultures.com\\\/de\\\/produkt\\\/oncom-starter-75g\\\/#breadcrumb\"},\"inLanguage\":\"de\",\"potentialAction\":[{\"@type\":\"ReadAction\",\"target\":[\"https:\\\/\\\/www.topcultures.com\\\/de\\\/produkt\\\/oncom-starter-75g\\\/\"]}]},{\"@type\":\"ImageObject\",\"inLanguage\":\"de\",\"@id\":\"https:\\\/\\\/www.topcultures.com\\\/de\\\/produkt\\\/oncom-starter-75g\\\/#primaryimage\",\"url\":\"https:\\\/\\\/www.topcultures.com\\\/wp-content\\\/uploads\\\/oncom-starter-1.webp\",\"contentUrl\":\"https:\\\/\\\/www.topcultures.com\\\/wp-content\\\/uploads\\\/oncom-starter-1.webp\",\"width\":400,\"height\":400,\"caption\":\"oncom starter\"},{\"@type\":\"BreadcrumbList\",\"@id\":\"https:\\\/\\\/www.topcultures.com\\\/de\\\/produkt\\\/oncom-starter-75g\\\/#breadcrumb\",\"itemListElement\":[{\"@type\":\"ListItem\",\"position\":1,\"name\":\"Home\",\"item\":\"https:\\\/\\\/www.topcultures.com\\\/de\\\/\"},{\"@type\":\"ListItem\",\"position\":2,\"name\":\"Shop\",\"item\":\"https:\\\/\\\/www.topcultures.com\\\/de\\\/shop\\\/\"},{\"@type\":\"ListItem\",\"position\":3,\"name\":\"Oncom starter 75g\"}]},{\"@type\":\"WebSite\",\"@id\":\"https:\\\/\\\/www.topcultures.com\\\/de\\\/#website\",\"url\":\"https:\\\/\\\/www.topcultures.com\\\/de\\\/\",\"name\":\"TopCultures\",\"description\":\"Producer of cultures\",\"publisher\":{\"@id\":\"https:\\\/\\\/www.topcultures.com\\\/de\\\/#organization\"},\"potentialAction\":[{\"@type\":\"SearchAction\",\"target\":{\"@type\":\"EntryPoint\",\"urlTemplate\":\"https:\\\/\\\/www.topcultures.com\\\/de\\\/?s={search_term_string}\"},\"query-input\":{\"@type\":\"PropertyValueSpecification\",\"valueRequired\":true,\"valueName\":\"search_term_string\"}}],\"inLanguage\":\"de\"},{\"@type\":\"Organization\",\"@id\":\"https:\\\/\\\/www.topcultures.com\\\/de\\\/#organization\",\"name\":\"TopCultures\",\"url\":\"https:\\\/\\\/www.topcultures.com\\\/de\\\/\",\"logo\":{\"@type\":\"ImageObject\",\"inLanguage\":\"de\",\"@id\":\"https:\\\/\\\/www.topcultures.com\\\/de\\\/#\\\/schema\\\/logo\\\/image\\\/\",\"url\":\"https:\\\/\\\/www.topcultures.com\\\/wp-content\\\/uploads\\\/2018\\\/10\\\/logo-2.jpg\",\"contentUrl\":\"https:\\\/\\\/www.topcultures.com\\\/wp-content\\\/uploads\\\/2018\\\/10\\\/logo-2.jpg\",\"width\":510,\"height\":98,\"caption\":\"TopCultures\"},\"image\":{\"@id\":\"https:\\\/\\\/www.topcultures.com\\\/de\\\/#\\\/schema\\\/logo\\\/image\\\/\"},\"sameAs\":[\"https:\\\/\\\/www.facebook.com\\\/TopCultures-220325045442717\"]}]}<\/script>\n<!-- \/ Yoast SEO plugin. -->","yoast_head_json":{"title":"Oncom Starter","description":"Mit 75 g Oncom-Starter k\u00f6nnen Sie bis zu 25 kg fertigen Oncom herstellen. Er ist 1 Jahr lang haltbar. Zutaten: Reis, Rhizopus-Sporen. Dieser oncom Starter kann auch als Tempeh Starter verwendet werden. Geeignet f\u00fcr Vegetarier und Veganer.","robots":{"index":"index","follow":"follow","max-snippet":"max-snippet:-1","max-image-preview":"max-image-preview:large","max-video-preview":"max-video-preview:-1"},"canonical":"https:\/\/www.topcultures.com\/de\/produkt\/oncom-starter-75g\/","og_locale":"de_DE","og_type":"article","og_title":"Oncom Starter","og_description":"Mit 75 g Oncom-Starter k\u00f6nnen Sie bis zu 25 kg fertigen Oncom herstellen. Er ist 1 Jahr lang haltbar. Zutaten: Reis, Rhizopus-Sporen. Dieser oncom Starter kann auch als Tempeh Starter verwendet werden. Geeignet f\u00fcr Vegetarier und Veganer.","og_url":"https:\/\/www.topcultures.com\/de\/produkt\/oncom-starter-75g\/","og_site_name":"TopCultures","article_publisher":"https:\/\/www.facebook.com\/TopCultures-220325045442717","article_modified_time":"2026-01-31T04:57:00+00:00","og_image":[{"width":400,"height":400,"url":"https:\/\/www.topcultures.com\/wp-content\/uploads\/oncom75.jpg","type":"image\/jpeg"}],"twitter_card":"summary_large_image","schema":{"@context":"https:\/\/schema.org","@graph":[{"@type":"WebPage","@id":"https:\/\/www.topcultures.com\/de\/produkt\/oncom-starter-75g\/","url":"https:\/\/www.topcultures.com\/de\/produkt\/oncom-starter-75g\/","name":"Oncom Starter","isPartOf":{"@id":"https:\/\/www.topcultures.com\/de\/#website"},"primaryImageOfPage":{"@id":"https:\/\/www.topcultures.com\/de\/produkt\/oncom-starter-75g\/#primaryimage"},"image":{"@id":"https:\/\/www.topcultures.com\/de\/produkt\/oncom-starter-75g\/#primaryimage"},"thumbnailUrl":"https:\/\/www.topcultures.com\/wp-content\/uploads\/oncom-starter-1.webp","datePublished":"2020-09-16T13:29:46+00:00","dateModified":"2026-01-31T04:57:00+00:00","description":"Mit 75 g Oncom-Starter k\u00f6nnen Sie bis zu 25 kg fertigen Oncom herstellen. Er ist 1 Jahr lang haltbar. Zutaten: Reis, Rhizopus-Sporen. Dieser oncom Starter kann auch als Tempeh Starter verwendet werden. Geeignet f\u00fcr Vegetarier und Veganer.","breadcrumb":{"@id":"https:\/\/www.topcultures.com\/de\/produkt\/oncom-starter-75g\/#breadcrumb"},"inLanguage":"de","potentialAction":[{"@type":"ReadAction","target":["https:\/\/www.topcultures.com\/de\/produkt\/oncom-starter-75g\/"]}]},{"@type":"ImageObject","inLanguage":"de","@id":"https:\/\/www.topcultures.com\/de\/produkt\/oncom-starter-75g\/#primaryimage","url":"https:\/\/www.topcultures.com\/wp-content\/uploads\/oncom-starter-1.webp","contentUrl":"https:\/\/www.topcultures.com\/wp-content\/uploads\/oncom-starter-1.webp","width":400,"height":400,"caption":"oncom starter"},{"@type":"BreadcrumbList","@id":"https:\/\/www.topcultures.com\/de\/produkt\/oncom-starter-75g\/#breadcrumb","itemListElement":[{"@type":"ListItem","position":1,"name":"Home","item":"https:\/\/www.topcultures.com\/de\/"},{"@type":"ListItem","position":2,"name":"Shop","item":"https:\/\/www.topcultures.com\/de\/shop\/"},{"@type":"ListItem","position":3,"name":"Oncom starter 75g"}]},{"@type":"WebSite","@id":"https:\/\/www.topcultures.com\/de\/#website","url":"https:\/\/www.topcultures.com\/de\/","name":"TopCultures","description":"Producer of cultures","publisher":{"@id":"https:\/\/www.topcultures.com\/de\/#organization"},"potentialAction":[{"@type":"SearchAction","target":{"@type":"EntryPoint","urlTemplate":"https:\/\/www.topcultures.com\/de\/?s={search_term_string}"},"query-input":{"@type":"PropertyValueSpecification","valueRequired":true,"valueName":"search_term_string"}}],"inLanguage":"de"},{"@type":"Organization","@id":"https:\/\/www.topcultures.com\/de\/#organization","name":"TopCultures","url":"https:\/\/www.topcultures.com\/de\/","logo":{"@type":"ImageObject","inLanguage":"de","@id":"https:\/\/www.topcultures.com\/de\/#\/schema\/logo\/image\/","url":"https:\/\/www.topcultures.com\/wp-content\/uploads\/2018\/10\/logo-2.jpg","contentUrl":"https:\/\/www.topcultures.com\/wp-content\/uploads\/2018\/10\/logo-2.jpg","width":510,"height":98,"caption":"TopCultures"},"image":{"@id":"https:\/\/www.topcultures.com\/de\/#\/schema\/logo\/image\/"},"sameAs":["https:\/\/www.facebook.com\/TopCultures-220325045442717"]}]}},"_links":{"self":[{"href":"https:\/\/www.topcultures.com\/de\/wp-json\/wp\/v2\/product\/14257","targetHints":{"allow":["GET"]}}],"collection":[{"href":"https:\/\/www.topcultures.com\/de\/wp-json\/wp\/v2\/product"}],"about":[{"href":"https:\/\/www.topcultures.com\/de\/wp-json\/wp\/v2\/types\/product"}],"replies":[{"embeddable":true,"href":"https:\/\/www.topcultures.com\/de\/wp-json\/wp\/v2\/comments?post=14257"}],"wp:featuredmedia":[{"embeddable":true,"href":"https:\/\/www.topcultures.com\/de\/wp-json\/wp\/v2\/media\/28319"}],"wp:attachment":[{"href":"https:\/\/www.topcultures.com\/de\/wp-json\/wp\/v2\/media?parent=14257"}],"wp:term":[{"taxonomy":"product_brand","embeddable":true,"href":"https:\/\/www.topcultures.com\/de\/wp-json\/wp\/v2\/product_brand?post=14257"},{"taxonomy":"product_cat","embeddable":true,"href":"https:\/\/www.topcultures.com\/de\/wp-json\/wp\/v2\/product_cat?post=14257"},{"taxonomy":"product_tag","embeddable":true,"href":"https:\/\/www.topcultures.com\/de\/wp-json\/wp\/v2\/product_tag?post=14257"}],"curies":[{"name":"wp","href":"https:\/\/api.w.org\/{rel}","templated":true}]}}