{"id":13369,"date":"2021-09-27T11:08:14","date_gmt":"2021-09-27T11:08:14","guid":{"rendered":"https:\/\/topcultures.com\/a-propos-de-topcultures\/"},"modified":"2025-01-23T17:27:44","modified_gmt":"2025-01-23T17:27:44","slug":"a-propos-de-topcultures","status":"publish","type":"page","link":"https:\/\/www.topcultures.com\/fr\/a-propos-de-topcultures\/","title":{"rendered":"\u00c0 propos de Topcultures"},"content":{"rendered":"<p>L&rsquo;histoire de Topcultures a commenc\u00e9 en 1976 lorsque le fondateur, Erik, alors adolescent, a lu un article sur Harryet Marsman. Elle \u00e9tait l&rsquo;une des premi\u00e8res personnes \u00e0 promouvoir le soja et ses bienfaits pour la sant\u00e9. Comme Erik s&rsquo;int\u00e9ressait d\u00e9j\u00e0 \u00e0 l&rsquo;alimentation saine et durable, son grand-p\u00e8re l&rsquo;a accompagn\u00e9 en voiture aux Pays-Bas pour rencontrer Harryet Marsman. Celle-ci lui a offert son livre \u00ab\u00a0Leven met Soya\u00a0\u00bb (\u00ab\u00a0Vivre avec le soja\u00a0\u00bb). Dans ce livre, elle expliquait \u00e9galement comment faire du tempeh.<\/p>\n<p>Erik a alors essay\u00e9 de faire son propre tempeh. La premi\u00e8re tentative n&rsquo;a pas \u00e9t\u00e9 couronn\u00e9e de succ\u00e8s. Quelques ann\u00e9es plus tard, il a r\u00e9essay\u00e9 et cette fois, ce fut un grand succ\u00e8s. Entre-temps, il avait \u00e9galement termin\u00e9 ses \u00e9tudes d&rsquo;ing\u00e9nieur agronome, ce qui a pu l&rsquo;aider.<\/p>\n<p>Les ann\u00e9es suivantes, Erik a continu\u00e9 \u00e0 faire du tempeh pour lui et sa famille. En 2002, il a d\u00e9cid\u00e9 qu&rsquo;il \u00e9tait temps de partager ses connaissances et son tempeh starter<\/a>avec le monde entier et a lanc\u00e9 Topcultures.<\/p>\n<p>Topcultures s&rsquo;engage \u00e0 fournir aux clients du monde entier des starters de la meilleure qualit\u00e9, afin que le monde entier puisse profiter du go\u00fbt raffin\u00e9 et des bienfaits pour la sant\u00e9 des graines de soja ferment\u00e9es.<\/p>\n<h2>D\u00e9tails de contact<\/h2>\n<p>TopCultures bv<br \/>\nVennenlaan 3<br \/>\n2980 Zoersel<br \/>\nBelgique<br \/>\ninfo@topcultures.com<\/p>\n","protected":false},"excerpt":{"rendered":"<p>L&rsquo;histoire de Topcultures a commenc\u00e9 en 1976 lorsque le fondateur, Erik, alors adolescent, a lu un article sur Harryet Marsman. Elle \u00e9tait l&rsquo;une des premi\u00e8res personnes \u00e0 promouvoir le soja et ses bienfaits pour la sant\u00e9. Comme Erik s&rsquo;int\u00e9ressait d\u00e9j\u00e0 \u00e0 l&rsquo;alimentation saine et durable, son grand-p\u00e8re l&rsquo;a accompagn\u00e9 en voiture aux Pays-Bas pour rencontrer [&hellip;]<\/p>\n","protected":false},"author":1,"featured_media":0,"parent":0,"menu_order":10,"comment_status":"closed","ping_status":"closed","template":"","meta":{"footnotes":""},"class_list":["post-13369","page","type-page","status-publish","hentry"],"yoast_head":"<!-- This site is optimized with the Yoast SEO plugin v27.6 - https:\/\/yoast.com\/product\/yoast-seo-wordpress\/ -->\n<title>\u00c0 propos de Topcultures<\/title>\n<meta name=\"description\" content=\"\u00c0 propos de Topcultures, producteur de starters de tempeh et d&#039;autres starters.\" \/>\n<meta name=\"robots\" content=\"index, follow, max-snippet:-1, max-image-preview:large, max-video-preview:-1\" \/>\n<link rel=\"canonical\" href=\"https:\/\/www.topcultures.com\/fr\/a-propos-de-topcultures\/\" \/>\n<meta property=\"og:locale\" content=\"fr_FR\" \/>\n<meta property=\"og:type\" content=\"article\" \/>\n<meta property=\"og:title\" content=\"\u00c0 propos de Topcultures\" \/>\n<meta property=\"og:description\" content=\"\u00c0 propos de Topcultures, producteur de starters de tempeh et d&#039;autres starters.\" \/>\n<meta property=\"og:url\" content=\"https:\/\/www.topcultures.com\/fr\/a-propos-de-topcultures\/\" \/>\n<meta property=\"og:site_name\" content=\"TopCultures\" \/>\n<meta property=\"article:publisher\" content=\"https:\/\/www.facebook.com\/TopCultures-220325045442717\" \/>\n<meta property=\"article:modified_time\" content=\"2025-01-23T17:27:44+00:00\" \/>\n<meta name=\"twitter:card\" content=\"summary_large_image\" \/>\n<script type=\"application\/ld+json\" class=\"yoast-schema-graph\">{\"@context\":\"https:\\\/\\\/schema.org\",\"@graph\":[{\"@type\":\"WebPage\",\"@id\":\"https:\\\/\\\/www.topcultures.com\\\/fr\\\/a-propos-de-topcultures\\\/\",\"url\":\"https:\\\/\\\/www.topcultures.com\\\/fr\\\/a-propos-de-topcultures\\\/\",\"name\":\"\u00c0 propos de Topcultures\",\"isPartOf\":{\"@id\":\"https:\\\/\\\/www.topcultures.com\\\/fr\\\/#website\"},\"datePublished\":\"2021-09-27T11:08:14+00:00\",\"dateModified\":\"2025-01-23T17:27:44+00:00\",\"description\":\"\u00c0 propos de Topcultures, producteur de starters de tempeh et d'autres starters.\",\"breadcrumb\":{\"@id\":\"https:\\\/\\\/www.topcultures.com\\\/fr\\\/a-propos-de-topcultures\\\/#breadcrumb\"},\"inLanguage\":\"fr-FR\",\"potentialAction\":[{\"@type\":\"ReadAction\",\"target\":[\"https:\\\/\\\/www.topcultures.com\\\/fr\\\/a-propos-de-topcultures\\\/\"]}]},{\"@type\":\"BreadcrumbList\",\"@id\":\"https:\\\/\\\/www.topcultures.com\\\/fr\\\/a-propos-de-topcultures\\\/#breadcrumb\",\"itemListElement\":[{\"@type\":\"ListItem\",\"position\":1,\"name\":\"Home\",\"item\":\"https:\\\/\\\/www.topcultures.com\\\/fr\\\/\"},{\"@type\":\"ListItem\",\"position\":2,\"name\":\"\u00c0 propos de Topcultures\"}]},{\"@type\":\"WebSite\",\"@id\":\"https:\\\/\\\/www.topcultures.com\\\/fr\\\/#website\",\"url\":\"https:\\\/\\\/www.topcultures.com\\\/fr\\\/\",\"name\":\"TopCultures\",\"description\":\"Producer of cultures\",\"publisher\":{\"@id\":\"https:\\\/\\\/www.topcultures.com\\\/fr\\\/#organization\"},\"potentialAction\":[{\"@type\":\"SearchAction\",\"target\":{\"@type\":\"EntryPoint\",\"urlTemplate\":\"https:\\\/\\\/www.topcultures.com\\\/fr\\\/?s={search_term_string}\"},\"query-input\":{\"@type\":\"PropertyValueSpecification\",\"valueRequired\":true,\"valueName\":\"search_term_string\"}}],\"inLanguage\":\"fr-FR\"},{\"@type\":\"Organization\",\"@id\":\"https:\\\/\\\/www.topcultures.com\\\/fr\\\/#organization\",\"name\":\"TopCultures\",\"url\":\"https:\\\/\\\/www.topcultures.com\\\/fr\\\/\",\"logo\":{\"@type\":\"ImageObject\",\"inLanguage\":\"fr-FR\",\"@id\":\"https:\\\/\\\/www.topcultures.com\\\/fr\\\/#\\\/schema\\\/logo\\\/image\\\/\",\"url\":\"https:\\\/\\\/www.topcultures.com\\\/wp-content\\\/uploads\\\/2018\\\/10\\\/logo-2.jpg\",\"contentUrl\":\"https:\\\/\\\/www.topcultures.com\\\/wp-content\\\/uploads\\\/2018\\\/10\\\/logo-2.jpg\",\"width\":510,\"height\":98,\"caption\":\"TopCultures\"},\"image\":{\"@id\":\"https:\\\/\\\/www.topcultures.com\\\/fr\\\/#\\\/schema\\\/logo\\\/image\\\/\"},\"sameAs\":[\"https:\\\/\\\/www.facebook.com\\\/TopCultures-220325045442717\"]}]}<\/script>\n<!-- \/ Yoast SEO plugin. -->","yoast_head_json":{"title":"\u00c0 propos de Topcultures","description":"\u00c0 propos de Topcultures, producteur de starters de tempeh et d'autres starters.","robots":{"index":"index","follow":"follow","max-snippet":"max-snippet:-1","max-image-preview":"max-image-preview:large","max-video-preview":"max-video-preview:-1"},"canonical":"https:\/\/www.topcultures.com\/fr\/a-propos-de-topcultures\/","og_locale":"fr_FR","og_type":"article","og_title":"\u00c0 propos de Topcultures","og_description":"\u00c0 propos de Topcultures, producteur de starters de tempeh et d'autres starters.","og_url":"https:\/\/www.topcultures.com\/fr\/a-propos-de-topcultures\/","og_site_name":"TopCultures","article_publisher":"https:\/\/www.facebook.com\/TopCultures-220325045442717","article_modified_time":"2025-01-23T17:27:44+00:00","twitter_card":"summary_large_image","schema":{"@context":"https:\/\/schema.org","@graph":[{"@type":"WebPage","@id":"https:\/\/www.topcultures.com\/fr\/a-propos-de-topcultures\/","url":"https:\/\/www.topcultures.com\/fr\/a-propos-de-topcultures\/","name":"\u00c0 propos de Topcultures","isPartOf":{"@id":"https:\/\/www.topcultures.com\/fr\/#website"},"datePublished":"2021-09-27T11:08:14+00:00","dateModified":"2025-01-23T17:27:44+00:00","description":"\u00c0 propos de Topcultures, producteur de starters de tempeh et d'autres starters.","breadcrumb":{"@id":"https:\/\/www.topcultures.com\/fr\/a-propos-de-topcultures\/#breadcrumb"},"inLanguage":"fr-FR","potentialAction":[{"@type":"ReadAction","target":["https:\/\/www.topcultures.com\/fr\/a-propos-de-topcultures\/"]}]},{"@type":"BreadcrumbList","@id":"https:\/\/www.topcultures.com\/fr\/a-propos-de-topcultures\/#breadcrumb","itemListElement":[{"@type":"ListItem","position":1,"name":"Home","item":"https:\/\/www.topcultures.com\/fr\/"},{"@type":"ListItem","position":2,"name":"\u00c0 propos de Topcultures"}]},{"@type":"WebSite","@id":"https:\/\/www.topcultures.com\/fr\/#website","url":"https:\/\/www.topcultures.com\/fr\/","name":"TopCultures","description":"Producer of cultures","publisher":{"@id":"https:\/\/www.topcultures.com\/fr\/#organization"},"potentialAction":[{"@type":"SearchAction","target":{"@type":"EntryPoint","urlTemplate":"https:\/\/www.topcultures.com\/fr\/?s={search_term_string}"},"query-input":{"@type":"PropertyValueSpecification","valueRequired":true,"valueName":"search_term_string"}}],"inLanguage":"fr-FR"},{"@type":"Organization","@id":"https:\/\/www.topcultures.com\/fr\/#organization","name":"TopCultures","url":"https:\/\/www.topcultures.com\/fr\/","logo":{"@type":"ImageObject","inLanguage":"fr-FR","@id":"https:\/\/www.topcultures.com\/fr\/#\/schema\/logo\/image\/","url":"https:\/\/www.topcultures.com\/wp-content\/uploads\/2018\/10\/logo-2.jpg","contentUrl":"https:\/\/www.topcultures.com\/wp-content\/uploads\/2018\/10\/logo-2.jpg","width":510,"height":98,"caption":"TopCultures"},"image":{"@id":"https:\/\/www.topcultures.com\/fr\/#\/schema\/logo\/image\/"},"sameAs":["https:\/\/www.facebook.com\/TopCultures-220325045442717"]}]}},"_links":{"self":[{"href":"https:\/\/www.topcultures.com\/fr\/wp-json\/wp\/v2\/pages\/13369","targetHints":{"allow":["GET"]}}],"collection":[{"href":"https:\/\/www.topcultures.com\/fr\/wp-json\/wp\/v2\/pages"}],"about":[{"href":"https:\/\/www.topcultures.com\/fr\/wp-json\/wp\/v2\/types\/page"}],"author":[{"embeddable":true,"href":"https:\/\/www.topcultures.com\/fr\/wp-json\/wp\/v2\/users\/1"}],"replies":[{"embeddable":true,"href":"https:\/\/www.topcultures.com\/fr\/wp-json\/wp\/v2\/comments?post=13369"}],"version-history":[{"count":1,"href":"https:\/\/www.topcultures.com\/fr\/wp-json\/wp\/v2\/pages\/13369\/revisions"}],"predecessor-version":[{"id":26665,"href":"https:\/\/www.topcultures.com\/fr\/wp-json\/wp\/v2\/pages\/13369\/revisions\/26665"}],"wp:attachment":[{"href":"https:\/\/www.topcultures.com\/fr\/wp-json\/wp\/v2\/media?parent=13369"}],"curies":[{"name":"wp","href":"https:\/\/api.w.org\/{rel}","templated":true}]}}