{"id":13441,"date":"2021-09-27T16:10:14","date_gmt":"2021-09-27T16:10:14","guid":{"rendered":"https:\/\/topcultures.com\/faq\/"},"modified":"2025-01-23T17:24:14","modified_gmt":"2025-01-23T17:24:14","slug":"faq","status":"publish","type":"page","link":"https:\/\/www.topcultures.com\/fr\/faq\/","title":{"rendered":"FAQ"},"content":{"rendered":"<h3>Quelle est la dur\u00e9e de conservation des starters?<\/h3>\n<p>Nos starters ont une dur\u00e9e de conservation d&rsquo;environ un an apr\u00e8s la date de production. S&rsquo;ils sont stock\u00e9s dans un endroit sec et frais, ils seront actifs pendant plusieurs ann\u00e9es.<\/p>\n<h3>Les starters conviennent-ils \u00e0 un r\u00e9gime v\u00e9g\u00e9talien ou v\u00e9g\u00e9tarien ? <\/h3>\n<p>Toutes nos starters conviennent aux v\u00e9g\u00e9taliens et aux v\u00e9g\u00e9tariens. Elles sont cultiv\u00e9es sur du soja et\/ou du riz.<\/p>\n<h3>Quels sont les allerg\u00e8nes courants pr\u00e9sents dans vos starters de culture ? <\/h3>\n<p>Le seul allerg\u00e8ne commun \u00e0 nos starter de tempeh et starter de natto est le soja. Nos starters sont \u00e9galement exempts de gluten.<\/p>\n<h3>Comment puis-je savoir si mon tempeh est bien sorti ? <\/h3>\n<p>Les graines de soja doivent \u00eatre recouvertes d&rsquo;une \u00e9paisse couche de myc\u00e9lium blanc, sans aucune apparition de taches noires. Le g\u00e2teau de tempeh doit avoir une fermet\u00e9 telle que vous pouvez en couper une tranche sans qu&rsquo;il s&rsquo;effrite. Il pourrait sentir un peu les champignons ou les noix, avec peut-\u00eatre une l\u00e9g\u00e8re pointe d&rsquo;ammoniac.<\/p>\n<h3>Puis-je manger du tempeh cru ?<\/h3>\n<p>Notre starter de tempeh est produit dans des conditions st\u00e9riles et est totalement exempt de bact\u00e9ries pathog\u00e8nes. Cependant, lorsque vous faites du tempeh \u00e0 la maison, il est toujours possible que certaines bact\u00e9ries s&rsquo;y glissent et contaminent tout le lot. Ces bact\u00e9ries pourraient se d\u00e9velopper pendant le processus de fermentation. Nous vous recommandons de faire frire ou cuire votre tempeh avant de le consommer.<\/p>\n<h3>Comment puis-je conserver mon tempeh?<\/h3>\n<p>Vous pouvez conserver le tempeh jusqu&rsquo;\u00e0 une semaine au r\u00e9frig\u00e9rateur ou trois mois au cong\u00e9lateur.<\/p>\n<h3>Peut-on faire du tempeh et du natto dans la m\u00eame cuisine ?<\/h3>\n<p>Oui, il est possible de faire du tempeh et du natto dans la m\u00eame cuisine. Apprenez-en plus <strong><a href=\"https:\/\/www.topcultures.com\/fr\/puis-je-faire-du-tempeh-et-du-natto-dans-la-meme-cuisine\/\">ici<\/a><\/strong>.<\/p>\n","protected":false},"excerpt":{"rendered":"<p>Quelle est la dur\u00e9e de conservation des starters? Nos starters ont une dur\u00e9e de conservation d&rsquo;environ un an apr\u00e8s la date de production. S&rsquo;ils sont stock\u00e9s dans un endroit sec et frais, ils seront actifs pendant plusieurs ann\u00e9es. Les starters conviennent-ils \u00e0 un r\u00e9gime v\u00e9g\u00e9talien ou v\u00e9g\u00e9tarien ? Toutes nos starters conviennent aux v\u00e9g\u00e9taliens et [&hellip;]<\/p>\n","protected":false},"author":1,"featured_media":0,"parent":0,"menu_order":0,"comment_status":"closed","ping_status":"closed","template":"","meta":{"footnotes":""},"class_list":["post-13441","page","type-page","status-publish","hentry"],"yoast_head":"<!-- This site is optimized with the Yoast SEO plugin v27.6 - https:\/\/yoast.com\/product\/yoast-seo-wordpress\/ -->\n<title>Liste des FAQ sur le tempeh et le starter au tempeh de TopCultures.<\/title>\n<meta name=\"description\" content=\"Liste des FAQ sur le tempeh et le starter au tempeh de TopCultures.\" \/>\n<meta name=\"robots\" content=\"index, follow, max-snippet:-1, max-image-preview:large, max-video-preview:-1\" \/>\n<link rel=\"canonical\" href=\"https:\/\/www.topcultures.com\/fr\/faq\/\" \/>\n<meta property=\"og:locale\" content=\"fr_FR\" \/>\n<meta property=\"og:type\" content=\"article\" \/>\n<meta property=\"og:title\" content=\"Liste des FAQ sur le tempeh et le starter au tempeh de TopCultures.\" \/>\n<meta property=\"og:description\" content=\"Liste des FAQ sur le tempeh et le starter au tempeh de TopCultures.\" \/>\n<meta property=\"og:url\" content=\"https:\/\/www.topcultures.com\/fr\/faq\/\" \/>\n<meta property=\"og:site_name\" content=\"TopCultures\" \/>\n<meta property=\"article:publisher\" content=\"https:\/\/www.facebook.com\/TopCultures-220325045442717\" \/>\n<meta property=\"article:modified_time\" content=\"2025-01-23T17:24:14+00:00\" \/>\n<meta name=\"twitter:card\" content=\"summary_large_image\" \/>\n<script type=\"application\/ld+json\" class=\"yoast-schema-graph\">{\"@context\":\"https:\\\/\\\/schema.org\",\"@graph\":[{\"@type\":\"WebPage\",\"@id\":\"https:\\\/\\\/www.topcultures.com\\\/fr\\\/faq\\\/\",\"url\":\"https:\\\/\\\/www.topcultures.com\\\/fr\\\/faq\\\/\",\"name\":\"Liste des FAQ sur le tempeh et le starter au tempeh de TopCultures.\",\"isPartOf\":{\"@id\":\"https:\\\/\\\/www.topcultures.com\\\/fr\\\/#website\"},\"datePublished\":\"2021-09-27T16:10:14+00:00\",\"dateModified\":\"2025-01-23T17:24:14+00:00\",\"description\":\"Liste des FAQ sur le tempeh et le starter au tempeh de TopCultures.\",\"breadcrumb\":{\"@id\":\"https:\\\/\\\/www.topcultures.com\\\/fr\\\/faq\\\/#breadcrumb\"},\"inLanguage\":\"fr-FR\",\"potentialAction\":[{\"@type\":\"ReadAction\",\"target\":[\"https:\\\/\\\/www.topcultures.com\\\/fr\\\/faq\\\/\"]}]},{\"@type\":\"BreadcrumbList\",\"@id\":\"https:\\\/\\\/www.topcultures.com\\\/fr\\\/faq\\\/#breadcrumb\",\"itemListElement\":[{\"@type\":\"ListItem\",\"position\":1,\"name\":\"Home\",\"item\":\"https:\\\/\\\/www.topcultures.com\\\/fr\\\/\"},{\"@type\":\"ListItem\",\"position\":2,\"name\":\"FAQ\"}]},{\"@type\":\"WebSite\",\"@id\":\"https:\\\/\\\/www.topcultures.com\\\/fr\\\/#website\",\"url\":\"https:\\\/\\\/www.topcultures.com\\\/fr\\\/\",\"name\":\"TopCultures\",\"description\":\"Producer of cultures\",\"publisher\":{\"@id\":\"https:\\\/\\\/www.topcultures.com\\\/fr\\\/#organization\"},\"potentialAction\":[{\"@type\":\"SearchAction\",\"target\":{\"@type\":\"EntryPoint\",\"urlTemplate\":\"https:\\\/\\\/www.topcultures.com\\\/fr\\\/?s={search_term_string}\"},\"query-input\":{\"@type\":\"PropertyValueSpecification\",\"valueRequired\":true,\"valueName\":\"search_term_string\"}}],\"inLanguage\":\"fr-FR\"},{\"@type\":\"Organization\",\"@id\":\"https:\\\/\\\/www.topcultures.com\\\/fr\\\/#organization\",\"name\":\"TopCultures\",\"url\":\"https:\\\/\\\/www.topcultures.com\\\/fr\\\/\",\"logo\":{\"@type\":\"ImageObject\",\"inLanguage\":\"fr-FR\",\"@id\":\"https:\\\/\\\/www.topcultures.com\\\/fr\\\/#\\\/schema\\\/logo\\\/image\\\/\",\"url\":\"https:\\\/\\\/www.topcultures.com\\\/wp-content\\\/uploads\\\/2018\\\/10\\\/logo-2.jpg\",\"contentUrl\":\"https:\\\/\\\/www.topcultures.com\\\/wp-content\\\/uploads\\\/2018\\\/10\\\/logo-2.jpg\",\"width\":510,\"height\":98,\"caption\":\"TopCultures\"},\"image\":{\"@id\":\"https:\\\/\\\/www.topcultures.com\\\/fr\\\/#\\\/schema\\\/logo\\\/image\\\/\"},\"sameAs\":[\"https:\\\/\\\/www.facebook.com\\\/TopCultures-220325045442717\"]}]}<\/script>\n<!-- \/ Yoast SEO plugin. -->","yoast_head_json":{"title":"Liste des FAQ sur le tempeh et le starter au tempeh de TopCultures.","description":"Liste des FAQ sur le tempeh et le starter au tempeh de TopCultures.","robots":{"index":"index","follow":"follow","max-snippet":"max-snippet:-1","max-image-preview":"max-image-preview:large","max-video-preview":"max-video-preview:-1"},"canonical":"https:\/\/www.topcultures.com\/fr\/faq\/","og_locale":"fr_FR","og_type":"article","og_title":"Liste des FAQ sur le tempeh et le starter au tempeh de TopCultures.","og_description":"Liste des FAQ sur le tempeh et le starter au tempeh de TopCultures.","og_url":"https:\/\/www.topcultures.com\/fr\/faq\/","og_site_name":"TopCultures","article_publisher":"https:\/\/www.facebook.com\/TopCultures-220325045442717","article_modified_time":"2025-01-23T17:24:14+00:00","twitter_card":"summary_large_image","schema":{"@context":"https:\/\/schema.org","@graph":[{"@type":"WebPage","@id":"https:\/\/www.topcultures.com\/fr\/faq\/","url":"https:\/\/www.topcultures.com\/fr\/faq\/","name":"Liste des FAQ sur le tempeh et le starter au tempeh de TopCultures.","isPartOf":{"@id":"https:\/\/www.topcultures.com\/fr\/#website"},"datePublished":"2021-09-27T16:10:14+00:00","dateModified":"2025-01-23T17:24:14+00:00","description":"Liste des FAQ sur le tempeh et le starter au tempeh de TopCultures.","breadcrumb":{"@id":"https:\/\/www.topcultures.com\/fr\/faq\/#breadcrumb"},"inLanguage":"fr-FR","potentialAction":[{"@type":"ReadAction","target":["https:\/\/www.topcultures.com\/fr\/faq\/"]}]},{"@type":"BreadcrumbList","@id":"https:\/\/www.topcultures.com\/fr\/faq\/#breadcrumb","itemListElement":[{"@type":"ListItem","position":1,"name":"Home","item":"https:\/\/www.topcultures.com\/fr\/"},{"@type":"ListItem","position":2,"name":"FAQ"}]},{"@type":"WebSite","@id":"https:\/\/www.topcultures.com\/fr\/#website","url":"https:\/\/www.topcultures.com\/fr\/","name":"TopCultures","description":"Producer of cultures","publisher":{"@id":"https:\/\/www.topcultures.com\/fr\/#organization"},"potentialAction":[{"@type":"SearchAction","target":{"@type":"EntryPoint","urlTemplate":"https:\/\/www.topcultures.com\/fr\/?s={search_term_string}"},"query-input":{"@type":"PropertyValueSpecification","valueRequired":true,"valueName":"search_term_string"}}],"inLanguage":"fr-FR"},{"@type":"Organization","@id":"https:\/\/www.topcultures.com\/fr\/#organization","name":"TopCultures","url":"https:\/\/www.topcultures.com\/fr\/","logo":{"@type":"ImageObject","inLanguage":"fr-FR","@id":"https:\/\/www.topcultures.com\/fr\/#\/schema\/logo\/image\/","url":"https:\/\/www.topcultures.com\/wp-content\/uploads\/2018\/10\/logo-2.jpg","contentUrl":"https:\/\/www.topcultures.com\/wp-content\/uploads\/2018\/10\/logo-2.jpg","width":510,"height":98,"caption":"TopCultures"},"image":{"@id":"https:\/\/www.topcultures.com\/fr\/#\/schema\/logo\/image\/"},"sameAs":["https:\/\/www.facebook.com\/TopCultures-220325045442717"]}]}},"_links":{"self":[{"href":"https:\/\/www.topcultures.com\/fr\/wp-json\/wp\/v2\/pages\/13441","targetHints":{"allow":["GET"]}}],"collection":[{"href":"https:\/\/www.topcultures.com\/fr\/wp-json\/wp\/v2\/pages"}],"about":[{"href":"https:\/\/www.topcultures.com\/fr\/wp-json\/wp\/v2\/types\/page"}],"author":[{"embeddable":true,"href":"https:\/\/www.topcultures.com\/fr\/wp-json\/wp\/v2\/users\/1"}],"replies":[{"embeddable":true,"href":"https:\/\/www.topcultures.com\/fr\/wp-json\/wp\/v2\/comments?post=13441"}],"version-history":[{"count":1,"href":"https:\/\/www.topcultures.com\/fr\/wp-json\/wp\/v2\/pages\/13441\/revisions"}],"predecessor-version":[{"id":26660,"href":"https:\/\/www.topcultures.com\/fr\/wp-json\/wp\/v2\/pages\/13441\/revisions\/26660"}],"wp:attachment":[{"href":"https:\/\/www.topcultures.com\/fr\/wp-json\/wp\/v2\/media?parent=13441"}],"curies":[{"name":"wp","href":"https:\/\/api.w.org\/{rel}","templated":true}]}}