{"id":19371,"date":"2023-02-22T09:32:52","date_gmt":"2023-02-22T09:32:52","guid":{"rendered":"https:\/\/topcultures.com\/puis-je-faire-du-tempeh-et-du-natto-dans-la-meme-cuisine\/"},"modified":"2023-02-22T09:32:52","modified_gmt":"2023-02-22T09:32:52","slug":"puis-je-faire-du-tempeh-et-du-natto-dans-la-meme-cuisine","status":"publish","type":"page","link":"https:\/\/www.topcultures.com\/fr\/puis-je-faire-du-tempeh-et-du-natto-dans-la-meme-cuisine\/","title":{"rendered":"Puis-je faire du tempeh et du natto dans la m\u00eame cuisine ?"},"content":{"rendered":"<p>Lorsque vous faites du natto ou du tempeh, certaines des spores vont na\u00eetre dans l&rsquo;air. Vous vous demandez peut-\u00eatre si les spores du natto peuvent contaminer le tempeh et vice-versa ?<\/p>\n<p>Le Bacillus subtilus est connu comme une importante bact\u00e9rie de d\u00e9t\u00e9rioration du tempeh. Elle produit des taches gluantes et malodorantes dans le tempeh, surtout si le tempeh n&rsquo;est pas bien acidifi\u00e9, trop humide ou incub\u00e9 \u00e0 une temp\u00e9rature trop \u00e9lev\u00e9e. D&rsquo;autre part, lorsque vous faites du natto, Rhizopus peut aussi se d\u00e9velopper sur les graines de soja. Les spores du natto vont-elles d\u00e9passer le Rhizopus ? Pour r\u00e9pondre \u00e0 ces questions, nous avons d\u00e9lib\u00e9r\u00e9ment contamin\u00e9 les graines de soja avec les autres spores.<\/p>\n<h2>Test 1 : Natto contamin\u00e9 par des spores de Rhizopus<\/h2>\n<p>Nous avons fait du natto en utilisant la m\u00e9thode que vous pouvez trouver sur nos pages de bricolage, mais nous avons laiss\u00e9 une bouteille refroidir \u00e0 moins de 40\u00b0C et avons contamin\u00e9 le soja avec 0,1g de tempeh starter par kg de soja. Il s&rsquo;agit d&rsquo;un niveau de contamination tr\u00e8s \u00e9lev\u00e9. Le natto final avait le m\u00eame go\u00fbt, la m\u00eame odeur et la m\u00eame apparence que le natto non contamin\u00e9. Le natto est incub\u00e9 \u00e0 40\u00b0C, mais d\u00e8s que la fermentation d\u00e9marre, la temp\u00e9rature dans les graines de soja augmente pour atteindre entre 45\u00b0 et 50\u00b0C. \u00c0 cette temp\u00e9rature \u00e9lev\u00e9e, la croissance du Rhizopus est inhib\u00e9e.<\/p>\n<figure id=\"attachment_17861\" aria-describedby=\"caption-attachment-17861\" style=\"width: 627px\" class=\"wp-caption alignnone\"><img loading=\"lazy\" decoding=\"async\" class=\"wp-image-17861\" src=\"https:\/\/topcultures.com\/wp-content\/uploads\/natto_with_rhizopus_spores.jpg\" alt=\"\" width=\"627\" height=\"418\" srcset=\"https:\/\/www.topcultures.com\/wp-content\/uploads\/natto_with_rhizopus_spores.jpg 627w, https:\/\/www.topcultures.com\/wp-content\/uploads\/natto_with_rhizopus_spores-416x277.jpg 416w, https:\/\/www.topcultures.com\/wp-content\/uploads\/natto_with_rhizopus_spores-300x200.jpg 300w\" sizes=\"auto, (max-width: 627px) 100vw, 627px\" \/><figcaption id=\"caption-attachment-17861\" class=\"wp-caption-text\">A gauche : natto contamin\u00e9 par des spores de Rhizopus, \u00e0 droite : natto normal<\/figcaption><\/figure>\n<h2><\/h2>\n<h2>Test 2 : Tempeh contamin\u00e9 par des spores de natto<\/h2>\n<p>Nous avons fait du tempeh en utilisant la m\u00e9thode que vous pouvez trouver sur nos pages de bricolage. Nous avons contamin\u00e9 les graines de soja avec 0,1g de starter natto par kg de graines de soja en m\u00eame temps que nous avons ajout\u00e9 le tempeh starter. Dans ce test \u00e9galement, nous n&rsquo;avons constat\u00e9 aucun effet de la contamination sur la qualit\u00e9 finale. Le tempeh \u00e9tait parfait, ne pr\u00e9sentait aucune tache gluante et avait une odeur agr\u00e9able et typique. Pourquoi les spores de Bacillus n&rsquo;alt\u00e8rent-elles pas le tempeh ? Pour faire du tempeh, il est important d&rsquo;acidifier les haricots, soit en ajoutant un acide (vinaigre ou acide lactique), soit par une fermentation lactique naturelle. Le Bacillus ne peut pas se d\u00e9velopper sur des haricots ainsi acidifi\u00e9s. Une fois que le Rhizopus a colonis\u00e9 les graines de soja, l&rsquo;acidit\u00e9 diminue (le pH augmente) et les conditions deviennent favorables \u00e0 la croissance du Bacillus. Le Rhizopus semble inhiber la croissance du Bacillus.<\/p>\n<figure id=\"attachment_17869\" aria-describedby=\"caption-attachment-17869\" style=\"width: 627px\" class=\"wp-caption alignnone\"><img loading=\"lazy\" decoding=\"async\" class=\"wp-image-17869 size-full\" src=\"https:\/\/topcultures.com\/wp-content\/uploads\/tempeh_with_rhizopus_spores.jpg\" alt=\"tempeh contamin\u00e9 au Bacillus subtilus\" width=\"627\" height=\"418\" srcset=\"https:\/\/www.topcultures.com\/wp-content\/uploads\/tempeh_with_rhizopus_spores.jpg 627w, https:\/\/www.topcultures.com\/wp-content\/uploads\/tempeh_with_rhizopus_spores-416x277.jpg 416w, https:\/\/www.topcultures.com\/wp-content\/uploads\/tempeh_with_rhizopus_spores-300x200.jpg 300w\" sizes=\"auto, (max-width: 627px) 100vw, 627px\" \/><figcaption id=\"caption-attachment-17869\" class=\"wp-caption-text\">Tempeh contamin\u00e9 aux spores de natto<\/figcaption><\/figure>\n<h2>Conclusion<\/h2>\n<p>Il est possible de faire du natto et du tempeh dans la m\u00eame cuisine, en suivant les bonnes proc\u00e9dures. Si une d\u00e9t\u00e9rioration se produit, cela signifie qu&rsquo;il y a une erreur dans votre proc\u00e9dure de fermentation. Par exemple, faire du tempeh avec des haricots non acidifi\u00e9s ou fermenter le natto \u00e0 une temp\u00e9rature trop basse.<\/p>\n<p>Veuillez noter que cette conclusion n&rsquo;est valable que pour le tempeh starter et le natto starter de TopCultures. Les starters d&rsquo;autres fournisseurs peuvent contenir des souches diff\u00e9rentes avec des caract\u00e9ristiques diff\u00e9rentes.<\/p>\n","protected":false},"excerpt":{"rendered":"<p>Lorsque vous faites du natto ou du tempeh, certaines des spores vont na\u00eetre dans l&rsquo;air. Vous vous demandez peut-\u00eatre si les spores du natto peuvent contaminer le tempeh et vice-versa ? Le Bacillus subtilus est connu comme une importante bact\u00e9rie de d\u00e9t\u00e9rioration du tempeh. Elle produit des taches gluantes et malodorantes dans le tempeh, surtout [&hellip;]<\/p>\n","protected":false},"author":1,"featured_media":0,"parent":0,"menu_order":0,"comment_status":"closed","ping_status":"closed","template":"","meta":{"footnotes":""},"class_list":["post-19371","page","type-page","status-publish","hentry"],"yoast_head":"<!-- This site is optimized with the Yoast SEO plugin v27.6 - https:\/\/yoast.com\/product\/yoast-seo-wordpress\/ -->\n<title>Puis-je faire du tempeh et du natto dans la m\u00eame cuisine ?<\/title>\n<meta name=\"robots\" content=\"index, follow, max-snippet:-1, max-image-preview:large, max-video-preview:-1\" \/>\n<link rel=\"canonical\" href=\"https:\/\/www.topcultures.com\/fr\/puis-je-faire-du-tempeh-et-du-natto-dans-la-meme-cuisine\/\" \/>\n<meta property=\"og:locale\" content=\"fr_FR\" \/>\n<meta property=\"og:type\" content=\"article\" \/>\n<meta property=\"og:title\" content=\"Puis-je faire du tempeh et du natto dans la m\u00eame cuisine ?\" \/>\n<meta property=\"og:description\" content=\"Lorsque vous faites du natto ou du tempeh, certaines des spores vont na\u00eetre dans l&rsquo;air. Vous vous demandez peut-\u00eatre si les spores du natto peuvent contaminer le tempeh et vice-versa ? Le Bacillus subtilus est connu comme une importante bact\u00e9rie de d\u00e9t\u00e9rioration du tempeh. Elle produit des taches gluantes et malodorantes dans le tempeh, surtout [&hellip;]\" \/>\n<meta property=\"og:url\" content=\"https:\/\/www.topcultures.com\/fr\/puis-je-faire-du-tempeh-et-du-natto-dans-la-meme-cuisine\/\" \/>\n<meta property=\"og:site_name\" content=\"TopCultures\" \/>\n<meta property=\"article:publisher\" content=\"https:\/\/www.facebook.com\/TopCultures-220325045442717\" \/>\n<meta property=\"og:image\" content=\"https:\/\/topcultures.com\/wp-content\/uploads\/natto_with_rhizopus_spores.jpg\" \/>\n<meta name=\"twitter:card\" content=\"summary_large_image\" \/>\n<script type=\"application\/ld+json\" class=\"yoast-schema-graph\">{\"@context\":\"https:\\\/\\\/schema.org\",\"@graph\":[{\"@type\":\"WebPage\",\"@id\":\"https:\\\/\\\/www.topcultures.com\\\/fr\\\/puis-je-faire-du-tempeh-et-du-natto-dans-la-meme-cuisine\\\/\",\"url\":\"https:\\\/\\\/www.topcultures.com\\\/fr\\\/puis-je-faire-du-tempeh-et-du-natto-dans-la-meme-cuisine\\\/\",\"name\":\"Puis-je faire du tempeh et du natto dans la m\u00eame cuisine ?\",\"isPartOf\":{\"@id\":\"https:\\\/\\\/www.topcultures.com\\\/fr\\\/#website\"},\"primaryImageOfPage\":{\"@id\":\"https:\\\/\\\/www.topcultures.com\\\/fr\\\/puis-je-faire-du-tempeh-et-du-natto-dans-la-meme-cuisine\\\/#primaryimage\"},\"image\":{\"@id\":\"https:\\\/\\\/www.topcultures.com\\\/fr\\\/puis-je-faire-du-tempeh-et-du-natto-dans-la-meme-cuisine\\\/#primaryimage\"},\"thumbnailUrl\":\"https:\\\/\\\/topcultures.com\\\/wp-content\\\/uploads\\\/natto_with_rhizopus_spores.jpg\",\"datePublished\":\"2023-02-22T09:32:52+00:00\",\"breadcrumb\":{\"@id\":\"https:\\\/\\\/www.topcultures.com\\\/fr\\\/puis-je-faire-du-tempeh-et-du-natto-dans-la-meme-cuisine\\\/#breadcrumb\"},\"inLanguage\":\"fr-FR\",\"potentialAction\":[{\"@type\":\"ReadAction\",\"target\":[\"https:\\\/\\\/www.topcultures.com\\\/fr\\\/puis-je-faire-du-tempeh-et-du-natto-dans-la-meme-cuisine\\\/\"]}]},{\"@type\":\"ImageObject\",\"inLanguage\":\"fr-FR\",\"@id\":\"https:\\\/\\\/www.topcultures.com\\\/fr\\\/puis-je-faire-du-tempeh-et-du-natto-dans-la-meme-cuisine\\\/#primaryimage\",\"url\":\"https:\\\/\\\/topcultures.com\\\/wp-content\\\/uploads\\\/natto_with_rhizopus_spores.jpg\",\"contentUrl\":\"https:\\\/\\\/topcultures.com\\\/wp-content\\\/uploads\\\/natto_with_rhizopus_spores.jpg\"},{\"@type\":\"BreadcrumbList\",\"@id\":\"https:\\\/\\\/www.topcultures.com\\\/fr\\\/puis-je-faire-du-tempeh-et-du-natto-dans-la-meme-cuisine\\\/#breadcrumb\",\"itemListElement\":[{\"@type\":\"ListItem\",\"position\":1,\"name\":\"Home\",\"item\":\"https:\\\/\\\/www.topcultures.com\\\/fr\\\/\"},{\"@type\":\"ListItem\",\"position\":2,\"name\":\"Puis-je faire du tempeh et du natto dans la m\u00eame cuisine ?\"}]},{\"@type\":\"WebSite\",\"@id\":\"https:\\\/\\\/www.topcultures.com\\\/fr\\\/#website\",\"url\":\"https:\\\/\\\/www.topcultures.com\\\/fr\\\/\",\"name\":\"TopCultures\",\"description\":\"Producer of cultures\",\"publisher\":{\"@id\":\"https:\\\/\\\/www.topcultures.com\\\/fr\\\/#organization\"},\"potentialAction\":[{\"@type\":\"SearchAction\",\"target\":{\"@type\":\"EntryPoint\",\"urlTemplate\":\"https:\\\/\\\/www.topcultures.com\\\/fr\\\/?s={search_term_string}\"},\"query-input\":{\"@type\":\"PropertyValueSpecification\",\"valueRequired\":true,\"valueName\":\"search_term_string\"}}],\"inLanguage\":\"fr-FR\"},{\"@type\":\"Organization\",\"@id\":\"https:\\\/\\\/www.topcultures.com\\\/fr\\\/#organization\",\"name\":\"TopCultures\",\"url\":\"https:\\\/\\\/www.topcultures.com\\\/fr\\\/\",\"logo\":{\"@type\":\"ImageObject\",\"inLanguage\":\"fr-FR\",\"@id\":\"https:\\\/\\\/www.topcultures.com\\\/fr\\\/#\\\/schema\\\/logo\\\/image\\\/\",\"url\":\"https:\\\/\\\/www.topcultures.com\\\/wp-content\\\/uploads\\\/2018\\\/10\\\/logo-2.jpg\",\"contentUrl\":\"https:\\\/\\\/www.topcultures.com\\\/wp-content\\\/uploads\\\/2018\\\/10\\\/logo-2.jpg\",\"width\":510,\"height\":98,\"caption\":\"TopCultures\"},\"image\":{\"@id\":\"https:\\\/\\\/www.topcultures.com\\\/fr\\\/#\\\/schema\\\/logo\\\/image\\\/\"},\"sameAs\":[\"https:\\\/\\\/www.facebook.com\\\/TopCultures-220325045442717\"]}]}<\/script>\n<!-- \/ Yoast SEO plugin. -->","yoast_head_json":{"title":"Puis-je faire du tempeh et du natto dans la m\u00eame cuisine ?","robots":{"index":"index","follow":"follow","max-snippet":"max-snippet:-1","max-image-preview":"max-image-preview:large","max-video-preview":"max-video-preview:-1"},"canonical":"https:\/\/www.topcultures.com\/fr\/puis-je-faire-du-tempeh-et-du-natto-dans-la-meme-cuisine\/","og_locale":"fr_FR","og_type":"article","og_title":"Puis-je faire du tempeh et du natto dans la m\u00eame cuisine ?","og_description":"Lorsque vous faites du natto ou du tempeh, certaines des spores vont na\u00eetre dans l&rsquo;air. Vous vous demandez peut-\u00eatre si les spores du natto peuvent contaminer le tempeh et vice-versa ? Le Bacillus subtilus est connu comme une importante bact\u00e9rie de d\u00e9t\u00e9rioration du tempeh. Elle produit des taches gluantes et malodorantes dans le tempeh, surtout [&hellip;]","og_url":"https:\/\/www.topcultures.com\/fr\/puis-je-faire-du-tempeh-et-du-natto-dans-la-meme-cuisine\/","og_site_name":"TopCultures","article_publisher":"https:\/\/www.facebook.com\/TopCultures-220325045442717","og_image":[{"url":"https:\/\/topcultures.com\/wp-content\/uploads\/natto_with_rhizopus_spores.jpg","type":"","width":"","height":""}],"twitter_card":"summary_large_image","schema":{"@context":"https:\/\/schema.org","@graph":[{"@type":"WebPage","@id":"https:\/\/www.topcultures.com\/fr\/puis-je-faire-du-tempeh-et-du-natto-dans-la-meme-cuisine\/","url":"https:\/\/www.topcultures.com\/fr\/puis-je-faire-du-tempeh-et-du-natto-dans-la-meme-cuisine\/","name":"Puis-je faire du tempeh et du natto dans la m\u00eame cuisine ?","isPartOf":{"@id":"https:\/\/www.topcultures.com\/fr\/#website"},"primaryImageOfPage":{"@id":"https:\/\/www.topcultures.com\/fr\/puis-je-faire-du-tempeh-et-du-natto-dans-la-meme-cuisine\/#primaryimage"},"image":{"@id":"https:\/\/www.topcultures.com\/fr\/puis-je-faire-du-tempeh-et-du-natto-dans-la-meme-cuisine\/#primaryimage"},"thumbnailUrl":"https:\/\/topcultures.com\/wp-content\/uploads\/natto_with_rhizopus_spores.jpg","datePublished":"2023-02-22T09:32:52+00:00","breadcrumb":{"@id":"https:\/\/www.topcultures.com\/fr\/puis-je-faire-du-tempeh-et-du-natto-dans-la-meme-cuisine\/#breadcrumb"},"inLanguage":"fr-FR","potentialAction":[{"@type":"ReadAction","target":["https:\/\/www.topcultures.com\/fr\/puis-je-faire-du-tempeh-et-du-natto-dans-la-meme-cuisine\/"]}]},{"@type":"ImageObject","inLanguage":"fr-FR","@id":"https:\/\/www.topcultures.com\/fr\/puis-je-faire-du-tempeh-et-du-natto-dans-la-meme-cuisine\/#primaryimage","url":"https:\/\/topcultures.com\/wp-content\/uploads\/natto_with_rhizopus_spores.jpg","contentUrl":"https:\/\/topcultures.com\/wp-content\/uploads\/natto_with_rhizopus_spores.jpg"},{"@type":"BreadcrumbList","@id":"https:\/\/www.topcultures.com\/fr\/puis-je-faire-du-tempeh-et-du-natto-dans-la-meme-cuisine\/#breadcrumb","itemListElement":[{"@type":"ListItem","position":1,"name":"Home","item":"https:\/\/www.topcultures.com\/fr\/"},{"@type":"ListItem","position":2,"name":"Puis-je faire du tempeh et du natto dans la m\u00eame cuisine ?"}]},{"@type":"WebSite","@id":"https:\/\/www.topcultures.com\/fr\/#website","url":"https:\/\/www.topcultures.com\/fr\/","name":"TopCultures","description":"Producer of cultures","publisher":{"@id":"https:\/\/www.topcultures.com\/fr\/#organization"},"potentialAction":[{"@type":"SearchAction","target":{"@type":"EntryPoint","urlTemplate":"https:\/\/www.topcultures.com\/fr\/?s={search_term_string}"},"query-input":{"@type":"PropertyValueSpecification","valueRequired":true,"valueName":"search_term_string"}}],"inLanguage":"fr-FR"},{"@type":"Organization","@id":"https:\/\/www.topcultures.com\/fr\/#organization","name":"TopCultures","url":"https:\/\/www.topcultures.com\/fr\/","logo":{"@type":"ImageObject","inLanguage":"fr-FR","@id":"https:\/\/www.topcultures.com\/fr\/#\/schema\/logo\/image\/","url":"https:\/\/www.topcultures.com\/wp-content\/uploads\/2018\/10\/logo-2.jpg","contentUrl":"https:\/\/www.topcultures.com\/wp-content\/uploads\/2018\/10\/logo-2.jpg","width":510,"height":98,"caption":"TopCultures"},"image":{"@id":"https:\/\/www.topcultures.com\/fr\/#\/schema\/logo\/image\/"},"sameAs":["https:\/\/www.facebook.com\/TopCultures-220325045442717"]}]}},"_links":{"self":[{"href":"https:\/\/www.topcultures.com\/fr\/wp-json\/wp\/v2\/pages\/19371","targetHints":{"allow":["GET"]}}],"collection":[{"href":"https:\/\/www.topcultures.com\/fr\/wp-json\/wp\/v2\/pages"}],"about":[{"href":"https:\/\/www.topcultures.com\/fr\/wp-json\/wp\/v2\/types\/page"}],"author":[{"embeddable":true,"href":"https:\/\/www.topcultures.com\/fr\/wp-json\/wp\/v2\/users\/1"}],"replies":[{"embeddable":true,"href":"https:\/\/www.topcultures.com\/fr\/wp-json\/wp\/v2\/comments?post=19371"}],"version-history":[{"count":0,"href":"https:\/\/www.topcultures.com\/fr\/wp-json\/wp\/v2\/pages\/19371\/revisions"}],"wp:attachment":[{"href":"https:\/\/www.topcultures.com\/fr\/wp-json\/wp\/v2\/media?parent=19371"}],"curies":[{"name":"wp","href":"https:\/\/api.w.org\/{rel}","templated":true}]}}