{"id":28976,"date":"2026-03-07T14:12:12","date_gmt":"2026-03-07T14:12:12","guid":{"rendered":"https:\/\/www.topcultures.com\/politique-de-retour\/"},"modified":"2026-03-07T14:12:12","modified_gmt":"2026-03-07T14:12:12","slug":"politique-de-retour","status":"publish","type":"page","link":"https:\/\/www.topcultures.com\/fr\/politique-de-retour\/","title":{"rendered":"Politique de retour"},"content":{"rendered":"<p>Nous voulons que vous aimiez ce que vous commandez chez nous ! Chaque produit est fabriqu\u00e9 et emball\u00e9 avec soin, mais si quelque chose ne vous convient pas, nous sommes l\u00e0 pour vous aider. <\/p>\n<h2>Aucun retour (pour des raisons de s\u00e9curit\u00e9)<\/h2>\n<p>Nos produits \u00e9tant des denr\u00e9es alimentaires, nous ne pouvons malheureusement pas accepter les retours. Cette mesure vise simplement \u00e0 garantir que tous nos clients re\u00e7oivent uniquement des produits frais et s\u00fbrs.<\/p>\n<h2>Si vous n&rsquo;\u00eates pas satisfait<\/h2>\n<p>Votre satisfaction est importante pour nous. Si votre commande ne r\u00e9pond pas \u00e0 vos attentes, qu&rsquo;elle soit arriv\u00e9e endommag\u00e9e, avari\u00e9e ou que vous n&rsquo;\u00eates tout simplement pas satisfait de la qualit\u00e9, veuillez nous contacter dans les 7 jours suivant la r\u00e9ception. Nous ferons de notre mieux pour rectifier le tir et, si n\u00e9cessaire, nous vous proposerons un remboursement ou un remplacement. <\/p>\n<h2>Comment nous contacter<\/h2>\n<ul>\n<li>Pour nous aider \u00e0 r\u00e9gler rapidement le probl\u00e8me, veuillez inclure :<\/li>\n<li>Votre num\u00e9ro de commande<\/li>\n<li>Une br\u00e8ve description du probl\u00e8me<\/li>\n<li>Quelques photos (si possible)<\/li>\n<li>Envoyez le tout \u00e0 [votre adresse e-mail d&rsquo;assistance] ou contactez-nous via [votre formulaire de contact \/ num\u00e9ro de t\u00e9l\u00e9phone].<\/li>\n<\/ul>\n<h2>D\u00e9lai de remboursement<\/h2>\n<p>Une fois votre message examin\u00e9, nous traiterons tout remboursement approuv\u00e9 selon votre mode de paiement initial dans un d\u00e9lai de 5 \u00e0 10 jours ouvrables.<\/p>\n<h2>Nous sommes l\u00e0 pour vous aider<\/h2>\n<p>Nous appr\u00e9cions chaque client et souhaitons sinc\u00e8rement que vous soyez satisfait de votre exp\u00e9rience. Si vous avez des questions, qu&rsquo;elles soient importantes ou mineures, n&rsquo;h\u00e9sitez pas \u00e0 nous contacter. Nous ferons toujours de notre mieux pour vous aider.<\/p>\n","protected":false},"excerpt":{"rendered":"<p>Nous voulons que vous aimiez ce que vous commandez chez nous ! Chaque produit est fabriqu\u00e9 et emball\u00e9 avec soin, mais si quelque chose ne vous convient pas, nous sommes l\u00e0 pour vous aider. Aucun retour (pour des raisons de s\u00e9curit\u00e9) Nos produits \u00e9tant des denr\u00e9es alimentaires, nous ne pouvons malheureusement pas accepter les retours. [&hellip;]<\/p>\n","protected":false},"author":1,"featured_media":0,"parent":0,"menu_order":0,"comment_status":"closed","ping_status":"closed","template":"","meta":{"footnotes":""},"class_list":["post-28976","page","type-page","status-publish","hentry"],"yoast_head":"<!-- This site is optimized with the Yoast SEO plugin v27.5 - https:\/\/yoast.com\/product\/yoast-seo-wordpress\/ -->\n<title>Politique de retour - TopCultures<\/title>\n<meta name=\"robots\" content=\"index, follow, max-snippet:-1, max-image-preview:large, max-video-preview:-1\" \/>\n<link rel=\"canonical\" href=\"https:\/\/www.topcultures.com\/fr\/politique-de-retour\/\" \/>\n<meta property=\"og:locale\" content=\"fr_FR\" \/>\n<meta property=\"og:type\" content=\"article\" \/>\n<meta property=\"og:title\" content=\"Politique de retour - TopCultures\" \/>\n<meta property=\"og:description\" content=\"Nous voulons que vous aimiez ce que vous commandez chez nous ! Chaque produit est fabriqu\u00e9 et emball\u00e9 avec soin, mais si quelque chose ne vous convient pas, nous sommes l\u00e0 pour vous aider. Aucun retour (pour des raisons de s\u00e9curit\u00e9) Nos produits \u00e9tant des denr\u00e9es alimentaires, nous ne pouvons malheureusement pas accepter les retours. [&hellip;]\" \/>\n<meta property=\"og:url\" content=\"https:\/\/www.topcultures.com\/fr\/politique-de-retour\/\" \/>\n<meta property=\"og:site_name\" content=\"TopCultures\" \/>\n<meta property=\"article:publisher\" content=\"https:\/\/www.facebook.com\/TopCultures-220325045442717\" \/>\n<meta name=\"twitter:card\" content=\"summary_large_image\" \/>\n<script type=\"application\/ld+json\" class=\"yoast-schema-graph\">{\"@context\":\"https:\\\/\\\/schema.org\",\"@graph\":[{\"@type\":\"WebPage\",\"@id\":\"https:\\\/\\\/www.topcultures.com\\\/fr\\\/politique-de-retour\\\/\",\"url\":\"https:\\\/\\\/www.topcultures.com\\\/fr\\\/politique-de-retour\\\/\",\"name\":\"Politique de retour - TopCultures\",\"isPartOf\":{\"@id\":\"https:\\\/\\\/www.topcultures.com\\\/fr\\\/#website\"},\"datePublished\":\"2026-03-07T14:12:12+00:00\",\"breadcrumb\":{\"@id\":\"https:\\\/\\\/www.topcultures.com\\\/fr\\\/politique-de-retour\\\/#breadcrumb\"},\"inLanguage\":\"fr-FR\",\"potentialAction\":[{\"@type\":\"ReadAction\",\"target\":[\"https:\\\/\\\/www.topcultures.com\\\/fr\\\/politique-de-retour\\\/\"]}]},{\"@type\":\"BreadcrumbList\",\"@id\":\"https:\\\/\\\/www.topcultures.com\\\/fr\\\/politique-de-retour\\\/#breadcrumb\",\"itemListElement\":[{\"@type\":\"ListItem\",\"position\":1,\"name\":\"Home\",\"item\":\"https:\\\/\\\/www.topcultures.com\\\/fr\\\/\"},{\"@type\":\"ListItem\",\"position\":2,\"name\":\"Politique de retour\"}]},{\"@type\":\"WebSite\",\"@id\":\"https:\\\/\\\/www.topcultures.com\\\/fr\\\/#website\",\"url\":\"https:\\\/\\\/www.topcultures.com\\\/fr\\\/\",\"name\":\"TopCultures\",\"description\":\"Producer of cultures\",\"publisher\":{\"@id\":\"https:\\\/\\\/www.topcultures.com\\\/fr\\\/#organization\"},\"potentialAction\":[{\"@type\":\"SearchAction\",\"target\":{\"@type\":\"EntryPoint\",\"urlTemplate\":\"https:\\\/\\\/www.topcultures.com\\\/fr\\\/?s={search_term_string}\"},\"query-input\":{\"@type\":\"PropertyValueSpecification\",\"valueRequired\":true,\"valueName\":\"search_term_string\"}}],\"inLanguage\":\"fr-FR\"},{\"@type\":\"Organization\",\"@id\":\"https:\\\/\\\/www.topcultures.com\\\/fr\\\/#organization\",\"name\":\"TopCultures\",\"url\":\"https:\\\/\\\/www.topcultures.com\\\/fr\\\/\",\"logo\":{\"@type\":\"ImageObject\",\"inLanguage\":\"fr-FR\",\"@id\":\"https:\\\/\\\/www.topcultures.com\\\/fr\\\/#\\\/schema\\\/logo\\\/image\\\/\",\"url\":\"https:\\\/\\\/www.topcultures.com\\\/wp-content\\\/uploads\\\/2018\\\/10\\\/logo-2.jpg\",\"contentUrl\":\"https:\\\/\\\/www.topcultures.com\\\/wp-content\\\/uploads\\\/2018\\\/10\\\/logo-2.jpg\",\"width\":510,\"height\":98,\"caption\":\"TopCultures\"},\"image\":{\"@id\":\"https:\\\/\\\/www.topcultures.com\\\/fr\\\/#\\\/schema\\\/logo\\\/image\\\/\"},\"sameAs\":[\"https:\\\/\\\/www.facebook.com\\\/TopCultures-220325045442717\"]}]}<\/script>\n<!-- \/ Yoast SEO plugin. -->","yoast_head_json":{"title":"Politique de retour - TopCultures","robots":{"index":"index","follow":"follow","max-snippet":"max-snippet:-1","max-image-preview":"max-image-preview:large","max-video-preview":"max-video-preview:-1"},"canonical":"https:\/\/www.topcultures.com\/fr\/politique-de-retour\/","og_locale":"fr_FR","og_type":"article","og_title":"Politique de retour - TopCultures","og_description":"Nous voulons que vous aimiez ce que vous commandez chez nous ! Chaque produit est fabriqu\u00e9 et emball\u00e9 avec soin, mais si quelque chose ne vous convient pas, nous sommes l\u00e0 pour vous aider. Aucun retour (pour des raisons de s\u00e9curit\u00e9) Nos produits \u00e9tant des denr\u00e9es alimentaires, nous ne pouvons malheureusement pas accepter les retours. [&hellip;]","og_url":"https:\/\/www.topcultures.com\/fr\/politique-de-retour\/","og_site_name":"TopCultures","article_publisher":"https:\/\/www.facebook.com\/TopCultures-220325045442717","twitter_card":"summary_large_image","schema":{"@context":"https:\/\/schema.org","@graph":[{"@type":"WebPage","@id":"https:\/\/www.topcultures.com\/fr\/politique-de-retour\/","url":"https:\/\/www.topcultures.com\/fr\/politique-de-retour\/","name":"Politique de retour - TopCultures","isPartOf":{"@id":"https:\/\/www.topcultures.com\/fr\/#website"},"datePublished":"2026-03-07T14:12:12+00:00","breadcrumb":{"@id":"https:\/\/www.topcultures.com\/fr\/politique-de-retour\/#breadcrumb"},"inLanguage":"fr-FR","potentialAction":[{"@type":"ReadAction","target":["https:\/\/www.topcultures.com\/fr\/politique-de-retour\/"]}]},{"@type":"BreadcrumbList","@id":"https:\/\/www.topcultures.com\/fr\/politique-de-retour\/#breadcrumb","itemListElement":[{"@type":"ListItem","position":1,"name":"Home","item":"https:\/\/www.topcultures.com\/fr\/"},{"@type":"ListItem","position":2,"name":"Politique de retour"}]},{"@type":"WebSite","@id":"https:\/\/www.topcultures.com\/fr\/#website","url":"https:\/\/www.topcultures.com\/fr\/","name":"TopCultures","description":"Producer of cultures","publisher":{"@id":"https:\/\/www.topcultures.com\/fr\/#organization"},"potentialAction":[{"@type":"SearchAction","target":{"@type":"EntryPoint","urlTemplate":"https:\/\/www.topcultures.com\/fr\/?s={search_term_string}"},"query-input":{"@type":"PropertyValueSpecification","valueRequired":true,"valueName":"search_term_string"}}],"inLanguage":"fr-FR"},{"@type":"Organization","@id":"https:\/\/www.topcultures.com\/fr\/#organization","name":"TopCultures","url":"https:\/\/www.topcultures.com\/fr\/","logo":{"@type":"ImageObject","inLanguage":"fr-FR","@id":"https:\/\/www.topcultures.com\/fr\/#\/schema\/logo\/image\/","url":"https:\/\/www.topcultures.com\/wp-content\/uploads\/2018\/10\/logo-2.jpg","contentUrl":"https:\/\/www.topcultures.com\/wp-content\/uploads\/2018\/10\/logo-2.jpg","width":510,"height":98,"caption":"TopCultures"},"image":{"@id":"https:\/\/www.topcultures.com\/fr\/#\/schema\/logo\/image\/"},"sameAs":["https:\/\/www.facebook.com\/TopCultures-220325045442717"]}]}},"_links":{"self":[{"href":"https:\/\/www.topcultures.com\/fr\/wp-json\/wp\/v2\/pages\/28976","targetHints":{"allow":["GET"]}}],"collection":[{"href":"https:\/\/www.topcultures.com\/fr\/wp-json\/wp\/v2\/pages"}],"about":[{"href":"https:\/\/www.topcultures.com\/fr\/wp-json\/wp\/v2\/types\/page"}],"author":[{"embeddable":true,"href":"https:\/\/www.topcultures.com\/fr\/wp-json\/wp\/v2\/users\/1"}],"replies":[{"embeddable":true,"href":"https:\/\/www.topcultures.com\/fr\/wp-json\/wp\/v2\/comments?post=28976"}],"version-history":[{"count":0,"href":"https:\/\/www.topcultures.com\/fr\/wp-json\/wp\/v2\/pages\/28976\/revisions"}],"wp:attachment":[{"href":"https:\/\/www.topcultures.com\/fr\/wp-json\/wp\/v2\/media?parent=28976"}],"curies":[{"name":"wp","href":"https:\/\/api.w.org\/{rel}","templated":true}]}}