{"id":13391,"date":"2018-10-24T19:38:27","date_gmt":"2018-10-24T19:38:27","guid":{"rendered":"https:\/\/topcultures.com\/product\/starter-de-tempeh-75g\/"},"modified":"2026-01-31T05:21:39","modified_gmt":"2026-01-31T05:21:39","slug":"starter-de-tempeh-75g","status":"publish","type":"product","link":"https:\/\/www.topcultures.com\/fr\/produit\/starter-de-tempeh-75g\/","title":{"rendered":"Tempeh starter 75g"},"content":{"rendered":"<p>Avec 75 g de tempeh starter, vous pouvez faire jusqu&rsquo;\u00e0 25 kg de tempeh fini. Le tempeh starter se conserve 1 an. Ingr\u00e9dients : riz, soja, spores de rhizopus. Convient aux v\u00e9g\u00e9tariens et aux v\u00e9g\u00e9taliens.<\/p>\n<h3>A propos de notre tempeh starter<\/h3>\n<p>Nous vendons notre tempeh starter en paquets de 10g et 75g. <\/p>\n<p>Il a une dur\u00e9e de conservation d&rsquo;un an et est produit dans notre propre laboratoire dans des conditions st\u00e9riles, ce qui nous permet de garantir sa qualit\u00e9. Ingr\u00e9dients : riz, soja, spores de rhizopus. Il convient aux v\u00e9g\u00e9tariens et aux v\u00e9g\u00e9taliens, ne contient pas d&rsquo;OGM et est certifi\u00e9 casher.<\/p>\n<p>Vous remarquerez que le tempeh frais fait maison a un go\u00fbt et une odeur bien meilleurs que le tempeh achet\u00e9 dans le commerce. Le tempeh frais fait avec notre starters sent un m\u00e9lange de champignons et de pommes. C&rsquo;est tr\u00e8s agr\u00e9able !<\/p>\n","protected":false},"excerpt":{"rendered":"<p>Tempeh starter 75g<\/p>\n","protected":false},"featured_media":13393,"comment_status":"open","ping_status":"closed","template":"","meta":[],"product_brand":[],"product_cat":[243],"product_tag":[],"class_list":{"0":"post-13391","1":"product","2":"type-product","3":"status-publish","4":"has-post-thumbnail","6":"product_cat-starter-de-tempeh","8":"first","9":"instock","10":"taxable","11":"shipping-taxable","12":"purchasable","13":"product-type-simple"},"yoast_head":"<!-- This site is optimized with the Yoast SEO plugin v27.6 - https:\/\/yoast.com\/product\/yoast-seo-wordpress\/ -->\n<title>Tempeh starter 75g - TopCultures<\/title>\n<meta name=\"description\" content=\"Avec 75 g de tempeh starter, vous pouvez produire jusqu&#039;\u00e0 25 kg de tempeh fini. Le starter de tempeh a une dur\u00e9e de conservation d&#039;un an. Ingr\u00e9dients : riz, soja, spores de rhizopus. Convient aux v\u00e9g\u00e9tariens et aux v\u00e9g\u00e9taliens.\" \/>\n<meta name=\"robots\" content=\"index, follow, max-snippet:-1, max-image-preview:large, max-video-preview:-1\" \/>\n<link rel=\"canonical\" href=\"https:\/\/www.topcultures.com\/fr\/produit\/starter-de-tempeh-75g\/\" \/>\n<meta property=\"og:locale\" content=\"fr_FR\" \/>\n<meta property=\"og:type\" content=\"article\" \/>\n<meta property=\"og:title\" content=\"Tempeh starter 75g - TopCultures\" \/>\n<meta property=\"og:description\" content=\"Avec 75 g de tempeh starter, vous pouvez produire jusqu&#039;\u00e0 25 kg de tempeh fini. Le starter de tempeh a une dur\u00e9e de conservation d&#039;un an. Ingr\u00e9dients : riz, soja, spores de rhizopus. Convient aux v\u00e9g\u00e9tariens et aux v\u00e9g\u00e9taliens.\" \/>\n<meta property=\"og:url\" content=\"https:\/\/www.topcultures.com\/fr\/produit\/starter-de-tempeh-75g\/\" \/>\n<meta property=\"og:site_name\" content=\"TopCultures\" \/>\n<meta property=\"article:publisher\" content=\"https:\/\/www.facebook.com\/TopCultures-220325045442717\" \/>\n<meta property=\"article:modified_time\" content=\"2026-01-31T05:21:39+00:00\" \/>\n<meta property=\"og:image\" content=\"https:\/\/www.topcultures.com\/wp-content\/uploads\/2018\/10\/75-2.jpg\" \/>\n\t<meta property=\"og:image:width\" content=\"400\" \/>\n\t<meta property=\"og:image:height\" content=\"400\" \/>\n\t<meta property=\"og:image:type\" content=\"image\/jpeg\" \/>\n<meta name=\"twitter:card\" content=\"summary_large_image\" \/>\n<script type=\"application\/ld+json\" class=\"yoast-schema-graph\">{\"@context\":\"https:\\\/\\\/schema.org\",\"@graph\":[{\"@type\":\"WebPage\",\"@id\":\"https:\\\/\\\/www.topcultures.com\\\/fr\\\/produit\\\/starter-de-tempeh-75g\\\/\",\"url\":\"https:\\\/\\\/www.topcultures.com\\\/fr\\\/produit\\\/starter-de-tempeh-75g\\\/\",\"name\":\"Tempeh starter 75g - TopCultures\",\"isPartOf\":{\"@id\":\"https:\\\/\\\/www.topcultures.com\\\/fr\\\/#website\"},\"primaryImageOfPage\":{\"@id\":\"https:\\\/\\\/www.topcultures.com\\\/fr\\\/produit\\\/starter-de-tempeh-75g\\\/#primaryimage\"},\"image\":{\"@id\":\"https:\\\/\\\/www.topcultures.com\\\/fr\\\/produit\\\/starter-de-tempeh-75g\\\/#primaryimage\"},\"thumbnailUrl\":\"https:\\\/\\\/www.topcultures.com\\\/wp-content\\\/uploads\\\/2018\\\/10\\\/75-2.jpg\",\"datePublished\":\"2018-10-24T19:38:27+00:00\",\"dateModified\":\"2026-01-31T05:21:39+00:00\",\"description\":\"Avec 75 g de tempeh starter, vous pouvez produire jusqu'\u00e0 25 kg de tempeh fini. Le starter de tempeh a une dur\u00e9e de conservation d'un an. Ingr\u00e9dients : riz, soja, spores de rhizopus. Convient aux v\u00e9g\u00e9tariens et aux v\u00e9g\u00e9taliens.\",\"breadcrumb\":{\"@id\":\"https:\\\/\\\/www.topcultures.com\\\/fr\\\/produit\\\/starter-de-tempeh-75g\\\/#breadcrumb\"},\"inLanguage\":\"fr-FR\",\"potentialAction\":[{\"@type\":\"ReadAction\",\"target\":[\"https:\\\/\\\/www.topcultures.com\\\/fr\\\/produit\\\/starter-de-tempeh-75g\\\/\"]}]},{\"@type\":\"ImageObject\",\"inLanguage\":\"fr-FR\",\"@id\":\"https:\\\/\\\/www.topcultures.com\\\/fr\\\/produit\\\/starter-de-tempeh-75g\\\/#primaryimage\",\"url\":\"https:\\\/\\\/www.topcultures.com\\\/wp-content\\\/uploads\\\/2018\\\/10\\\/75-2.jpg\",\"contentUrl\":\"https:\\\/\\\/www.topcultures.com\\\/wp-content\\\/uploads\\\/2018\\\/10\\\/75-2.jpg\",\"width\":400,\"height\":400,\"caption\":\"Tempeh starter 75g\"},{\"@type\":\"BreadcrumbList\",\"@id\":\"https:\\\/\\\/www.topcultures.com\\\/fr\\\/produit\\\/starter-de-tempeh-75g\\\/#breadcrumb\",\"itemListElement\":[{\"@type\":\"ListItem\",\"position\":1,\"name\":\"Home\",\"item\":\"https:\\\/\\\/www.topcultures.com\\\/fr\\\/\"},{\"@type\":\"ListItem\",\"position\":2,\"name\":\"Boutique\",\"item\":\"https:\\\/\\\/www.topcultures.com\\\/fr\\\/boutique\\\/\"},{\"@type\":\"ListItem\",\"position\":3,\"name\":\"Tempeh starter 75g\"}]},{\"@type\":\"WebSite\",\"@id\":\"https:\\\/\\\/www.topcultures.com\\\/fr\\\/#website\",\"url\":\"https:\\\/\\\/www.topcultures.com\\\/fr\\\/\",\"name\":\"TopCultures\",\"description\":\"Producer of cultures\",\"publisher\":{\"@id\":\"https:\\\/\\\/www.topcultures.com\\\/fr\\\/#organization\"},\"potentialAction\":[{\"@type\":\"SearchAction\",\"target\":{\"@type\":\"EntryPoint\",\"urlTemplate\":\"https:\\\/\\\/www.topcultures.com\\\/fr\\\/?s={search_term_string}\"},\"query-input\":{\"@type\":\"PropertyValueSpecification\",\"valueRequired\":true,\"valueName\":\"search_term_string\"}}],\"inLanguage\":\"fr-FR\"},{\"@type\":\"Organization\",\"@id\":\"https:\\\/\\\/www.topcultures.com\\\/fr\\\/#organization\",\"name\":\"TopCultures\",\"url\":\"https:\\\/\\\/www.topcultures.com\\\/fr\\\/\",\"logo\":{\"@type\":\"ImageObject\",\"inLanguage\":\"fr-FR\",\"@id\":\"https:\\\/\\\/www.topcultures.com\\\/fr\\\/#\\\/schema\\\/logo\\\/image\\\/\",\"url\":\"https:\\\/\\\/www.topcultures.com\\\/wp-content\\\/uploads\\\/2018\\\/10\\\/logo-2.jpg\",\"contentUrl\":\"https:\\\/\\\/www.topcultures.com\\\/wp-content\\\/uploads\\\/2018\\\/10\\\/logo-2.jpg\",\"width\":510,\"height\":98,\"caption\":\"TopCultures\"},\"image\":{\"@id\":\"https:\\\/\\\/www.topcultures.com\\\/fr\\\/#\\\/schema\\\/logo\\\/image\\\/\"},\"sameAs\":[\"https:\\\/\\\/www.facebook.com\\\/TopCultures-220325045442717\"]}]}<\/script>\n<!-- \/ Yoast SEO plugin. -->","yoast_head_json":{"title":"Tempeh starter 75g - TopCultures","description":"Avec 75 g de tempeh starter, vous pouvez produire jusqu'\u00e0 25 kg de tempeh fini. Le starter de tempeh a une dur\u00e9e de conservation d'un an. Ingr\u00e9dients : riz, soja, spores de rhizopus. Convient aux v\u00e9g\u00e9tariens et aux v\u00e9g\u00e9taliens.","robots":{"index":"index","follow":"follow","max-snippet":"max-snippet:-1","max-image-preview":"max-image-preview:large","max-video-preview":"max-video-preview:-1"},"canonical":"https:\/\/www.topcultures.com\/fr\/produit\/starter-de-tempeh-75g\/","og_locale":"fr_FR","og_type":"article","og_title":"Tempeh starter 75g - TopCultures","og_description":"Avec 75 g de tempeh starter, vous pouvez produire jusqu'\u00e0 25 kg de tempeh fini. Le starter de tempeh a une dur\u00e9e de conservation d'un an. Ingr\u00e9dients : riz, soja, spores de rhizopus. Convient aux v\u00e9g\u00e9tariens et aux v\u00e9g\u00e9taliens.","og_url":"https:\/\/www.topcultures.com\/fr\/produit\/starter-de-tempeh-75g\/","og_site_name":"TopCultures","article_publisher":"https:\/\/www.facebook.com\/TopCultures-220325045442717","article_modified_time":"2026-01-31T05:21:39+00:00","og_image":[{"width":400,"height":400,"url":"https:\/\/www.topcultures.com\/wp-content\/uploads\/2018\/10\/75-2.jpg","type":"image\/jpeg"}],"twitter_card":"summary_large_image","schema":{"@context":"https:\/\/schema.org","@graph":[{"@type":"WebPage","@id":"https:\/\/www.topcultures.com\/fr\/produit\/starter-de-tempeh-75g\/","url":"https:\/\/www.topcultures.com\/fr\/produit\/starter-de-tempeh-75g\/","name":"Tempeh starter 75g - TopCultures","isPartOf":{"@id":"https:\/\/www.topcultures.com\/fr\/#website"},"primaryImageOfPage":{"@id":"https:\/\/www.topcultures.com\/fr\/produit\/starter-de-tempeh-75g\/#primaryimage"},"image":{"@id":"https:\/\/www.topcultures.com\/fr\/produit\/starter-de-tempeh-75g\/#primaryimage"},"thumbnailUrl":"https:\/\/www.topcultures.com\/wp-content\/uploads\/2018\/10\/75-2.jpg","datePublished":"2018-10-24T19:38:27+00:00","dateModified":"2026-01-31T05:21:39+00:00","description":"Avec 75 g de tempeh starter, vous pouvez produire jusqu'\u00e0 25 kg de tempeh fini. Le starter de tempeh a une dur\u00e9e de conservation d'un an. Ingr\u00e9dients : riz, soja, spores de rhizopus. Convient aux v\u00e9g\u00e9tariens et aux v\u00e9g\u00e9taliens.","breadcrumb":{"@id":"https:\/\/www.topcultures.com\/fr\/produit\/starter-de-tempeh-75g\/#breadcrumb"},"inLanguage":"fr-FR","potentialAction":[{"@type":"ReadAction","target":["https:\/\/www.topcultures.com\/fr\/produit\/starter-de-tempeh-75g\/"]}]},{"@type":"ImageObject","inLanguage":"fr-FR","@id":"https:\/\/www.topcultures.com\/fr\/produit\/starter-de-tempeh-75g\/#primaryimage","url":"https:\/\/www.topcultures.com\/wp-content\/uploads\/2018\/10\/75-2.jpg","contentUrl":"https:\/\/www.topcultures.com\/wp-content\/uploads\/2018\/10\/75-2.jpg","width":400,"height":400,"caption":"Tempeh starter 75g"},{"@type":"BreadcrumbList","@id":"https:\/\/www.topcultures.com\/fr\/produit\/starter-de-tempeh-75g\/#breadcrumb","itemListElement":[{"@type":"ListItem","position":1,"name":"Home","item":"https:\/\/www.topcultures.com\/fr\/"},{"@type":"ListItem","position":2,"name":"Boutique","item":"https:\/\/www.topcultures.com\/fr\/boutique\/"},{"@type":"ListItem","position":3,"name":"Tempeh starter 75g"}]},{"@type":"WebSite","@id":"https:\/\/www.topcultures.com\/fr\/#website","url":"https:\/\/www.topcultures.com\/fr\/","name":"TopCultures","description":"Producer of cultures","publisher":{"@id":"https:\/\/www.topcultures.com\/fr\/#organization"},"potentialAction":[{"@type":"SearchAction","target":{"@type":"EntryPoint","urlTemplate":"https:\/\/www.topcultures.com\/fr\/?s={search_term_string}"},"query-input":{"@type":"PropertyValueSpecification","valueRequired":true,"valueName":"search_term_string"}}],"inLanguage":"fr-FR"},{"@type":"Organization","@id":"https:\/\/www.topcultures.com\/fr\/#organization","name":"TopCultures","url":"https:\/\/www.topcultures.com\/fr\/","logo":{"@type":"ImageObject","inLanguage":"fr-FR","@id":"https:\/\/www.topcultures.com\/fr\/#\/schema\/logo\/image\/","url":"https:\/\/www.topcultures.com\/wp-content\/uploads\/2018\/10\/logo-2.jpg","contentUrl":"https:\/\/www.topcultures.com\/wp-content\/uploads\/2018\/10\/logo-2.jpg","width":510,"height":98,"caption":"TopCultures"},"image":{"@id":"https:\/\/www.topcultures.com\/fr\/#\/schema\/logo\/image\/"},"sameAs":["https:\/\/www.facebook.com\/TopCultures-220325045442717"]}]}},"_links":{"self":[{"href":"https:\/\/www.topcultures.com\/fr\/wp-json\/wp\/v2\/product\/13391","targetHints":{"allow":["GET"]}}],"collection":[{"href":"https:\/\/www.topcultures.com\/fr\/wp-json\/wp\/v2\/product"}],"about":[{"href":"https:\/\/www.topcultures.com\/fr\/wp-json\/wp\/v2\/types\/product"}],"replies":[{"embeddable":true,"href":"https:\/\/www.topcultures.com\/fr\/wp-json\/wp\/v2\/comments?post=13391"}],"wp:featuredmedia":[{"embeddable":true,"href":"https:\/\/www.topcultures.com\/fr\/wp-json\/wp\/v2\/media\/13393"}],"wp:attachment":[{"href":"https:\/\/www.topcultures.com\/fr\/wp-json\/wp\/v2\/media?parent=13391"}],"wp:term":[{"taxonomy":"product_brand","embeddable":true,"href":"https:\/\/www.topcultures.com\/fr\/wp-json\/wp\/v2\/product_brand?post=13391"},{"taxonomy":"product_cat","embeddable":true,"href":"https:\/\/www.topcultures.com\/fr\/wp-json\/wp\/v2\/product_cat?post=13391"},{"taxonomy":"product_tag","embeddable":true,"href":"https:\/\/www.topcultures.com\/fr\/wp-json\/wp\/v2\/product_tag?post=13391"}],"curies":[{"name":"wp","href":"https:\/\/api.w.org\/{rel}","templated":true}]}}