{"id":13407,"date":"2020-09-16T13:29:46","date_gmt":"2020-09-16T13:29:46","guid":{"rendered":"https:\/\/topcultures.com\/product\/starter-de-oncom-75g\/"},"modified":"2026-01-31T04:57:00","modified_gmt":"2026-01-31T04:57:00","slug":"starter-de-oncom-75g","status":"publish","type":"product","link":"https:\/\/www.topcultures.com\/fr\/produit\/starter-de-oncom-75g\/","title":{"rendered":"Starter de oncom 75g"},"content":{"rendered":"<p>Avec 75 g de starter oncom, vous pouvez produire environ 25 kg d&rsquo;oncom final. Ce starter oncom a une dur\u00e9e de conservation d&rsquo;un an. Ingr\u00e9dients : riz, spores de Rhizopus oligosporus. Convient aux v\u00e9g\u00e9tariens et aux v\u00e9g\u00e9taliens. Ce starter oncom peut \u00e9galement \u00eatre utilis\u00e9 comme <a href=\"https:\/\/www.topcultures.com\/fr\/categorie-produit\/starter-de-tempeh\/\">starter de tempeh<\/a> tempeh starter sans soja pour fabriquer du tempeh non soja, car il ne contient pas de soja et se d\u00e9veloppe bien sur des substrats non soja, comme les c\u00e9r\u00e9ales, les lentilles, les pois et autres l\u00e9gumineuses. Ce starters oncom peut produire des taches noires apr\u00e8s environ 24 heures de fermentation.<\/p>\n","protected":false},"excerpt":{"rendered":"<p>Avec 75 g de starter oncom, vous pouvez produire environ 25 kg d&rsquo;oncom final. Ce starter oncom a une dur\u00e9e de conservation d&rsquo;un an. Ingr\u00e9dients : riz, spores de Rhizopus oligosporus. Convient aux v\u00e9g\u00e9tariens et aux v\u00e9g\u00e9taliens. Ce starter oncom peut \u00e9galement \u00eatre utilis\u00e9 comme starter de tempeh tempeh starter sans soja pour fabriquer du [&hellip;]<\/p>\n","protected":false},"featured_media":28318,"comment_status":"open","ping_status":"closed","template":"","meta":[],"product_brand":[],"product_cat":[245],"product_tag":[],"class_list":{"0":"post-13407","1":"product","2":"type-product","3":"status-publish","4":"has-post-thumbnail","6":"product_cat-starter-de-oncom","8":"first","9":"instock","10":"taxable","11":"shipping-taxable","12":"purchasable","13":"product-type-simple"},"yoast_head":"<!-- This site is optimized with the Yoast SEO plugin v27.6 - https:\/\/yoast.com\/product\/yoast-seo-wordpress\/ -->\n<title>starter de oncom<\/title>\n<meta name=\"description\" content=\"Avec 75 g de starters oncom, vous pouvez produire environ 25 kg d&#039;oncom final. Ce starter oncom a une dur\u00e9e de conservation d&#039;un an. Ingr\u00e9dients : riz, spores de rhizopus oligosporus. Convient aux v\u00e9g\u00e9tariens et aux v\u00e9g\u00e9taliens. Ce starter oncom peut \u00e9galement \u00eatre utilis\u00e9 comme starter de tempeh pour fabriquer du tempeh non soja, car il ne contient pas de soja et se d\u00e9veloppe bien sur des substrats non soja, comme les c\u00e9r\u00e9ales, les lentilles, les pois et autres l\u00e9gumineuses. Ce starters oncom peut produire des taches noires apr\u00e8s environ 24 heures de fermentation.\" \/>\n<meta name=\"robots\" content=\"index, follow, max-snippet:-1, max-image-preview:large, max-video-preview:-1\" \/>\n<link rel=\"canonical\" href=\"https:\/\/www.topcultures.com\/fr\/produit\/starter-de-oncom-75g\/\" \/>\n<meta property=\"og:locale\" content=\"fr_FR\" \/>\n<meta property=\"og:type\" content=\"article\" \/>\n<meta property=\"og:title\" content=\"starter de oncom\" \/>\n<meta property=\"og:description\" content=\"Avec 75 g de starters oncom, vous pouvez produire environ 25 kg d&#039;oncom final. Ce starter oncom a une dur\u00e9e de conservation d&#039;un an. Ingr\u00e9dients : riz, spores de rhizopus oligosporus. Convient aux v\u00e9g\u00e9tariens et aux v\u00e9g\u00e9taliens. Ce starter oncom peut \u00e9galement \u00eatre utilis\u00e9 comme starter de tempeh pour fabriquer du tempeh non soja, car il ne contient pas de soja et se d\u00e9veloppe bien sur des substrats non soja, comme les c\u00e9r\u00e9ales, les lentilles, les pois et autres l\u00e9gumineuses. Ce starters oncom peut produire des taches noires apr\u00e8s environ 24 heures de fermentation.\" \/>\n<meta property=\"og:url\" content=\"https:\/\/www.topcultures.com\/fr\/produit\/starter-de-oncom-75g\/\" \/>\n<meta property=\"og:site_name\" content=\"TopCultures\" \/>\n<meta property=\"article:publisher\" content=\"https:\/\/www.facebook.com\/TopCultures-220325045442717\" \/>\n<meta property=\"article:modified_time\" content=\"2026-01-31T04:57:00+00:00\" \/>\n<meta property=\"og:image\" content=\"https:\/\/www.topcultures.com\/wp-content\/uploads\/oncom75.jpg\" \/>\n\t<meta property=\"og:image:width\" content=\"400\" \/>\n\t<meta property=\"og:image:height\" content=\"400\" \/>\n\t<meta property=\"og:image:type\" content=\"image\/jpeg\" \/>\n<meta name=\"twitter:card\" content=\"summary_large_image\" \/>\n<script type=\"application\/ld+json\" class=\"yoast-schema-graph\">{\"@context\":\"https:\\\/\\\/schema.org\",\"@graph\":[{\"@type\":\"WebPage\",\"@id\":\"https:\\\/\\\/www.topcultures.com\\\/fr\\\/produit\\\/starter-de-oncom-75g\\\/\",\"url\":\"https:\\\/\\\/www.topcultures.com\\\/fr\\\/produit\\\/starter-de-oncom-75g\\\/\",\"name\":\"starter de oncom\",\"isPartOf\":{\"@id\":\"https:\\\/\\\/www.topcultures.com\\\/fr\\\/#website\"},\"primaryImageOfPage\":{\"@id\":\"https:\\\/\\\/www.topcultures.com\\\/fr\\\/produit\\\/starter-de-oncom-75g\\\/#primaryimage\"},\"image\":{\"@id\":\"https:\\\/\\\/www.topcultures.com\\\/fr\\\/produit\\\/starter-de-oncom-75g\\\/#primaryimage\"},\"thumbnailUrl\":\"https:\\\/\\\/www.topcultures.com\\\/wp-content\\\/uploads\\\/oncom-starter-1.webp\",\"datePublished\":\"2020-09-16T13:29:46+00:00\",\"dateModified\":\"2026-01-31T04:57:00+00:00\",\"description\":\"Avec 75 g de starters oncom, vous pouvez produire environ 25 kg d'oncom final. Ce starter oncom a une dur\u00e9e de conservation d'un an. Ingr\u00e9dients : riz, spores de rhizopus oligosporus. Convient aux v\u00e9g\u00e9tariens et aux v\u00e9g\u00e9taliens. Ce starter oncom peut \u00e9galement \u00eatre utilis\u00e9 comme starter de tempeh pour fabriquer du tempeh non soja, car il ne contient pas de soja et se d\u00e9veloppe bien sur des substrats non soja, comme les c\u00e9r\u00e9ales, les lentilles, les pois et autres l\u00e9gumineuses. Ce starters oncom peut produire des taches noires apr\u00e8s environ 24 heures de fermentation.\",\"breadcrumb\":{\"@id\":\"https:\\\/\\\/www.topcultures.com\\\/fr\\\/produit\\\/starter-de-oncom-75g\\\/#breadcrumb\"},\"inLanguage\":\"fr-FR\",\"potentialAction\":[{\"@type\":\"ReadAction\",\"target\":[\"https:\\\/\\\/www.topcultures.com\\\/fr\\\/produit\\\/starter-de-oncom-75g\\\/\"]}]},{\"@type\":\"ImageObject\",\"inLanguage\":\"fr-FR\",\"@id\":\"https:\\\/\\\/www.topcultures.com\\\/fr\\\/produit\\\/starter-de-oncom-75g\\\/#primaryimage\",\"url\":\"https:\\\/\\\/www.topcultures.com\\\/wp-content\\\/uploads\\\/oncom-starter-1.webp\",\"contentUrl\":\"https:\\\/\\\/www.topcultures.com\\\/wp-content\\\/uploads\\\/oncom-starter-1.webp\",\"width\":400,\"height\":400,\"caption\":\"oncom starter\"},{\"@type\":\"BreadcrumbList\",\"@id\":\"https:\\\/\\\/www.topcultures.com\\\/fr\\\/produit\\\/starter-de-oncom-75g\\\/#breadcrumb\",\"itemListElement\":[{\"@type\":\"ListItem\",\"position\":1,\"name\":\"Home\",\"item\":\"https:\\\/\\\/www.topcultures.com\\\/fr\\\/\"},{\"@type\":\"ListItem\",\"position\":2,\"name\":\"Boutique\",\"item\":\"https:\\\/\\\/www.topcultures.com\\\/fr\\\/boutique\\\/\"},{\"@type\":\"ListItem\",\"position\":3,\"name\":\"Starter de oncom 75g\"}]},{\"@type\":\"WebSite\",\"@id\":\"https:\\\/\\\/www.topcultures.com\\\/fr\\\/#website\",\"url\":\"https:\\\/\\\/www.topcultures.com\\\/fr\\\/\",\"name\":\"TopCultures\",\"description\":\"Producer of cultures\",\"publisher\":{\"@id\":\"https:\\\/\\\/www.topcultures.com\\\/fr\\\/#organization\"},\"potentialAction\":[{\"@type\":\"SearchAction\",\"target\":{\"@type\":\"EntryPoint\",\"urlTemplate\":\"https:\\\/\\\/www.topcultures.com\\\/fr\\\/?s={search_term_string}\"},\"query-input\":{\"@type\":\"PropertyValueSpecification\",\"valueRequired\":true,\"valueName\":\"search_term_string\"}}],\"inLanguage\":\"fr-FR\"},{\"@type\":\"Organization\",\"@id\":\"https:\\\/\\\/www.topcultures.com\\\/fr\\\/#organization\",\"name\":\"TopCultures\",\"url\":\"https:\\\/\\\/www.topcultures.com\\\/fr\\\/\",\"logo\":{\"@type\":\"ImageObject\",\"inLanguage\":\"fr-FR\",\"@id\":\"https:\\\/\\\/www.topcultures.com\\\/fr\\\/#\\\/schema\\\/logo\\\/image\\\/\",\"url\":\"https:\\\/\\\/www.topcultures.com\\\/wp-content\\\/uploads\\\/2018\\\/10\\\/logo-2.jpg\",\"contentUrl\":\"https:\\\/\\\/www.topcultures.com\\\/wp-content\\\/uploads\\\/2018\\\/10\\\/logo-2.jpg\",\"width\":510,\"height\":98,\"caption\":\"TopCultures\"},\"image\":{\"@id\":\"https:\\\/\\\/www.topcultures.com\\\/fr\\\/#\\\/schema\\\/logo\\\/image\\\/\"},\"sameAs\":[\"https:\\\/\\\/www.facebook.com\\\/TopCultures-220325045442717\"]}]}<\/script>\n<!-- \/ Yoast SEO plugin. -->","yoast_head_json":{"title":"starter de oncom","description":"Avec 75 g de starters oncom, vous pouvez produire environ 25 kg d'oncom final. Ce starter oncom a une dur\u00e9e de conservation d'un an. Ingr\u00e9dients : riz, spores de rhizopus oligosporus. Convient aux v\u00e9g\u00e9tariens et aux v\u00e9g\u00e9taliens. Ce starter oncom peut \u00e9galement \u00eatre utilis\u00e9 comme starter de tempeh pour fabriquer du tempeh non soja, car il ne contient pas de soja et se d\u00e9veloppe bien sur des substrats non soja, comme les c\u00e9r\u00e9ales, les lentilles, les pois et autres l\u00e9gumineuses. Ce starters oncom peut produire des taches noires apr\u00e8s environ 24 heures de fermentation.","robots":{"index":"index","follow":"follow","max-snippet":"max-snippet:-1","max-image-preview":"max-image-preview:large","max-video-preview":"max-video-preview:-1"},"canonical":"https:\/\/www.topcultures.com\/fr\/produit\/starter-de-oncom-75g\/","og_locale":"fr_FR","og_type":"article","og_title":"starter de oncom","og_description":"Avec 75 g de starters oncom, vous pouvez produire environ 25 kg d'oncom final. Ce starter oncom a une dur\u00e9e de conservation d'un an. Ingr\u00e9dients : riz, spores de rhizopus oligosporus. Convient aux v\u00e9g\u00e9tariens et aux v\u00e9g\u00e9taliens. Ce starter oncom peut \u00e9galement \u00eatre utilis\u00e9 comme starter de tempeh pour fabriquer du tempeh non soja, car il ne contient pas de soja et se d\u00e9veloppe bien sur des substrats non soja, comme les c\u00e9r\u00e9ales, les lentilles, les pois et autres l\u00e9gumineuses. Ce starters oncom peut produire des taches noires apr\u00e8s environ 24 heures de fermentation.","og_url":"https:\/\/www.topcultures.com\/fr\/produit\/starter-de-oncom-75g\/","og_site_name":"TopCultures","article_publisher":"https:\/\/www.facebook.com\/TopCultures-220325045442717","article_modified_time":"2026-01-31T04:57:00+00:00","og_image":[{"width":400,"height":400,"url":"https:\/\/www.topcultures.com\/wp-content\/uploads\/oncom75.jpg","type":"image\/jpeg"}],"twitter_card":"summary_large_image","schema":{"@context":"https:\/\/schema.org","@graph":[{"@type":"WebPage","@id":"https:\/\/www.topcultures.com\/fr\/produit\/starter-de-oncom-75g\/","url":"https:\/\/www.topcultures.com\/fr\/produit\/starter-de-oncom-75g\/","name":"starter de oncom","isPartOf":{"@id":"https:\/\/www.topcultures.com\/fr\/#website"},"primaryImageOfPage":{"@id":"https:\/\/www.topcultures.com\/fr\/produit\/starter-de-oncom-75g\/#primaryimage"},"image":{"@id":"https:\/\/www.topcultures.com\/fr\/produit\/starter-de-oncom-75g\/#primaryimage"},"thumbnailUrl":"https:\/\/www.topcultures.com\/wp-content\/uploads\/oncom-starter-1.webp","datePublished":"2020-09-16T13:29:46+00:00","dateModified":"2026-01-31T04:57:00+00:00","description":"Avec 75 g de starters oncom, vous pouvez produire environ 25 kg d'oncom final. Ce starter oncom a une dur\u00e9e de conservation d'un an. Ingr\u00e9dients : riz, spores de rhizopus oligosporus. Convient aux v\u00e9g\u00e9tariens et aux v\u00e9g\u00e9taliens. Ce starter oncom peut \u00e9galement \u00eatre utilis\u00e9 comme starter de tempeh pour fabriquer du tempeh non soja, car il ne contient pas de soja et se d\u00e9veloppe bien sur des substrats non soja, comme les c\u00e9r\u00e9ales, les lentilles, les pois et autres l\u00e9gumineuses. Ce starters oncom peut produire des taches noires apr\u00e8s environ 24 heures de fermentation.","breadcrumb":{"@id":"https:\/\/www.topcultures.com\/fr\/produit\/starter-de-oncom-75g\/#breadcrumb"},"inLanguage":"fr-FR","potentialAction":[{"@type":"ReadAction","target":["https:\/\/www.topcultures.com\/fr\/produit\/starter-de-oncom-75g\/"]}]},{"@type":"ImageObject","inLanguage":"fr-FR","@id":"https:\/\/www.topcultures.com\/fr\/produit\/starter-de-oncom-75g\/#primaryimage","url":"https:\/\/www.topcultures.com\/wp-content\/uploads\/oncom-starter-1.webp","contentUrl":"https:\/\/www.topcultures.com\/wp-content\/uploads\/oncom-starter-1.webp","width":400,"height":400,"caption":"oncom starter"},{"@type":"BreadcrumbList","@id":"https:\/\/www.topcultures.com\/fr\/produit\/starter-de-oncom-75g\/#breadcrumb","itemListElement":[{"@type":"ListItem","position":1,"name":"Home","item":"https:\/\/www.topcultures.com\/fr\/"},{"@type":"ListItem","position":2,"name":"Boutique","item":"https:\/\/www.topcultures.com\/fr\/boutique\/"},{"@type":"ListItem","position":3,"name":"Starter de oncom 75g"}]},{"@type":"WebSite","@id":"https:\/\/www.topcultures.com\/fr\/#website","url":"https:\/\/www.topcultures.com\/fr\/","name":"TopCultures","description":"Producer of cultures","publisher":{"@id":"https:\/\/www.topcultures.com\/fr\/#organization"},"potentialAction":[{"@type":"SearchAction","target":{"@type":"EntryPoint","urlTemplate":"https:\/\/www.topcultures.com\/fr\/?s={search_term_string}"},"query-input":{"@type":"PropertyValueSpecification","valueRequired":true,"valueName":"search_term_string"}}],"inLanguage":"fr-FR"},{"@type":"Organization","@id":"https:\/\/www.topcultures.com\/fr\/#organization","name":"TopCultures","url":"https:\/\/www.topcultures.com\/fr\/","logo":{"@type":"ImageObject","inLanguage":"fr-FR","@id":"https:\/\/www.topcultures.com\/fr\/#\/schema\/logo\/image\/","url":"https:\/\/www.topcultures.com\/wp-content\/uploads\/2018\/10\/logo-2.jpg","contentUrl":"https:\/\/www.topcultures.com\/wp-content\/uploads\/2018\/10\/logo-2.jpg","width":510,"height":98,"caption":"TopCultures"},"image":{"@id":"https:\/\/www.topcultures.com\/fr\/#\/schema\/logo\/image\/"},"sameAs":["https:\/\/www.facebook.com\/TopCultures-220325045442717"]}]}},"_links":{"self":[{"href":"https:\/\/www.topcultures.com\/fr\/wp-json\/wp\/v2\/product\/13407","targetHints":{"allow":["GET"]}}],"collection":[{"href":"https:\/\/www.topcultures.com\/fr\/wp-json\/wp\/v2\/product"}],"about":[{"href":"https:\/\/www.topcultures.com\/fr\/wp-json\/wp\/v2\/types\/product"}],"replies":[{"embeddable":true,"href":"https:\/\/www.topcultures.com\/fr\/wp-json\/wp\/v2\/comments?post=13407"}],"wp:featuredmedia":[{"embeddable":true,"href":"https:\/\/www.topcultures.com\/fr\/wp-json\/wp\/v2\/media\/28318"}],"wp:attachment":[{"href":"https:\/\/www.topcultures.com\/fr\/wp-json\/wp\/v2\/media?parent=13407"}],"wp:term":[{"taxonomy":"product_brand","embeddable":true,"href":"https:\/\/www.topcultures.com\/fr\/wp-json\/wp\/v2\/product_brand?post=13407"},{"taxonomy":"product_cat","embeddable":true,"href":"https:\/\/www.topcultures.com\/fr\/wp-json\/wp\/v2\/product_cat?post=13407"},{"taxonomy":"product_tag","embeddable":true,"href":"https:\/\/www.topcultures.com\/fr\/wp-json\/wp\/v2\/product_tag?post=13407"}],"curies":[{"name":"wp","href":"https:\/\/api.w.org\/{rel}","templated":true}]}}