{"id":19199,"date":"2023-02-19T14:11:37","date_gmt":"2023-02-19T14:11:37","guid":{"rendered":"https:\/\/topcultures.com\/termini-condizioni-privacy-contatti\/"},"modified":"2025-11-24T21:17:37","modified_gmt":"2025-11-24T21:17:37","slug":"termini-condizioni-privacy-contatti","status":"publish","type":"page","link":"https:\/\/www.topcultures.com\/it\/termini-condizioni-privacy-contatti\/","title":{"rendered":"Termini &#8211; condizioni &#8211; privacy &#8211; contatti"},"content":{"rendered":"<p>Le presenti Condizioni Generali di Vendita (CGV) regolano le vendite di prodotti effettuate su questo sito web ai clienti. Qualsiasi ordine da parte del cliente implica la sua adesione senza alcuna riserva alle CGV. Le CGV sono applicabili esclusivamente alle relazioni di TopCultures con il proprio cliente, ad esclusione di qualsiasi documento proveniente dal cliente. La deroga alle CGS pu\u00f2 avvenire solo tramite un accordo scritto debitamente eseguito da TopCultures.<\/p>\n<h3>Dati di contatto<\/h3>\n<p>TopCultures bv<br \/>\nVennenlaan 3<br \/>\nB-2980 Zoersel<br \/>\nTel: +32 479644899<br \/>\nEmail: info@topcultures.com<\/p>\n<h3>Garanzie e dichiarazioni del cliente<\/h3>\n<p>Il cliente garantisce e dichiara a TopCultures di essere maggiorenne e di avere la piena competenza legale per impegnarsi in relazione alle presenti CGV. Il cliente garantisce e dichiara a TopCultures che l&#8217;acquisto dei prodotti \u00e8 estraneo a qualsiasi attivit\u00e0 professionale ed \u00e8 destinato esclusivamente all&#8217;uso privato.<\/p>\n<h3>Ordini<\/h3>\n<p>Gli ordini possono essere effettuati esclusivamente tramite questo sito web seguendo la procedura indicata. L&#8217;ordine \u00e8 vincolante nel momento in cui il cliente conferma il suo ordine cliccando sul pulsante &#8220;Conferma ordine&#8221;. Una volta confermato l&#8217;ordine, il cliente ricever\u00e0 una conferma via e-mail che significa accettazione dell&#8217;ordine da parte di TopCultures. Tuttavia TopCultures si riserva il diritto di annullare o non confermare un ordine in caso di mancato pagamento dell&#8217;ordine, di insolvenza del cliente o di precedenti mancati pagamenti.<\/p>\n<h3>Prezzo<\/h3>\n<p>Il prezzo dei prodotti pubblicati su questo sito \u00e8 da intendersi in Euro, tutti i costi e le tasse incluse, ad esclusione dei costi doganali e di importazione per le consegne al di fuori dell&#8217;Unione Europea. Tutti i prezzi sono comprensivi di IVA.<\/p>\n<h3>Politica di spedizione<\/h3>\n<p>Utilizziamo una tariffa di spedizione forfettaria di 5,00\u20ac &#8211; 6,00\u20ac per tutti i paesi, indipendentemente dal numero di stelle ordinate.<br \/>\nSpediamo per posta entro 2 giorni lavorativi dalla ricezione del pagamento. Gli ordini saranno consegnati senza codice di tracciabilit\u00e0. La data esatta di consegna non pu\u00f2 essere garantita in anticipo e dipende dal paese di destinazione, ma di solito richiede da tre a dieci giorni lavorativi. \u00c8 possibile che la dogana ispezioni il vostro pacco, nel qual caso la consegna potrebbe richiedere pi\u00f9 tempo. Se il vostro ordine non arriva entro un mese dalla ricezione del pagamento e se l&#8217;indirizzo che ci avete fornito \u00e8 corretto e completo, vi invieremo nuovamente l&#8217;ordine o vi offriremo un rimborso completo.<br \/>\nTopcultures non \u00e8 responsabile di eventuali spese doganali e tasse applicate al vostro ordine. Tutte le spese imposte durante o dopo la spedizione sono a carico del cliente (tariffe, tasse, ecc.).<\/p>\n<h3>Recesso<\/h3>\n<p>Conformemente alla legge belga sulle pratiche commerciali e sull&#8217;informazione e la protezione dei consumatori, il cliente ha il diritto di informare TopCultures che rinuncia all&#8217;acquisto, senza alcuna penale e senza alcun motivo, entro sette giorni lavorativi a partire dal giorno successivo alla consegna. In questo caso, il cliente dovr\u00e0 restituire a sue spese a TopCultures i prodotti non aperti e non danneggiati. Entro trenta 30 giorni dal ricevimento, TopCultures rimborser\u00e0 l&#8217;intero prezzo del prodotto, comprese le spese di imballaggio e di consegna. Dopo questo ritardo di sette giorni lavorativi, la consegna del prodotto sar\u00e0 considerata soddisfacente e, salvo difetti latenti del prodotto, nessun reclamo potr\u00e0 essere rivolto a TopCultures.<\/p>\n<h3>Responsabilit\u00e0<\/h3>\n<p>TopCultures declina ogni responsabilit\u00e0 in caso di forza maggiore, compresa la rottura delle scorte, un atto di stato, scioperi o se le informazioni fornite dal cliente sono errate o incomplete. I prodotti sono conformi ai requisiti normativi belgi ed europei. TopCultures non pu\u00f2 essere ritenuta responsabile della non conformit\u00e0 dei prodotti ai requisiti normativi o alla legislazione di altri Paesi. I clienti che ricevono i nostri prodotti sono responsabili della loro conservazione, manipolazione e utilizzo in sicurezza. TopCultures non pu\u00f2 prendere in considerazione richieste di risarcimento o accettare responsabilit\u00e0 per danni o lesioni derivanti dall&#8217;uso dei suoi starter.<\/p>\n<h3>Sicurezza alimentare del tempeh crudo<\/h3>\n<p>Il tempeh crudo o oncom deve essere cotto a una temperatura interna di almeno 80\u00b0C (176\u00b0F) per un periodo minimo di 60 secondi. Dopo aver maneggiato il tempeh crudo o oncom \u00e8 necessario lavarsi le mani e tutte le superfici, i taglieri, i coltelli e gli utensili con acqua calda e sapone.<\/p>\n<h3>Informazioni disponibili su questo sito<\/h3>\n<p>Nonostante i migliori sforzi di TopCultures, nell&#8217;aggiornamento delle informazioni presentate sul sito possono comparire informazioni inesatte, errate o omissioni. TopCultures non pu\u00f2 essere ritenuta responsabile di queste informazioni inesatte o errate o di queste omissioni, compreso il caso in cui il prezzo sul sito sia chiaramente sbagliato.<\/p>\n<h3>Propriet\u00e0 intellettuale<\/h3>\n<p>I marchi, i nomi, i loghi, le confezioni e la composizione dei prodotti, siano essi registrati o meno, sono propriet\u00e0 intellettuale di TopCultures e il cliente \u00e8 autorizzato a utilizzarli solo a fini privati. \u00c8 severamente vietata la riproduzione parziale o totale del sito e di qualsiasi testo o immagine che compaia sul sito.<\/p>\n<h3>Conflitti<\/h3>\n<p>Qualsiasi controversia che non sia stata risolta in via amichevole sar\u00e0 definitivamente decisa dal Tribunale del Commercio di Turnhout, in lingua olandese. La legge belga sar\u00e0 l&#8217;unica applicabile.<\/p>\n<h3>Privacy &#8211; GDPR<\/h3>\n<p>TopCultures si impegna a trattare i dati forniti dal cliente in conformit\u00e0 alla legislazione vigente, in particolare alla legge belga dell&#8217;8 dicembre 1992 sulla protezione della privacy e alla normativa europea GDPR. I dati del cliente potranno essere utilizzati da TopCultures per l&#8217;invio di offerte commerciali o di informazioni sui suoi prodotti, ma non saranno trasferiti a terzi. In conformit\u00e0 alla normativa, il cliente ha il diritto di accedere, rettificare le informazioni o chiederne la soppressione per quanto riguarda i suoi dati personali. Questo diritto pu\u00f2 essere esercitato prendendo contatto con TopCultures.<\/p>\n<h3>Cookies<\/h3>\n<p>Questo sito web utilizza solo cookie essenziali. Essi ci permettono di mantenere le sessioni degli utenti e di prevenire eventuali minacce alla sicurezza. Non raccolgono n\u00e9 memorizzano alcuna informazione personale. Ad esempio, questi cookie consentono di accedere al proprio account, di aggiungere prodotti al carrello e di effettuare il checkout in modo sicuro.<\/p>\n","protected":false},"excerpt":{"rendered":"<p>Le presenti Condizioni Generali di Vendita (CGV) regolano le vendite di prodotti effettuate su questo sito web ai clienti. Qualsiasi ordine da parte del cliente implica la sua adesione senza alcuna riserva alle CGV. Le CGV sono applicabili esclusivamente alle relazioni di TopCultures con il proprio cliente, ad esclusione di qualsiasi documento proveniente dal cliente. [&hellip;]<\/p>\n","protected":false},"author":1,"featured_media":0,"parent":0,"menu_order":0,"comment_status":"closed","ping_status":"closed","template":"","meta":{"footnotes":""},"class_list":["post-19199","page","type-page","status-publish","hentry"],"yoast_head":"<!-- This site is optimized with the Yoast SEO plugin v27.6 - https:\/\/yoast.com\/product\/yoast-seo-wordpress\/ -->\n<title>Termini - condizioni - privacy - contatti - TopCultures<\/title>\n<meta name=\"robots\" content=\"noindex, follow\" \/>\n<meta property=\"og:locale\" content=\"it_IT\" \/>\n<meta property=\"og:type\" content=\"article\" \/>\n<meta property=\"og:title\" content=\"Termini - condizioni - privacy - contatti - TopCultures\" \/>\n<meta property=\"og:description\" content=\"Le presenti Condizioni Generali di Vendita (CGV) regolano le vendite di prodotti effettuate su questo sito web ai clienti. Qualsiasi ordine da parte del cliente implica la sua adesione senza alcuna riserva alle CGV. Le CGV sono applicabili esclusivamente alle relazioni di TopCultures con il proprio cliente, ad esclusione di qualsiasi documento proveniente dal cliente. [&hellip;]\" \/>\n<meta property=\"og:url\" content=\"https:\/\/www.topcultures.com\/it\/termini-condizioni-privacy-contatti\/\" \/>\n<meta property=\"og:site_name\" content=\"TopCultures\" \/>\n<meta property=\"article:publisher\" content=\"https:\/\/www.facebook.com\/TopCultures-220325045442717\" \/>\n<meta property=\"article:modified_time\" content=\"2025-11-24T21:17:37+00:00\" \/>\n<meta name=\"twitter:card\" content=\"summary_large_image\" \/>\n<script type=\"application\/ld+json\" class=\"yoast-schema-graph\">{\"@context\":\"https:\\\/\\\/schema.org\",\"@graph\":[{\"@type\":\"WebPage\",\"@id\":\"https:\\\/\\\/www.topcultures.com\\\/it\\\/termini-condizioni-privacy-contatti\\\/\",\"url\":\"https:\\\/\\\/www.topcultures.com\\\/it\\\/termini-condizioni-privacy-contatti\\\/\",\"name\":\"Termini - condizioni - privacy - contatti - TopCultures\",\"isPartOf\":{\"@id\":\"https:\\\/\\\/www.topcultures.com\\\/it\\\/#website\"},\"datePublished\":\"2023-02-19T14:11:37+00:00\",\"dateModified\":\"2025-11-24T21:17:37+00:00\",\"breadcrumb\":{\"@id\":\"https:\\\/\\\/www.topcultures.com\\\/it\\\/termini-condizioni-privacy-contatti\\\/#breadcrumb\"},\"inLanguage\":\"it-IT\",\"potentialAction\":[{\"@type\":\"ReadAction\",\"target\":[\"https:\\\/\\\/www.topcultures.com\\\/it\\\/termini-condizioni-privacy-contatti\\\/\"]}]},{\"@type\":\"BreadcrumbList\",\"@id\":\"https:\\\/\\\/www.topcultures.com\\\/it\\\/termini-condizioni-privacy-contatti\\\/#breadcrumb\",\"itemListElement\":[{\"@type\":\"ListItem\",\"position\":1,\"name\":\"Home\",\"item\":\"https:\\\/\\\/www.topcultures.com\\\/it\\\/\"},{\"@type\":\"ListItem\",\"position\":2,\"name\":\"Termini &#8211; condizioni &#8211; privacy &#8211; contatti\"}]},{\"@type\":\"WebSite\",\"@id\":\"https:\\\/\\\/www.topcultures.com\\\/it\\\/#website\",\"url\":\"https:\\\/\\\/www.topcultures.com\\\/it\\\/\",\"name\":\"TopCultures\",\"description\":\"Producer of cultures\",\"publisher\":{\"@id\":\"https:\\\/\\\/www.topcultures.com\\\/it\\\/#organization\"},\"potentialAction\":[{\"@type\":\"SearchAction\",\"target\":{\"@type\":\"EntryPoint\",\"urlTemplate\":\"https:\\\/\\\/www.topcultures.com\\\/it\\\/?s={search_term_string}\"},\"query-input\":{\"@type\":\"PropertyValueSpecification\",\"valueRequired\":true,\"valueName\":\"search_term_string\"}}],\"inLanguage\":\"it-IT\"},{\"@type\":\"Organization\",\"@id\":\"https:\\\/\\\/www.topcultures.com\\\/it\\\/#organization\",\"name\":\"TopCultures\",\"url\":\"https:\\\/\\\/www.topcultures.com\\\/it\\\/\",\"logo\":{\"@type\":\"ImageObject\",\"inLanguage\":\"it-IT\",\"@id\":\"https:\\\/\\\/www.topcultures.com\\\/it\\\/#\\\/schema\\\/logo\\\/image\\\/\",\"url\":\"https:\\\/\\\/www.topcultures.com\\\/wp-content\\\/uploads\\\/2018\\\/10\\\/logo-2.jpg\",\"contentUrl\":\"https:\\\/\\\/www.topcultures.com\\\/wp-content\\\/uploads\\\/2018\\\/10\\\/logo-2.jpg\",\"width\":510,\"height\":98,\"caption\":\"TopCultures\"},\"image\":{\"@id\":\"https:\\\/\\\/www.topcultures.com\\\/it\\\/#\\\/schema\\\/logo\\\/image\\\/\"},\"sameAs\":[\"https:\\\/\\\/www.facebook.com\\\/TopCultures-220325045442717\"]}]}<\/script>\n<!-- \/ Yoast SEO plugin. -->","yoast_head_json":{"title":"Termini - condizioni - privacy - contatti - TopCultures","robots":{"index":"noindex","follow":"follow"},"og_locale":"it_IT","og_type":"article","og_title":"Termini - condizioni - privacy - contatti - TopCultures","og_description":"Le presenti Condizioni Generali di Vendita (CGV) regolano le vendite di prodotti effettuate su questo sito web ai clienti. Qualsiasi ordine da parte del cliente implica la sua adesione senza alcuna riserva alle CGV. Le CGV sono applicabili esclusivamente alle relazioni di TopCultures con il proprio cliente, ad esclusione di qualsiasi documento proveniente dal cliente. [&hellip;]","og_url":"https:\/\/www.topcultures.com\/it\/termini-condizioni-privacy-contatti\/","og_site_name":"TopCultures","article_publisher":"https:\/\/www.facebook.com\/TopCultures-220325045442717","article_modified_time":"2025-11-24T21:17:37+00:00","twitter_card":"summary_large_image","schema":{"@context":"https:\/\/schema.org","@graph":[{"@type":"WebPage","@id":"https:\/\/www.topcultures.com\/it\/termini-condizioni-privacy-contatti\/","url":"https:\/\/www.topcultures.com\/it\/termini-condizioni-privacy-contatti\/","name":"Termini - condizioni - privacy - contatti - TopCultures","isPartOf":{"@id":"https:\/\/www.topcultures.com\/it\/#website"},"datePublished":"2023-02-19T14:11:37+00:00","dateModified":"2025-11-24T21:17:37+00:00","breadcrumb":{"@id":"https:\/\/www.topcultures.com\/it\/termini-condizioni-privacy-contatti\/#breadcrumb"},"inLanguage":"it-IT","potentialAction":[{"@type":"ReadAction","target":["https:\/\/www.topcultures.com\/it\/termini-condizioni-privacy-contatti\/"]}]},{"@type":"BreadcrumbList","@id":"https:\/\/www.topcultures.com\/it\/termini-condizioni-privacy-contatti\/#breadcrumb","itemListElement":[{"@type":"ListItem","position":1,"name":"Home","item":"https:\/\/www.topcultures.com\/it\/"},{"@type":"ListItem","position":2,"name":"Termini &#8211; condizioni &#8211; privacy &#8211; contatti"}]},{"@type":"WebSite","@id":"https:\/\/www.topcultures.com\/it\/#website","url":"https:\/\/www.topcultures.com\/it\/","name":"TopCultures","description":"Producer of cultures","publisher":{"@id":"https:\/\/www.topcultures.com\/it\/#organization"},"potentialAction":[{"@type":"SearchAction","target":{"@type":"EntryPoint","urlTemplate":"https:\/\/www.topcultures.com\/it\/?s={search_term_string}"},"query-input":{"@type":"PropertyValueSpecification","valueRequired":true,"valueName":"search_term_string"}}],"inLanguage":"it-IT"},{"@type":"Organization","@id":"https:\/\/www.topcultures.com\/it\/#organization","name":"TopCultures","url":"https:\/\/www.topcultures.com\/it\/","logo":{"@type":"ImageObject","inLanguage":"it-IT","@id":"https:\/\/www.topcultures.com\/it\/#\/schema\/logo\/image\/","url":"https:\/\/www.topcultures.com\/wp-content\/uploads\/2018\/10\/logo-2.jpg","contentUrl":"https:\/\/www.topcultures.com\/wp-content\/uploads\/2018\/10\/logo-2.jpg","width":510,"height":98,"caption":"TopCultures"},"image":{"@id":"https:\/\/www.topcultures.com\/it\/#\/schema\/logo\/image\/"},"sameAs":["https:\/\/www.facebook.com\/TopCultures-220325045442717"]}]}},"_links":{"self":[{"href":"https:\/\/www.topcultures.com\/it\/wp-json\/wp\/v2\/pages\/19199","targetHints":{"allow":["GET"]}}],"collection":[{"href":"https:\/\/www.topcultures.com\/it\/wp-json\/wp\/v2\/pages"}],"about":[{"href":"https:\/\/www.topcultures.com\/it\/wp-json\/wp\/v2\/types\/page"}],"author":[{"embeddable":true,"href":"https:\/\/www.topcultures.com\/it\/wp-json\/wp\/v2\/users\/1"}],"replies":[{"embeddable":true,"href":"https:\/\/www.topcultures.com\/it\/wp-json\/wp\/v2\/comments?post=19199"}],"version-history":[{"count":1,"href":"https:\/\/www.topcultures.com\/it\/wp-json\/wp\/v2\/pages\/19199\/revisions"}],"predecessor-version":[{"id":28334,"href":"https:\/\/www.topcultures.com\/it\/wp-json\/wp\/v2\/pages\/19199\/revisions\/28334"}],"wp:attachment":[{"href":"https:\/\/www.topcultures.com\/it\/wp-json\/wp\/v2\/media?parent=19199"}],"curies":[{"name":"wp","href":"https:\/\/api.w.org\/{rel}","templated":true}]}}