{"id":19303,"date":"2023-02-20T17:13:01","date_gmt":"2023-02-20T17:13:01","guid":{"rendered":"https:\/\/topcultures.com\/fare-loncom\/"},"modified":"2025-01-23T17:31:19","modified_gmt":"2025-01-23T17:31:19","slug":"fare-loncom","status":"publish","type":"page","link":"https:\/\/www.topcultures.com\/it\/fare-loncom\/","title":{"rendered":"Come fare il oncom in casa"},"content":{"rendered":"<p>L&#8217;oncom \u00e8 tradizionalmente ottenuto dall&#8217;okara, il prodotto di scarto della produzione del latte di soia. La preparazione dell&#8217;oncom \u00e8 pi\u00f9 difficile di quella del tempeh, soprattutto perch\u00e9 le dimensioni delle particelle e il contenuto di umidit\u00e0 dell&#8217;okara possono variare. \u00c8 possibile preparare l&#8217;oncom a partire dai fagioli di soia interi, ma per ottenere un oncom di migliore qualit\u00e0 e un latte di soia con un sapore meno pesante \u00e8 consigliabile utilizzare fagioli di soia decorticati.<\/p>\n<p>1. Per preparare 600 g di oncom sono necessari:<\/p>\n<ul>\n<li>300 g di fagioli di soia interi (o fagioli di soia decorticati)<\/li>\n<li>3 g di <a href=\"https:\/\/www.topcultures.com\/product-category\/oncom-starters\/\">oncom starter<\/a><\/li>\n<li>4 ml di acido lattico 80%<\/li>\n<\/ul>\n<p>2. Mettere a bagno i fagioli di soia in acqua per 12 ore. Se si utilizzano i fagioli di soia interi, \u00e8 necessario dividerli con un movimento di impastamento e rimuovere la maggior parte del mallo. Se non si rimuovono le bucce, il panetto finale di oncom sar\u00e0 troppo polposo e la muffa avr\u00e0 problemi a ricevere abbastanza ossigeno.<\/p>\n<p>3. Scolate i fagioli di soia e fateli bollire in 2 litri d&#8217;acqua per 30 minuti. Mentre sono ancora caldi, lavorare i fagioli di soia nell&#8217;acqua di cottura fino a ottenere una macinatura fine. A questo punto il composto avr\u00e0 un colore lattiginoso. Separare l&#8217;okara dal latte di soia con un panno da formaggio. Rimuovere la maggior quantit\u00e0 possibile di liquido. Il liquido ottenuto \u00e8 il latte di soia e pu\u00f2 essere conservato in frigorifero per alcuni giorni.<\/p>\n<p>4. Mescolare molto bene l&#8217;okara con l&#8217;acido lattico. \u00c8 importante utilizzare l&#8217;acido lattico per evitare che l&#8217;oncom si rovini a causa di batteri indesiderati e patogeni. L&#8217;oncom \u00e8 molto pi\u00f9 soggetto al deterioramento batterico perch\u00e9 \u00e8 pi\u00f9 umido e ha una superficie maggiore rispetto al tempeh di soia tradizionale. Mettere l&#8217;okara in un piatto per microonde e riscaldare per 5 minuti a 800 W, mescolando dopo 3 minuti. Questo riscaldamento ha due funzioni: sterilizza l&#8217;okara e lo rende pi\u00f9 secco.<\/p>\n<p>5. Lasciare raffreddare l&#8217;okara al di sotto della temperatura corporea, aggiungere il oncom starter e mescolare molto bene con un cucchiaio pulito.<\/p>\n<p>6. Prendere 2 sacchetti di plastica di 18 x 28 cm e forarli a una distanza di circa 1 cm con un ago spesso ma affilato. Questo permetter\u00e0 alla muffa Rhizopus di respirare. Mettere l&#8217;okara nei due sacchetti e chiuderli. Pressate delicatamente, esercitando la minor pressione possibile per non compattare troppo l&#8217;okara e facendo in modo che lo spessore totale dei chicchi sia al massimo di 2 cm.<\/p>\n<p>7. Mettere i sacchetti in un luogo caldo con una temperatura di circa 28-32 \u00b0C (82-90 \u00b0F) per circa 24-36 ore, o fino a quando l&#8217;okara non sar\u00e0 ricoperta da un micelio bianco molto denso. \u00c8 possibile la formazione di spore nere. Cercate di mantenere la temperatura pi\u00f9 bassa man mano che il tempo passa.<\/p>\n<p>8. Quando l&#8217;oncom \u00e8 pronto, si pu\u00f2 conservare per qualche giorno in frigorifero o per qualche mese nel congelatore.<\/p>\n","protected":false},"excerpt":{"rendered":"<p>L&#8217;oncom \u00e8 tradizionalmente ottenuto dall&#8217;okara, il prodotto di scarto della produzione del latte di soia. La preparazione dell&#8217;oncom \u00e8 pi\u00f9 difficile di quella del tempeh, soprattutto perch\u00e9 le dimensioni delle particelle e il contenuto di umidit\u00e0 dell&#8217;okara possono variare. \u00c8 possibile preparare l&#8217;oncom a partire dai fagioli di soia interi, ma per ottenere un oncom [&hellip;]<\/p>\n","protected":false},"author":1,"featured_media":0,"parent":0,"menu_order":0,"comment_status":"closed","ping_status":"closed","template":"","meta":{"footnotes":""},"class_list":["post-19303","page","type-page","status-publish","hentry"],"yoast_head":"<!-- This site is optimized with the Yoast SEO plugin v27.6 - https:\/\/yoast.com\/product\/yoast-seo-wordpress\/ -->\n<title>Come fare il oncom in casa - TopCultures<\/title>\n<meta name=\"description\" content=\"Come fare l&#039;oncom. Istruzioni passo-passo per la realizzazione di oncom neri con l&#039;okara.\" \/>\n<meta name=\"robots\" content=\"index, follow, max-snippet:-1, max-image-preview:large, max-video-preview:-1\" \/>\n<link rel=\"canonical\" href=\"https:\/\/www.topcultures.com\/it\/fare-loncom\/\" \/>\n<meta property=\"og:locale\" content=\"it_IT\" \/>\n<meta property=\"og:type\" content=\"article\" \/>\n<meta property=\"og:title\" content=\"Come fare il oncom in casa - TopCultures\" \/>\n<meta property=\"og:description\" content=\"Come fare l&#039;oncom. Istruzioni passo-passo per la realizzazione di oncom neri con l&#039;okara.\" \/>\n<meta property=\"og:url\" content=\"https:\/\/www.topcultures.com\/it\/fare-loncom\/\" \/>\n<meta property=\"og:site_name\" content=\"TopCultures\" \/>\n<meta property=\"article:publisher\" content=\"https:\/\/www.facebook.com\/TopCultures-220325045442717\" \/>\n<meta property=\"article:modified_time\" content=\"2025-01-23T17:31:19+00:00\" \/>\n<meta name=\"twitter:card\" content=\"summary_large_image\" \/>\n<script type=\"application\/ld+json\" class=\"yoast-schema-graph\">{\"@context\":\"https:\\\/\\\/schema.org\",\"@graph\":[{\"@type\":\"WebPage\",\"@id\":\"https:\\\/\\\/www.topcultures.com\\\/it\\\/fare-loncom\\\/\",\"url\":\"https:\\\/\\\/www.topcultures.com\\\/it\\\/fare-loncom\\\/\",\"name\":\"Come fare il oncom in casa - TopCultures\",\"isPartOf\":{\"@id\":\"https:\\\/\\\/www.topcultures.com\\\/it\\\/#website\"},\"datePublished\":\"2023-02-20T17:13:01+00:00\",\"dateModified\":\"2025-01-23T17:31:19+00:00\",\"description\":\"Come fare l'oncom. Istruzioni passo-passo per la realizzazione di oncom neri con l'okara.\",\"breadcrumb\":{\"@id\":\"https:\\\/\\\/www.topcultures.com\\\/it\\\/fare-loncom\\\/#breadcrumb\"},\"inLanguage\":\"it-IT\",\"potentialAction\":[{\"@type\":\"ReadAction\",\"target\":[\"https:\\\/\\\/www.topcultures.com\\\/it\\\/fare-loncom\\\/\"]}]},{\"@type\":\"BreadcrumbList\",\"@id\":\"https:\\\/\\\/www.topcultures.com\\\/it\\\/fare-loncom\\\/#breadcrumb\",\"itemListElement\":[{\"@type\":\"ListItem\",\"position\":1,\"name\":\"Home\",\"item\":\"https:\\\/\\\/www.topcultures.com\\\/it\\\/\"},{\"@type\":\"ListItem\",\"position\":2,\"name\":\"Come fare il oncom in casa\"}]},{\"@type\":\"WebSite\",\"@id\":\"https:\\\/\\\/www.topcultures.com\\\/it\\\/#website\",\"url\":\"https:\\\/\\\/www.topcultures.com\\\/it\\\/\",\"name\":\"TopCultures\",\"description\":\"Producer of cultures\",\"publisher\":{\"@id\":\"https:\\\/\\\/www.topcultures.com\\\/it\\\/#organization\"},\"potentialAction\":[{\"@type\":\"SearchAction\",\"target\":{\"@type\":\"EntryPoint\",\"urlTemplate\":\"https:\\\/\\\/www.topcultures.com\\\/it\\\/?s={search_term_string}\"},\"query-input\":{\"@type\":\"PropertyValueSpecification\",\"valueRequired\":true,\"valueName\":\"search_term_string\"}}],\"inLanguage\":\"it-IT\"},{\"@type\":\"Organization\",\"@id\":\"https:\\\/\\\/www.topcultures.com\\\/it\\\/#organization\",\"name\":\"TopCultures\",\"url\":\"https:\\\/\\\/www.topcultures.com\\\/it\\\/\",\"logo\":{\"@type\":\"ImageObject\",\"inLanguage\":\"it-IT\",\"@id\":\"https:\\\/\\\/www.topcultures.com\\\/it\\\/#\\\/schema\\\/logo\\\/image\\\/\",\"url\":\"https:\\\/\\\/www.topcultures.com\\\/wp-content\\\/uploads\\\/2018\\\/10\\\/logo-2.jpg\",\"contentUrl\":\"https:\\\/\\\/www.topcultures.com\\\/wp-content\\\/uploads\\\/2018\\\/10\\\/logo-2.jpg\",\"width\":510,\"height\":98,\"caption\":\"TopCultures\"},\"image\":{\"@id\":\"https:\\\/\\\/www.topcultures.com\\\/it\\\/#\\\/schema\\\/logo\\\/image\\\/\"},\"sameAs\":[\"https:\\\/\\\/www.facebook.com\\\/TopCultures-220325045442717\"]}]}<\/script>\n<!-- \/ Yoast SEO plugin. -->","yoast_head_json":{"title":"Come fare il oncom in casa - TopCultures","description":"Come fare l'oncom. Istruzioni passo-passo per la realizzazione di oncom neri con l'okara.","robots":{"index":"index","follow":"follow","max-snippet":"max-snippet:-1","max-image-preview":"max-image-preview:large","max-video-preview":"max-video-preview:-1"},"canonical":"https:\/\/www.topcultures.com\/it\/fare-loncom\/","og_locale":"it_IT","og_type":"article","og_title":"Come fare il oncom in casa - TopCultures","og_description":"Come fare l'oncom. Istruzioni passo-passo per la realizzazione di oncom neri con l'okara.","og_url":"https:\/\/www.topcultures.com\/it\/fare-loncom\/","og_site_name":"TopCultures","article_publisher":"https:\/\/www.facebook.com\/TopCultures-220325045442717","article_modified_time":"2025-01-23T17:31:19+00:00","twitter_card":"summary_large_image","schema":{"@context":"https:\/\/schema.org","@graph":[{"@type":"WebPage","@id":"https:\/\/www.topcultures.com\/it\/fare-loncom\/","url":"https:\/\/www.topcultures.com\/it\/fare-loncom\/","name":"Come fare il oncom in casa - TopCultures","isPartOf":{"@id":"https:\/\/www.topcultures.com\/it\/#website"},"datePublished":"2023-02-20T17:13:01+00:00","dateModified":"2025-01-23T17:31:19+00:00","description":"Come fare l'oncom. Istruzioni passo-passo per la realizzazione di oncom neri con l'okara.","breadcrumb":{"@id":"https:\/\/www.topcultures.com\/it\/fare-loncom\/#breadcrumb"},"inLanguage":"it-IT","potentialAction":[{"@type":"ReadAction","target":["https:\/\/www.topcultures.com\/it\/fare-loncom\/"]}]},{"@type":"BreadcrumbList","@id":"https:\/\/www.topcultures.com\/it\/fare-loncom\/#breadcrumb","itemListElement":[{"@type":"ListItem","position":1,"name":"Home","item":"https:\/\/www.topcultures.com\/it\/"},{"@type":"ListItem","position":2,"name":"Come fare il oncom in casa"}]},{"@type":"WebSite","@id":"https:\/\/www.topcultures.com\/it\/#website","url":"https:\/\/www.topcultures.com\/it\/","name":"TopCultures","description":"Producer of cultures","publisher":{"@id":"https:\/\/www.topcultures.com\/it\/#organization"},"potentialAction":[{"@type":"SearchAction","target":{"@type":"EntryPoint","urlTemplate":"https:\/\/www.topcultures.com\/it\/?s={search_term_string}"},"query-input":{"@type":"PropertyValueSpecification","valueRequired":true,"valueName":"search_term_string"}}],"inLanguage":"it-IT"},{"@type":"Organization","@id":"https:\/\/www.topcultures.com\/it\/#organization","name":"TopCultures","url":"https:\/\/www.topcultures.com\/it\/","logo":{"@type":"ImageObject","inLanguage":"it-IT","@id":"https:\/\/www.topcultures.com\/it\/#\/schema\/logo\/image\/","url":"https:\/\/www.topcultures.com\/wp-content\/uploads\/2018\/10\/logo-2.jpg","contentUrl":"https:\/\/www.topcultures.com\/wp-content\/uploads\/2018\/10\/logo-2.jpg","width":510,"height":98,"caption":"TopCultures"},"image":{"@id":"https:\/\/www.topcultures.com\/it\/#\/schema\/logo\/image\/"},"sameAs":["https:\/\/www.facebook.com\/TopCultures-220325045442717"]}]}},"_links":{"self":[{"href":"https:\/\/www.topcultures.com\/it\/wp-json\/wp\/v2\/pages\/19303","targetHints":{"allow":["GET"]}}],"collection":[{"href":"https:\/\/www.topcultures.com\/it\/wp-json\/wp\/v2\/pages"}],"about":[{"href":"https:\/\/www.topcultures.com\/it\/wp-json\/wp\/v2\/types\/page"}],"author":[{"embeddable":true,"href":"https:\/\/www.topcultures.com\/it\/wp-json\/wp\/v2\/users\/1"}],"replies":[{"embeddable":true,"href":"https:\/\/www.topcultures.com\/it\/wp-json\/wp\/v2\/comments?post=19303"}],"version-history":[{"count":1,"href":"https:\/\/www.topcultures.com\/it\/wp-json\/wp\/v2\/pages\/19303\/revisions"}],"predecessor-version":[{"id":26672,"href":"https:\/\/www.topcultures.com\/it\/wp-json\/wp\/v2\/pages\/19303\/revisions\/26672"}],"wp:attachment":[{"href":"https:\/\/www.topcultures.com\/it\/wp-json\/wp\/v2\/media?parent=19303"}],"curies":[{"name":"wp","href":"https:\/\/api.w.org\/{rel}","templated":true}]}}