{"id":19239,"date":"2020-09-16T13:29:46","date_gmt":"2020-09-16T13:29:46","guid":{"rendered":"https:\/\/topcultures.com\/product\/oncom-starter-75g\/"},"modified":"2026-01-31T04:57:00","modified_gmt":"2026-01-31T04:57:00","slug":"oncom-starter-75g","status":"publish","type":"product","link":"https:\/\/www.topcultures.com\/it\/prodotto\/oncom-starter-75g\/","title":{"rendered":"Oncom starter 75g"},"content":{"rendered":"<p>Con 75 g di starter di oncom nero si possono produrre circa 25 kg di oncom finale. Questo starter ha una durata di conservazione di 1 anno. Ingredienti: riso, spore di rhizopus oligosporus. Adatto a vegetariani e vegani. Questo starter oncom pu\u00f2 essere utilizzato anche come <a href=\"https:\/\/www.topcultures.com\/it\/prodotto\/tempeh-starter-75g\/\">starter di tempeh senza soia<\/a> per produrre tempeh senza soia, perch\u00e9 \u00e8 privo di soia e cresce bene su substrati non a base di soia, come cereali, lenticchie, piselli e altri legumi. Pu\u00f2 produrre macchie nere dopo circa 24 ore di fermentazione, da cui il nome di starter black oncom.<\/p>\n","protected":false},"excerpt":{"rendered":"<p>Oncom Starter 75g<\/p>\n","protected":false},"featured_media":28320,"comment_status":"open","ping_status":"closed","template":"","meta":[],"product_brand":[],"product_cat":[275],"product_tag":[],"class_list":{"0":"post-19239","1":"product","2":"type-product","3":"status-publish","4":"has-post-thumbnail","6":"product_cat-oncom-starter-it","8":"first","9":"instock","10":"taxable","11":"shipping-taxable","12":"purchasable","13":"product-type-simple"},"yoast_head":"<!-- This site is optimized with the Yoast SEO plugin v27.6 - https:\/\/yoast.com\/product\/yoast-seo-wordpress\/ -->\n<title>Oncom starter<\/title>\n<meta name=\"description\" content=\"Con 75 g di starter oncom \u00e8 possibile produrre fino a 25 kg di oncom finito. Ha una durata di conservazione di 1 anno. Ingredienti: riso, spore di rizopus. Questo starter oncom pu\u00f2 essere utilizzato anche come tempeh starter senza soia. Adatto a vegetariani e vegani.\" \/>\n<meta name=\"robots\" content=\"index, follow, max-snippet:-1, max-image-preview:large, max-video-preview:-1\" \/>\n<link rel=\"canonical\" href=\"https:\/\/www.topcultures.com\/it\/prodotto\/oncom-starter-75g\/\" \/>\n<meta property=\"og:locale\" content=\"it_IT\" \/>\n<meta property=\"og:type\" content=\"article\" \/>\n<meta property=\"og:title\" content=\"Oncom starter\" \/>\n<meta property=\"og:description\" content=\"Con 75 g di starter oncom \u00e8 possibile produrre fino a 25 kg di oncom finito. Ha una durata di conservazione di 1 anno. Ingredienti: riso, spore di rizopus. Questo starter oncom pu\u00f2 essere utilizzato anche come tempeh starter senza soia. Adatto a vegetariani e vegani.\" \/>\n<meta property=\"og:url\" content=\"https:\/\/www.topcultures.com\/it\/prodotto\/oncom-starter-75g\/\" \/>\n<meta property=\"og:site_name\" content=\"TopCultures\" \/>\n<meta property=\"article:publisher\" content=\"https:\/\/www.facebook.com\/TopCultures-220325045442717\" \/>\n<meta property=\"article:modified_time\" content=\"2026-01-31T04:57:00+00:00\" \/>\n<meta property=\"og:image\" content=\"https:\/\/www.topcultures.com\/wp-content\/uploads\/oncom75.jpg\" \/>\n\t<meta property=\"og:image:width\" content=\"400\" \/>\n\t<meta property=\"og:image:height\" content=\"400\" \/>\n\t<meta property=\"og:image:type\" content=\"image\/jpeg\" \/>\n<meta name=\"twitter:card\" content=\"summary_large_image\" \/>\n<script type=\"application\/ld+json\" class=\"yoast-schema-graph\">{\"@context\":\"https:\\\/\\\/schema.org\",\"@graph\":[{\"@type\":\"WebPage\",\"@id\":\"https:\\\/\\\/www.topcultures.com\\\/it\\\/prodotto\\\/oncom-starter-75g\\\/\",\"url\":\"https:\\\/\\\/www.topcultures.com\\\/it\\\/prodotto\\\/oncom-starter-75g\\\/\",\"name\":\"Oncom starter\",\"isPartOf\":{\"@id\":\"https:\\\/\\\/www.topcultures.com\\\/it\\\/#website\"},\"primaryImageOfPage\":{\"@id\":\"https:\\\/\\\/www.topcultures.com\\\/it\\\/prodotto\\\/oncom-starter-75g\\\/#primaryimage\"},\"image\":{\"@id\":\"https:\\\/\\\/www.topcultures.com\\\/it\\\/prodotto\\\/oncom-starter-75g\\\/#primaryimage\"},\"thumbnailUrl\":\"https:\\\/\\\/www.topcultures.com\\\/wp-content\\\/uploads\\\/oncom-starter-1.webp\",\"datePublished\":\"2020-09-16T13:29:46+00:00\",\"dateModified\":\"2026-01-31T04:57:00+00:00\",\"description\":\"Con 75 g di starter oncom \u00e8 possibile produrre fino a 25 kg di oncom finito. Ha una durata di conservazione di 1 anno. Ingredienti: riso, spore di rizopus. Questo starter oncom pu\u00f2 essere utilizzato anche come tempeh starter senza soia. Adatto a vegetariani e vegani.\",\"breadcrumb\":{\"@id\":\"https:\\\/\\\/www.topcultures.com\\\/it\\\/prodotto\\\/oncom-starter-75g\\\/#breadcrumb\"},\"inLanguage\":\"it-IT\",\"potentialAction\":[{\"@type\":\"ReadAction\",\"target\":[\"https:\\\/\\\/www.topcultures.com\\\/it\\\/prodotto\\\/oncom-starter-75g\\\/\"]}]},{\"@type\":\"ImageObject\",\"inLanguage\":\"it-IT\",\"@id\":\"https:\\\/\\\/www.topcultures.com\\\/it\\\/prodotto\\\/oncom-starter-75g\\\/#primaryimage\",\"url\":\"https:\\\/\\\/www.topcultures.com\\\/wp-content\\\/uploads\\\/oncom-starter-1.webp\",\"contentUrl\":\"https:\\\/\\\/www.topcultures.com\\\/wp-content\\\/uploads\\\/oncom-starter-1.webp\",\"width\":400,\"height\":400,\"caption\":\"oncom starter\"},{\"@type\":\"BreadcrumbList\",\"@id\":\"https:\\\/\\\/www.topcultures.com\\\/it\\\/prodotto\\\/oncom-starter-75g\\\/#breadcrumb\",\"itemListElement\":[{\"@type\":\"ListItem\",\"position\":1,\"name\":\"Home\",\"item\":\"https:\\\/\\\/www.topcultures.com\\\/it\\\/\"},{\"@type\":\"ListItem\",\"position\":2,\"name\":\"Prodotti\",\"item\":\"https:\\\/\\\/www.topcultures.com\\\/it\\\/prodotti\\\/\"},{\"@type\":\"ListItem\",\"position\":3,\"name\":\"Oncom starter 75g\"}]},{\"@type\":\"WebSite\",\"@id\":\"https:\\\/\\\/www.topcultures.com\\\/it\\\/#website\",\"url\":\"https:\\\/\\\/www.topcultures.com\\\/it\\\/\",\"name\":\"TopCultures\",\"description\":\"Producer of cultures\",\"publisher\":{\"@id\":\"https:\\\/\\\/www.topcultures.com\\\/it\\\/#organization\"},\"potentialAction\":[{\"@type\":\"SearchAction\",\"target\":{\"@type\":\"EntryPoint\",\"urlTemplate\":\"https:\\\/\\\/www.topcultures.com\\\/it\\\/?s={search_term_string}\"},\"query-input\":{\"@type\":\"PropertyValueSpecification\",\"valueRequired\":true,\"valueName\":\"search_term_string\"}}],\"inLanguage\":\"it-IT\"},{\"@type\":\"Organization\",\"@id\":\"https:\\\/\\\/www.topcultures.com\\\/it\\\/#organization\",\"name\":\"TopCultures\",\"url\":\"https:\\\/\\\/www.topcultures.com\\\/it\\\/\",\"logo\":{\"@type\":\"ImageObject\",\"inLanguage\":\"it-IT\",\"@id\":\"https:\\\/\\\/www.topcultures.com\\\/it\\\/#\\\/schema\\\/logo\\\/image\\\/\",\"url\":\"https:\\\/\\\/www.topcultures.com\\\/wp-content\\\/uploads\\\/2018\\\/10\\\/logo-2.jpg\",\"contentUrl\":\"https:\\\/\\\/www.topcultures.com\\\/wp-content\\\/uploads\\\/2018\\\/10\\\/logo-2.jpg\",\"width\":510,\"height\":98,\"caption\":\"TopCultures\"},\"image\":{\"@id\":\"https:\\\/\\\/www.topcultures.com\\\/it\\\/#\\\/schema\\\/logo\\\/image\\\/\"},\"sameAs\":[\"https:\\\/\\\/www.facebook.com\\\/TopCultures-220325045442717\"]}]}<\/script>\n<!-- \/ Yoast SEO plugin. -->","yoast_head_json":{"title":"Oncom starter","description":"Con 75 g di starter oncom \u00e8 possibile produrre fino a 25 kg di oncom finito. Ha una durata di conservazione di 1 anno. Ingredienti: riso, spore di rizopus. Questo starter oncom pu\u00f2 essere utilizzato anche come tempeh starter senza soia. Adatto a vegetariani e vegani.","robots":{"index":"index","follow":"follow","max-snippet":"max-snippet:-1","max-image-preview":"max-image-preview:large","max-video-preview":"max-video-preview:-1"},"canonical":"https:\/\/www.topcultures.com\/it\/prodotto\/oncom-starter-75g\/","og_locale":"it_IT","og_type":"article","og_title":"Oncom starter","og_description":"Con 75 g di starter oncom \u00e8 possibile produrre fino a 25 kg di oncom finito. Ha una durata di conservazione di 1 anno. Ingredienti: riso, spore di rizopus. Questo starter oncom pu\u00f2 essere utilizzato anche come tempeh starter senza soia. Adatto a vegetariani e vegani.","og_url":"https:\/\/www.topcultures.com\/it\/prodotto\/oncom-starter-75g\/","og_site_name":"TopCultures","article_publisher":"https:\/\/www.facebook.com\/TopCultures-220325045442717","article_modified_time":"2026-01-31T04:57:00+00:00","og_image":[{"width":400,"height":400,"url":"https:\/\/www.topcultures.com\/wp-content\/uploads\/oncom75.jpg","type":"image\/jpeg"}],"twitter_card":"summary_large_image","schema":{"@context":"https:\/\/schema.org","@graph":[{"@type":"WebPage","@id":"https:\/\/www.topcultures.com\/it\/prodotto\/oncom-starter-75g\/","url":"https:\/\/www.topcultures.com\/it\/prodotto\/oncom-starter-75g\/","name":"Oncom starter","isPartOf":{"@id":"https:\/\/www.topcultures.com\/it\/#website"},"primaryImageOfPage":{"@id":"https:\/\/www.topcultures.com\/it\/prodotto\/oncom-starter-75g\/#primaryimage"},"image":{"@id":"https:\/\/www.topcultures.com\/it\/prodotto\/oncom-starter-75g\/#primaryimage"},"thumbnailUrl":"https:\/\/www.topcultures.com\/wp-content\/uploads\/oncom-starter-1.webp","datePublished":"2020-09-16T13:29:46+00:00","dateModified":"2026-01-31T04:57:00+00:00","description":"Con 75 g di starter oncom \u00e8 possibile produrre fino a 25 kg di oncom finito. Ha una durata di conservazione di 1 anno. Ingredienti: riso, spore di rizopus. Questo starter oncom pu\u00f2 essere utilizzato anche come tempeh starter senza soia. Adatto a vegetariani e vegani.","breadcrumb":{"@id":"https:\/\/www.topcultures.com\/it\/prodotto\/oncom-starter-75g\/#breadcrumb"},"inLanguage":"it-IT","potentialAction":[{"@type":"ReadAction","target":["https:\/\/www.topcultures.com\/it\/prodotto\/oncom-starter-75g\/"]}]},{"@type":"ImageObject","inLanguage":"it-IT","@id":"https:\/\/www.topcultures.com\/it\/prodotto\/oncom-starter-75g\/#primaryimage","url":"https:\/\/www.topcultures.com\/wp-content\/uploads\/oncom-starter-1.webp","contentUrl":"https:\/\/www.topcultures.com\/wp-content\/uploads\/oncom-starter-1.webp","width":400,"height":400,"caption":"oncom starter"},{"@type":"BreadcrumbList","@id":"https:\/\/www.topcultures.com\/it\/prodotto\/oncom-starter-75g\/#breadcrumb","itemListElement":[{"@type":"ListItem","position":1,"name":"Home","item":"https:\/\/www.topcultures.com\/it\/"},{"@type":"ListItem","position":2,"name":"Prodotti","item":"https:\/\/www.topcultures.com\/it\/prodotti\/"},{"@type":"ListItem","position":3,"name":"Oncom starter 75g"}]},{"@type":"WebSite","@id":"https:\/\/www.topcultures.com\/it\/#website","url":"https:\/\/www.topcultures.com\/it\/","name":"TopCultures","description":"Producer of cultures","publisher":{"@id":"https:\/\/www.topcultures.com\/it\/#organization"},"potentialAction":[{"@type":"SearchAction","target":{"@type":"EntryPoint","urlTemplate":"https:\/\/www.topcultures.com\/it\/?s={search_term_string}"},"query-input":{"@type":"PropertyValueSpecification","valueRequired":true,"valueName":"search_term_string"}}],"inLanguage":"it-IT"},{"@type":"Organization","@id":"https:\/\/www.topcultures.com\/it\/#organization","name":"TopCultures","url":"https:\/\/www.topcultures.com\/it\/","logo":{"@type":"ImageObject","inLanguage":"it-IT","@id":"https:\/\/www.topcultures.com\/it\/#\/schema\/logo\/image\/","url":"https:\/\/www.topcultures.com\/wp-content\/uploads\/2018\/10\/logo-2.jpg","contentUrl":"https:\/\/www.topcultures.com\/wp-content\/uploads\/2018\/10\/logo-2.jpg","width":510,"height":98,"caption":"TopCultures"},"image":{"@id":"https:\/\/www.topcultures.com\/it\/#\/schema\/logo\/image\/"},"sameAs":["https:\/\/www.facebook.com\/TopCultures-220325045442717"]}]}},"_links":{"self":[{"href":"https:\/\/www.topcultures.com\/it\/wp-json\/wp\/v2\/product\/19239","targetHints":{"allow":["GET"]}}],"collection":[{"href":"https:\/\/www.topcultures.com\/it\/wp-json\/wp\/v2\/product"}],"about":[{"href":"https:\/\/www.topcultures.com\/it\/wp-json\/wp\/v2\/types\/product"}],"replies":[{"embeddable":true,"href":"https:\/\/www.topcultures.com\/it\/wp-json\/wp\/v2\/comments?post=19239"}],"wp:featuredmedia":[{"embeddable":true,"href":"https:\/\/www.topcultures.com\/it\/wp-json\/wp\/v2\/media\/28320"}],"wp:attachment":[{"href":"https:\/\/www.topcultures.com\/it\/wp-json\/wp\/v2\/media?parent=19239"}],"wp:term":[{"taxonomy":"product_brand","embeddable":true,"href":"https:\/\/www.topcultures.com\/it\/wp-json\/wp\/v2\/product_brand?post=19239"},{"taxonomy":"product_cat","embeddable":true,"href":"https:\/\/www.topcultures.com\/it\/wp-json\/wp\/v2\/product_cat?post=19239"},{"taxonomy":"product_tag","embeddable":true,"href":"https:\/\/www.topcultures.com\/it\/wp-json\/wp\/v2\/product_tag?post=19239"}],"curies":[{"name":"wp","href":"https:\/\/api.w.org\/{rel}","templated":true}]}}